{"id":9369,"date":"2023-05-29T17:29:11","date_gmt":"2023-05-29T15:29:11","guid":{"rendered":"https:\/\/iumotril.org\/sitio\/?page_id=9369"},"modified":"2023-05-29T17:49:11","modified_gmt":"2023-05-29T15:49:11","slug":"resultados-28-mayo-2023","status":"publish","type":"page","link":"https:\/\/iumotril.org\/sitio\/resultados-28-mayo-2023\/","title":{"rendered":"Resultados 28 mayo 2023"},"content":{"rendered":"<p><img loading=\"lazy\" decoding=\"async\" data-attachment-id=\"9372\" data-permalink=\"https:\/\/iumotril.org\/sitio\/resultados-28-mayo-2023\/captura-de-pantalla-2023-05-29-a-las-17-32-01\/\" data-orig-file=\"https:\/\/iumotril.org\/sitio\/wp-content\/uploads\/2023\/05\/Captura-de-pantalla-2023-05-29-a-las-17.32.01.png\" data-orig-size=\"657,268\" data-comments-opened=\"1\" data-image-meta=\"{&quot;aperture&quot;:&quot;0&quot;,&quot;credit&quot;:&quot;&quot;,&quot;camera&quot;:&quot;&quot;,&quot;caption&quot;:&quot;&quot;,&quot;created_timestamp&quot;:&quot;0&quot;,&quot;copyright&quot;:&quot;&quot;,&quot;focal_length&quot;:&quot;0&quot;,&quot;iso&quot;:&quot;0&quot;,&quot;shutter_speed&quot;:&quot;0&quot;,&quot;title&quot;:&quot;&quot;,&quot;orientation&quot;:&quot;0&quot;}\" data-image-title=\"Captura de pantalla 2023-05-29 a las 17.32.01\" data-image-description=\"\" data-image-caption=\"\" data-large-file=\"https:\/\/iumotril.org\/sitio\/wp-content\/uploads\/2023\/05\/Captura-de-pantalla-2023-05-29-a-las-17.32.01.png\" class=\"aligncenter wp-image-9372 size-full\" src=\"https:\/\/iumotril.org\/sitio\/wp-content\/uploads\/2023\/05\/Captura-de-pantalla-2023-05-29-a-las-17.32.01.png\" alt=\"\" width=\"657\" height=\"268\" srcset=\"https:\/\/iumotril.org\/sitio\/wp-content\/uploads\/2023\/05\/Captura-de-pantalla-2023-05-29-a-las-17.32.01.png 657w, https:\/\/iumotril.org\/sitio\/wp-content\/uploads\/2023\/05\/Captura-de-pantalla-2023-05-29-a-las-17.32.01-300x122.png 300w\" sizes=\"auto, (max-width: 657px) 100vw, 657px\" \/><\/p>\n<p>&nbsp;<\/p>\n<p>&nbsp;<\/p>\n<p><img loading=\"lazy\" decoding=\"async\" data-attachment-id=\"9373\" data-permalink=\"https:\/\/iumotril.org\/sitio\/resultados-28-mayo-2023\/captura-de-pantalla-2023-05-29-a-las-17-32-35\/\" data-orig-file=\"https:\/\/iumotril.org\/sitio\/wp-content\/uploads\/2023\/05\/Captura-de-pantalla-2023-05-29-a-las-17.32.35.png\" data-orig-size=\"700,800\" data-comments-opened=\"1\" data-image-meta=\"{&quot;aperture&quot;:&quot;0&quot;,&quot;credit&quot;:&quot;&quot;,&quot;camera&quot;:&quot;&quot;,&quot;caption&quot;:&quot;&quot;,&quot;created_timestamp&quot;:&quot;0&quot;,&quot;copyright&quot;:&quot;&quot;,&quot;focal_length&quot;:&quot;0&quot;,&quot;iso&quot;:&quot;0&quot;,&quot;shutter_speed&quot;:&quot;0&quot;,&quot;title&quot;:&quot;&quot;,&quot;orientation&quot;:&quot;0&quot;}\" data-image-title=\"Captura de pantalla 2023-05-29 a las 17.32.35\" data-image-description=\"\" data-image-caption=\"\" data-large-file=\"https:\/\/iumotril.org\/sitio\/wp-content\/uploads\/2023\/05\/Captura-de-pantalla-2023-05-29-a-las-17.32.35.png\" class=\"wp-image-9373 size-full aligncenter\" src=\"https:\/\/iumotril.org\/sitio\/wp-content\/uploads\/2023\/05\/Captura-de-pantalla-2023-05-29-a-las-17.32.35.png\" alt=\"\" width=\"700\" height=\"800\" srcset=\"https:\/\/iumotril.org\/sitio\/wp-content\/uploads\/2023\/05\/Captura-de-pantalla-2023-05-29-a-las-17.32.35.png 700w, https:\/\/iumotril.org\/sitio\/wp-content\/uploads\/2023\/05\/Captura-de-pantalla-2023-05-29-a-las-17.32.35-263x300.png 263w\" sizes=\"auto, (max-width: 700px) 100vw, 700px\" \/><\/p>\n<p>&nbsp;<\/p>\n<p style=\"text-align: left;\"><img loading=\"lazy\" decoding=\"async\" data-attachment-id=\"9376\" data-permalink=\"https:\/\/iumotril.org\/sitio\/resultados-28-mayo-2023\/captura-de-pantalla-2023-05-29-a-las-13-23-54\/\" data-orig-file=\"https:\/\/iumotril.org\/sitio\/wp-content\/uploads\/2023\/05\/Captura-de-pantalla-2023-05-29-a-las-13.23.54.png\" data-orig-size=\"657,347\" data-comments-opened=\"1\" data-image-meta=\"{&quot;aperture&quot;:&quot;0&quot;,&quot;credit&quot;:&quot;&quot;,&quot;camera&quot;:&quot;&quot;,&quot;caption&quot;:&quot;&quot;,&quot;created_timestamp&quot;:&quot;0&quot;,&quot;copyright&quot;:&quot;&quot;,&quot;focal_length&quot;:&quot;0&quot;,&quot;iso&quot;:&quot;0&quot;,&quot;shutter_speed&quot;:&quot;0&quot;,&quot;title&quot;:&quot;&quot;,&quot;orientation&quot;:&quot;0&quot;}\" data-image-title=\"Captura de pantalla 2023-05-29 a las 13.23.54\" data-image-description=\"\" data-image-caption=\"\" data-large-file=\"https:\/\/iumotril.org\/sitio\/wp-content\/uploads\/2023\/05\/Captura-de-pantalla-2023-05-29-a-las-13.23.54.png\" class=\"aligncenter wp-image-9376 size-full\" src=\"https:\/\/iumotril.org\/sitio\/wp-content\/uploads\/2023\/05\/Captura-de-pantalla-2023-05-29-a-las-13.23.54.png\" alt=\"\" width=\"657\" height=\"347\" srcset=\"https:\/\/iumotril.org\/sitio\/wp-content\/uploads\/2023\/05\/Captura-de-pantalla-2023-05-29-a-las-13.23.54.png 657w, https:\/\/iumotril.org\/sitio\/wp-content\/uploads\/2023\/05\/Captura-de-pantalla-2023-05-29-a-las-13.23.54-300x158.png 300w\" sizes=\"auto, (max-width: 657px) 100vw, 657px\" \/><\/p>\n<p>&nbsp;<\/p>\n<p>&nbsp;<\/p>\n<p>&nbsp;<\/p>\n<p>&nbsp;<\/p>\n","protected":false},"excerpt":{"rendered":"<p>&nbsp; &nbsp; &nbsp; &nbsp; &nbsp; &nbsp; &nbsp;<\/p>\n","protected":false},"author":1,"featured_media":0,"parent":0,"menu_order":0,"comment_status":"closed","ping_status":"closed","template":"","meta":{"cybocfi_hide_featured_image":"","footnotes":""},"class_list":["post-9369","page","type-page","status-publish","hentry"],"jetpack_sharing_enabled":true,"jetpack_shortlink":"https:\/\/wp.me\/P4QsU5-2r7","jetpack-related-posts":[{"id":2812,"url":"https:\/\/iumotril.org\/sitio\/plenos-municipales-en-tv\/","url_meta":{"origin":9369,"position":0},"title":"Plenos Municipales en TV","author":"Izquierda Unida Motril","date":"17 abril, 2017","format":false,"excerpt":"2025 Pleno municipal 18 noviembre \u00a0 https:\/\/youtu.be\/AvelQ2kAeq4?si=xK7xIIwLqOv7Jj-O Pleno municipal 26 de septiembre https:\/\/youtu.be\/x7HUuv348vI?si=j70iby-EW-OOxrsy Pleno municipal 25 de julio https:\/\/youtu.be\/ArZ1aS7u3KY?si=FZQxnNAy8QpMJXgs Pleno municipal 27 de junio https:\/\/youtu.be\/zaFxzLsHAqQ?si=ua51WwB3sb6Fiyw5 Pleno municipal 13 de mayo \u00a0(extraordinario) https:\/\/youtu.be\/omAqwozJqXA?si=WRb7DC7QW0gJJ_f7 Pleno municipal 25 abril https:\/\/youtu.be\/lhe5TuKzhfM?si=6T4ftk5hcFyUcJ0j Pleno municipal 28 de marzo https:\/\/youtu.be\/qC0IWFpbjmo?si=04OQ6LLyrqJ5Skg4 Pleno municipal 26 de febrero https:\/\/youtu.be\/HmO6UiPMppk?si=m-Kk4A_XrzKpj5Yz Pleno\u2026","rel":"","context":"Entrada similar","block_context":{"text":"Entrada similar","link":""},"img":{"alt_text":"","src":"https:\/\/i0.wp.com\/iumotril.org\/sitio\/wp-content\/uploads\/2023\/04\/Logo-IU-Equo-Para-la-gente.001.jpeg?resize=350%2C200&ssl=1","width":350,"height":200,"srcset":"https:\/\/i0.wp.com\/iumotril.org\/sitio\/wp-content\/uploads\/2023\/04\/Logo-IU-Equo-Para-la-gente.001.jpeg?resize=350%2C200&ssl=1 1x, https:\/\/i0.wp.com\/iumotril.org\/sitio\/wp-content\/uploads\/2023\/04\/Logo-IU-Equo-Para-la-gente.001.jpeg?resize=525%2C300&ssl=1 1.5x, https:\/\/i0.wp.com\/iumotril.org\/sitio\/wp-content\/uploads\/2023\/04\/Logo-IU-Equo-Para-la-gente.001.jpeg?resize=700%2C400&ssl=1 2x"},"classes":[]},{"id":1221,"url":"https:\/\/iumotril.org\/sitio\/mociones-presentadas-2\/","url_meta":{"origin":9369,"position":1},"title":"Mociones presentadas","author":"Izquierda Unida Motril","date":"10 agosto, 2015","format":false,"excerpt":"Concejalas IU Verdes Equo: Inma Omiste (portavoz) y Ana Herrera En esta p\u00e1gina se pueden consultar las mociones presentadas por el Grupo Municipal de Izquierda Unida-Equo en los diferentes Plenos municipales MOCIONES GRUPO MUNICIPAL IU- VERDES EQUO \u00a0 \u00a0 MOCI\u00d3N PLENO TEXTO VOTACI\u00d3N Moci\u00f3n en Defensa de la Educaci\u00f3n P\u00fablica\u2026","rel":"","context":"Con 7 comentarios","block_context":{"text":"Con 7 comentarios","link":"https:\/\/iumotril.org\/sitio\/mociones-presentadas-2\/#comments"},"img":{"alt_text":"","src":"https:\/\/i0.wp.com\/iumotril.org\/sitio\/wp-content\/uploads\/2019\/06\/Inma-Investidura-1024x682.jpg?resize=350%2C200","width":350,"height":200},"classes":[]},{"id":1108,"url":"https:\/\/iumotril.org\/sitio\/resultados-municipales-2015\/","url_meta":{"origin":9369,"position":2},"title":"Resultados Municipales 2015","author":"Izquierda Unida Motril","date":"21 julio, 2015","format":false,"excerpt":"\u00a0 Resultados por distritos. Motril Relaci\u00f3n de Concejales elegidos Resultados 2015. Total Espa\u00f1a \u00a0","rel":"","context":"Entrada similar","block_context":{"text":"Entrada similar","link":""},"img":{"alt_text":"","src":"","width":0,"height":0},"classes":[]},{"id":5127,"url":"https:\/\/iumotril.org\/sitio\/resultados-municipales-2019\/","url_meta":{"origin":9369,"position":3},"title":"Resultados Municipales 2019","author":"Izquierda Unida Motril","date":"28 mayo, 2019","format":false,"excerpt":"RESULTADOS DEFINITIVOS \u00a0y POR MESAS ELECTORALES \u00a0 RESULTADOS POR MESAS ELECTORALES Mesas electorales. Motril \u00a0 \u00a0","rel":"","context":"Entrada similar","block_context":{"text":"Entrada similar","link":""},"img":{"alt_text":"","src":"https:\/\/i0.wp.com\/iumotril.org\/sitio\/wp-content\/uploads\/2019\/07\/Resultados-totales-definitivos.png?resize=350%2C200","width":350,"height":200,"srcset":"https:\/\/i0.wp.com\/iumotril.org\/sitio\/wp-content\/uploads\/2019\/07\/Resultados-totales-definitivos.png?resize=350%2C200 1x, https:\/\/i0.wp.com\/iumotril.org\/sitio\/wp-content\/uploads\/2019\/07\/Resultados-totales-definitivos.png?resize=525%2C300 1.5x, https:\/\/i0.wp.com\/iumotril.org\/sitio\/wp-content\/uploads\/2019\/07\/Resultados-totales-definitivos.png?resize=700%2C400 2x"},"classes":[]},{"id":1101,"url":"https:\/\/iumotril.org\/sitio\/municipales-2015-resultados\/","url_meta":{"origin":9369,"position":4},"title":"Municipales 2015. Resultados","author":"Izquierda Unida Motril","date":"21 julio, 2015","format":false,"excerpt":"Resultados elecciones municipales. Ministerio Interior.","rel":"","context":"Entrada similar","block_context":{"text":"Entrada similar","link":""},"img":{"alt_text":"","src":"","width":0,"height":0},"classes":[]},{"id":4264,"url":"https:\/\/iumotril.org\/sitio\/resultado-elecciones-andalucia-2018\/","url_meta":{"origin":9369,"position":5},"title":"Elecciones Andaluc\u00eda 2018","author":"Izquierda Unida Motril","date":"11 diciembre, 2018","format":false,"excerpt":"- Resultados electorales ANDALUC\u00cdA - Resultados electorales MOTRIL -Los resultados electorales calle a calle. MOTRIL","rel":"","context":"Entrada similar","block_context":{"text":"Entrada similar","link":""},"img":{"alt_text":"","src":"https:\/\/i0.wp.com\/iumotril.org\/sitio\/wp-content\/uploads\/2018\/12\/logo-elecciones-andalucia.png?resize=350%2C200","width":350,"height":200},"classes":[]}],"jetpack_likes_enabled":true,"_links":{"self":[{"href":"https:\/\/iumotril.org\/sitio\/wp-json\/wp\/v2\/pages\/9369","targetHints":{"allow":["GET"]}}],"collection":[{"href":"https:\/\/iumotril.org\/sitio\/wp-json\/wp\/v2\/pages"}],"about":[{"href":"https:\/\/iumotril.org\/sitio\/wp-json\/wp\/v2\/types\/page"}],"author":[{"embeddable":true,"href":"https:\/\/iumotril.org\/sitio\/wp-json\/wp\/v2\/users\/1"}],"replies":[{"embeddable":true,"href":"https:\/\/iumotril.org\/sitio\/wp-json\/wp\/v2\/comments?post=9369"}],"version-history":[{"count":5,"href":"https:\/\/iumotril.org\/sitio\/wp-json\/wp\/v2\/pages\/9369\/revisions"}],"predecessor-version":[{"id":9378,"href":"https:\/\/iumotril.org\/sitio\/wp-json\/wp\/v2\/pages\/9369\/revisions\/9378"}],"wp:attachment":[{"href":"https:\/\/iumotril.org\/sitio\/wp-json\/wp\/v2\/media?parent=9369"}],"curies":[{"name":"wp","href":"https:\/\/api.w.org\/{rel}","templated":true}]}}