{"id":9116,"date":"2023-04-29T20:36:07","date_gmt":"2023-04-29T18:36:07","guid":{"rendered":"https:\/\/iumotril.org\/sitio\/?page_id=9116"},"modified":"2023-05-24T11:53:32","modified_gmt":"2023-05-24T09:53:32","slug":"campana","status":"publish","type":"page","link":"https:\/\/iumotril.org\/sitio\/campana\/","title":{"rendered":"Campa\u00f1a electoral"},"content":{"rendered":"<h3><span style=\"color: #993300;\">V\u00cdDEO DE CAMPA\u00d1A. CUIDAMOS MOTRIL PARA UNA VIDA MEJOR<\/span><\/h3>\n<div class=\"jetpack-video-wrapper\"><span class=\"embed-youtube\" style=\"text-align:center; display: block;\"><iframe loading=\"lazy\" class=\"youtube-player\" width=\"640\" height=\"360\" src=\"https:\/\/www.youtube.com\/embed\/dwOO8zkMZo8?version=3&#038;rel=1&#038;showsearch=0&#038;showinfo=1&#038;iv_load_policy=1&#038;fs=1&#038;hl=es-ES&#038;autohide=2&#038;wmode=transparent\" allowfullscreen=\"true\" style=\"border:0;\" sandbox=\"allow-scripts allow-same-origin allow-popups allow-presentation allow-popups-to-escape-sandbox\"><\/iframe><\/span><\/div>\n<h3><span style=\"color: #993300;\">SPOT DE CAMPA\u00d1A. 30 seg.<\/span><\/h3>\n<div class=\"jetpack-video-wrapper\"><span class=\"embed-youtube\" style=\"text-align:center; display: block;\"><iframe loading=\"lazy\" class=\"youtube-player\" width=\"640\" height=\"360\" src=\"https:\/\/www.youtube.com\/embed\/EOk4irMnQPc?version=3&#038;rel=1&#038;showsearch=0&#038;showinfo=1&#038;iv_load_policy=1&#038;fs=1&#038;hl=es-ES&#038;autohide=2&#038;wmode=transparent\" allowfullscreen=\"true\" style=\"border:0;\" sandbox=\"allow-scripts allow-same-origin allow-popups allow-presentation allow-popups-to-escape-sandbox\"><\/iframe><\/span><\/div>\n<h3><span style=\"color: #993300;\">CU\u00d1A DE RADIO 30 Seg.<\/span><\/h3>\n<p>&nbsp;<\/p>\n<audio class=\"wp-audio-shortcode\" id=\"audio-9116-1\" preload=\"none\" style=\"width: 100%;\" controls=\"controls\"><source type=\"audio\/mpeg\" src=\"https:\/\/iumotril.org\/sitio\/wp-content\/uploads\/2023\/05\/2023_IUMOTRIL_ELECCIONES-MUNICIPALES_AUDIO.mp3?_=1\" \/><a href=\"https:\/\/iumotril.org\/sitio\/wp-content\/uploads\/2023\/05\/2023_IUMOTRIL_ELECCIONES-MUNICIPALES_AUDIO.mp3\">https:\/\/iumotril.org\/sitio\/wp-content\/uploads\/2023\/05\/2023_IUMOTRIL_ELECCIONES-MUNICIPALES_AUDIO.mp3<\/a><\/audio>\n<p>&nbsp;<\/p>\n<h3><span style=\"color: #993300;\">Entrevista en Telemotril a Inma Omiste (lunes, 22 de mayo)<\/span><\/h3>\n<div class=\"jetpack-video-wrapper\"><span class=\"embed-youtube\" style=\"text-align:center; display: block;\"><iframe loading=\"lazy\" class=\"youtube-player\" width=\"640\" height=\"360\" src=\"https:\/\/www.youtube.com\/embed\/TRc4hxSX0Xo?version=3&#038;rel=1&#038;showsearch=0&#038;showinfo=1&#038;iv_load_policy=1&#038;fs=1&#038;hl=es-ES&#038;autohide=2&#038;wmode=transparent\" allowfullscreen=\"true\" style=\"border:0;\" sandbox=\"allow-scripts allow-same-origin allow-popups allow-presentation allow-popups-to-escape-sandbox\"><\/iframe><\/span><\/div>\n<p>&nbsp;<\/p>\n<div style=\"width: 640px;\" class=\"wp-video\"><video class=\"wp-video-shortcode\" id=\"video-9116-1\" width=\"640\" height=\"640\" preload=\"metadata\" controls=\"controls\"><source type=\"video\/mp4\" src=\"https:\/\/iumotril.org\/sitio\/wp-content\/uploads\/2023\/05\/Pildora-candidatura.mp4?_=1\" \/><a href=\"https:\/\/iumotril.org\/sitio\/wp-content\/uploads\/2023\/05\/Pildora-candidatura.mp4\">https:\/\/iumotril.org\/sitio\/wp-content\/uploads\/2023\/05\/Pildora-candidatura.mp4<\/a><\/video><\/div>\n<p>&nbsp;<\/p>\n<table style=\"border-collapse: collapse; width: 100%;\">\n<tbody>\n<tr>\n<td style=\"width: 33.3333%;\"><img loading=\"lazy\" decoding=\"async\" data-attachment-id=\"9234\" data-permalink=\"https:\/\/iumotril.org\/sitio\/campana\/inicio-campana\/\" data-orig-file=\"https:\/\/iumotril.org\/sitio\/wp-content\/uploads\/2023\/05\/Inicio-campana-scaled.jpg\" data-orig-size=\"2560,1732\" data-comments-opened=\"1\" data-image-meta=\"{&quot;aperture&quot;:&quot;5.6&quot;,&quot;credit&quot;:&quot;&quot;,&quot;camera&quot;:&quot;Canon EOS 600D&quot;,&quot;caption&quot;:&quot;&quot;,&quot;created_timestamp&quot;:&quot;1683840477&quot;,&quot;copyright&quot;:&quot;Ana Ache Mapache&quot;,&quot;focal_length&quot;:&quot;18&quot;,&quot;iso&quot;:&quot;1250&quot;,&quot;shutter_speed&quot;:&quot;0.016666666666667&quot;,&quot;title&quot;:&quot;&quot;,&quot;orientation&quot;:&quot;1&quot;}\" data-image-title=\"Inicio campan\u0303a\" data-image-description=\"\" data-image-caption=\"\" data-large-file=\"https:\/\/iumotril.org\/sitio\/wp-content\/uploads\/2023\/05\/Inicio-campana-1024x693.jpg\" class=\"wp-image-9234 alignnone\" src=\"https:\/\/iumotril.org\/sitio\/wp-content\/uploads\/2023\/05\/Inicio-campana-300x203.jpg\" alt=\"\" width=\"519\" height=\"351\" srcset=\"https:\/\/iumotril.org\/sitio\/wp-content\/uploads\/2023\/05\/Inicio-campana-300x203.jpg 300w, https:\/\/iumotril.org\/sitio\/wp-content\/uploads\/2023\/05\/Inicio-campana-1024x693.jpg 1024w, https:\/\/iumotril.org\/sitio\/wp-content\/uploads\/2023\/05\/Inicio-campana-768x520.jpg 768w, https:\/\/iumotril.org\/sitio\/wp-content\/uploads\/2023\/05\/Inicio-campana-1536x1039.jpg 1536w, https:\/\/iumotril.org\/sitio\/wp-content\/uploads\/2023\/05\/Inicio-campana-2048x1386.jpg 2048w\" sizes=\"auto, (max-width: 519px) 100vw, 519px\" \/><\/td>\n<td style=\"width: 33.3333%;\"><img loading=\"lazy\" decoding=\"async\" data-attachment-id=\"9210\" data-permalink=\"https:\/\/iumotril.org\/sitio\/elecciones-municipales-2023\/536d18df-8b91-4404-93c9-e39dee902232\/\" data-orig-file=\"https:\/\/iumotril.org\/sitio\/wp-content\/uploads\/2023\/05\/536d18df-8b91-4404-93c9-e39dee902232.jpg\" data-orig-size=\"1080,1080\" data-comments-opened=\"1\" data-image-meta=\"{&quot;aperture&quot;:&quot;0&quot;,&quot;credit&quot;:&quot;&quot;,&quot;camera&quot;:&quot;&quot;,&quot;caption&quot;:&quot;&quot;,&quot;created_timestamp&quot;:&quot;0&quot;,&quot;copyright&quot;:&quot;&quot;,&quot;focal_length&quot;:&quot;0&quot;,&quot;iso&quot;:&quot;0&quot;,&quot;shutter_speed&quot;:&quot;0&quot;,&quot;title&quot;:&quot;&quot;,&quot;orientation&quot;:&quot;0&quot;}\" data-image-title=\"536d18df-8b91-4404-93c9-e39dee902232\" data-image-description=\"\" data-image-caption=\"\" data-large-file=\"https:\/\/iumotril.org\/sitio\/wp-content\/uploads\/2023\/05\/536d18df-8b91-4404-93c9-e39dee902232-1024x1024.jpg\" class=\"wp-image-9210 aligncenter\" src=\"https:\/\/iumotril.org\/sitio\/wp-content\/uploads\/2023\/05\/536d18df-8b91-4404-93c9-e39dee902232-300x300.jpg\" alt=\"\" width=\"380\" height=\"380\" srcset=\"https:\/\/iumotril.org\/sitio\/wp-content\/uploads\/2023\/05\/536d18df-8b91-4404-93c9-e39dee902232-300x300.jpg 300w, https:\/\/iumotril.org\/sitio\/wp-content\/uploads\/2023\/05\/536d18df-8b91-4404-93c9-e39dee902232-1024x1024.jpg 1024w, https:\/\/iumotril.org\/sitio\/wp-content\/uploads\/2023\/05\/536d18df-8b91-4404-93c9-e39dee902232-176x176.jpg 176w, https:\/\/iumotril.org\/sitio\/wp-content\/uploads\/2023\/05\/536d18df-8b91-4404-93c9-e39dee902232-768x768.jpg 768w, https:\/\/iumotril.org\/sitio\/wp-content\/uploads\/2023\/05\/536d18df-8b91-4404-93c9-e39dee902232.jpg 1080w\" sizes=\"auto, (max-width: 380px) 100vw, 380px\" \/><\/td>\n<td style=\"width: 33.3333%;\"><img loading=\"lazy\" decoding=\"async\" data-attachment-id=\"9164\" data-permalink=\"https:\/\/iumotril.org\/sitio\/comprometidos-contigo\/captura-de-pantalla-2023-05-04-a-las-20-04-58\/\" data-orig-file=\"https:\/\/iumotril.org\/sitio\/wp-content\/uploads\/2023\/05\/Captura-de-pantalla-2023-05-04-a-las-20.04.58.png\" data-orig-size=\"747,1005\" data-comments-opened=\"1\" data-image-meta=\"{&quot;aperture&quot;:&quot;0&quot;,&quot;credit&quot;:&quot;&quot;,&quot;camera&quot;:&quot;&quot;,&quot;caption&quot;:&quot;&quot;,&quot;created_timestamp&quot;:&quot;0&quot;,&quot;copyright&quot;:&quot;&quot;,&quot;focal_length&quot;:&quot;0&quot;,&quot;iso&quot;:&quot;0&quot;,&quot;shutter_speed&quot;:&quot;0&quot;,&quot;title&quot;:&quot;&quot;,&quot;orientation&quot;:&quot;0&quot;}\" data-image-title=\"Captura de pantalla 2023-05-04 a las 20.04.58\" data-image-description=\"\" data-image-caption=\"\" data-large-file=\"https:\/\/iumotril.org\/sitio\/wp-content\/uploads\/2023\/05\/Captura-de-pantalla-2023-05-04-a-las-20.04.58.png\" class=\"wp-image-9164 aligncenter\" src=\"https:\/\/iumotril.org\/sitio\/wp-content\/uploads\/2023\/05\/Captura-de-pantalla-2023-05-04-a-las-20.04.58-223x300.png\" alt=\"\" width=\"290\" height=\"390\" srcset=\"https:\/\/iumotril.org\/sitio\/wp-content\/uploads\/2023\/05\/Captura-de-pantalla-2023-05-04-a-las-20.04.58-223x300.png 223w, https:\/\/iumotril.org\/sitio\/wp-content\/uploads\/2023\/05\/Captura-de-pantalla-2023-05-04-a-las-20.04.58.png 747w\" sizes=\"auto, (max-width: 290px) 100vw, 290px\" \/><\/td>\n<\/tr>\n<\/tbody>\n<\/table>\n<p>&nbsp;<\/p>\n<h3><\/h3>\n<p>&nbsp;<\/p>\n<h3 style=\"text-align: center;\"><\/h3>\n<p>&nbsp;<\/p>\n<table style=\"border-collapse: collapse; width: 100%;\">\n<tbody>\n<tr>\n<td style=\"width: 100%;\">&nbsp;<\/p>\n<p>&nbsp;<\/p>\n<p>&nbsp;<\/td>\n<\/tr>\n<tr>\n<td style=\"width: 100%; text-align: center;\"><\/td>\n<\/tr>\n<tr>\n<td style=\"width: 100%;\"><\/td>\n<\/tr>\n<tr>\n<td style=\"width: 100%; text-align: center;\"><\/td>\n<\/tr>\n<tr>\n<td style=\"width: 100%;\"><\/td>\n<\/tr>\n<tr>\n<td style=\"width: 100%;\"><\/td>\n<\/tr>\n<tr>\n<td style=\"width: 100%;\"><\/td>\n<\/tr>\n<\/tbody>\n<\/table>\n<table style=\"border-collapse: collapse; width: 100%;\">\n<tbody>\n<tr>\n<td style=\"width: 100%; text-align: center;\"><\/td>\n<\/tr>\n<tr>\n<td style=\"width: 100%;\">&nbsp;<\/p>\n<p>&nbsp;<\/td>\n<\/tr>\n<\/tbody>\n<\/table>\n<p>&nbsp;<\/p>\n<h3><span style=\"color: #993300;\">D\u00edptico en pdf.<\/span><\/h3>\n<p><a href=\"https:\/\/iumotril.org\/sitio\/wp-content\/uploads\/2023\/05\/IUMOTRIL_23_DipticoA5.pdf\"><img loading=\"lazy\" decoding=\"async\" data-attachment-id=\"9217\" data-permalink=\"https:\/\/iumotril.org\/sitio\/campana\/266c5d06-15dc-495d-8f3e-18c78949e39e-2\/\" data-orig-file=\"https:\/\/iumotril.org\/sitio\/wp-content\/uploads\/2023\/05\/266c5d06-15dc-495d-8f3e-18c78949e39e-2.jpg\" data-orig-size=\"997,708\" data-comments-opened=\"1\" data-image-meta=\"{&quot;aperture&quot;:&quot;0&quot;,&quot;credit&quot;:&quot;&quot;,&quot;camera&quot;:&quot;&quot;,&quot;caption&quot;:&quot;&quot;,&quot;created_timestamp&quot;:&quot;0&quot;,&quot;copyright&quot;:&quot;&quot;,&quot;focal_length&quot;:&quot;0&quot;,&quot;iso&quot;:&quot;0&quot;,&quot;shutter_speed&quot;:&quot;0&quot;,&quot;title&quot;:&quot;&quot;,&quot;orientation&quot;:&quot;0&quot;}\" data-image-title=\"266c5d06-15dc-495d-8f3e-18c78949e39e 2\" data-image-description=\"\" data-image-caption=\"\" data-large-file=\"https:\/\/iumotril.org\/sitio\/wp-content\/uploads\/2023\/05\/266c5d06-15dc-495d-8f3e-18c78949e39e-2.jpg\" class=\"aligncenter wp-image-9217 size-full\" src=\"https:\/\/iumotril.org\/sitio\/wp-content\/uploads\/2023\/05\/266c5d06-15dc-495d-8f3e-18c78949e39e-2.jpg\" alt=\"\" width=\"997\" height=\"708\" srcset=\"https:\/\/iumotril.org\/sitio\/wp-content\/uploads\/2023\/05\/266c5d06-15dc-495d-8f3e-18c78949e39e-2.jpg 997w, https:\/\/iumotril.org\/sitio\/wp-content\/uploads\/2023\/05\/266c5d06-15dc-495d-8f3e-18c78949e39e-2-300x213.jpg 300w, https:\/\/iumotril.org\/sitio\/wp-content\/uploads\/2023\/05\/266c5d06-15dc-495d-8f3e-18c78949e39e-2-768x545.jpg 768w\" sizes=\"auto, (max-width: 997px) 100vw, 997px\" \/><\/a><\/p>\n<p>&nbsp;<\/p>\n<p style=\"text-align: center;\" data-wp-editing=\"1\"><img loading=\"lazy\" decoding=\"async\" data-attachment-id=\"9234\" data-permalink=\"https:\/\/iumotril.org\/sitio\/campana\/inicio-campana\/\" data-orig-file=\"https:\/\/iumotril.org\/sitio\/wp-content\/uploads\/2023\/05\/Inicio-campana-scaled.jpg\" data-orig-size=\"2560,1732\" data-comments-opened=\"1\" data-image-meta=\"{&quot;aperture&quot;:&quot;5.6&quot;,&quot;credit&quot;:&quot;&quot;,&quot;camera&quot;:&quot;Canon EOS 600D&quot;,&quot;caption&quot;:&quot;&quot;,&quot;created_timestamp&quot;:&quot;1683840477&quot;,&quot;copyright&quot;:&quot;Ana Ache Mapache&quot;,&quot;focal_length&quot;:&quot;18&quot;,&quot;iso&quot;:&quot;1250&quot;,&quot;shutter_speed&quot;:&quot;0.016666666666667&quot;,&quot;title&quot;:&quot;&quot;,&quot;orientation&quot;:&quot;1&quot;}\" data-image-title=\"Inicio campan\u0303a\" data-image-description=\"\" data-image-caption=\"\" data-large-file=\"https:\/\/iumotril.org\/sitio\/wp-content\/uploads\/2023\/05\/Inicio-campana-1024x693.jpg\" class=\"alignnone wp-image-9234\" src=\"https:\/\/iumotril.org\/sitio\/wp-content\/uploads\/2023\/05\/Inicio-campana-300x203.jpg\" alt=\"\" width=\"454\" height=\"307\" srcset=\"https:\/\/iumotril.org\/sitio\/wp-content\/uploads\/2023\/05\/Inicio-campana-300x203.jpg 300w, https:\/\/iumotril.org\/sitio\/wp-content\/uploads\/2023\/05\/Inicio-campana-1024x693.jpg 1024w, https:\/\/iumotril.org\/sitio\/wp-content\/uploads\/2023\/05\/Inicio-campana-768x520.jpg 768w, https:\/\/iumotril.org\/sitio\/wp-content\/uploads\/2023\/05\/Inicio-campana-1536x1039.jpg 1536w, https:\/\/iumotril.org\/sitio\/wp-content\/uploads\/2023\/05\/Inicio-campana-2048x1386.jpg 2048w\" sizes=\"auto, (max-width: 454px) 100vw, 454px\" \/> <img loading=\"lazy\" decoding=\"async\" data-attachment-id=\"9233\" data-permalink=\"https:\/\/iumotril.org\/sitio\/campana\/campana-2\/\" data-orig-file=\"https:\/\/iumotril.org\/sitio\/wp-content\/uploads\/2023\/05\/campana-2-scaled.jpg\" data-orig-size=\"2560,1707\" data-comments-opened=\"1\" data-image-meta=\"{&quot;aperture&quot;:&quot;5.6&quot;,&quot;credit&quot;:&quot;&quot;,&quot;camera&quot;:&quot;Canon EOS 600D&quot;,&quot;caption&quot;:&quot;&quot;,&quot;created_timestamp&quot;:&quot;1683840029&quot;,&quot;copyright&quot;:&quot;Ana Ache Mapache&quot;,&quot;focal_length&quot;:&quot;18&quot;,&quot;iso&quot;:&quot;2000&quot;,&quot;shutter_speed&quot;:&quot;0.016666666666667&quot;,&quot;title&quot;:&quot;&quot;,&quot;orientation&quot;:&quot;1&quot;}\" data-image-title=\"campan\u0303a 2\" data-image-description=\"\" data-image-caption=\"\" data-large-file=\"https:\/\/iumotril.org\/sitio\/wp-content\/uploads\/2023\/05\/campana-2-1024x683.jpg\" class=\"alignnone wp-image-9233\" src=\"https:\/\/iumotril.org\/sitio\/wp-content\/uploads\/2023\/05\/campana-2-300x200.jpg\" alt=\"\" width=\"461\" height=\"307\" srcset=\"https:\/\/iumotril.org\/sitio\/wp-content\/uploads\/2023\/05\/campana-2-300x200.jpg 300w, https:\/\/iumotril.org\/sitio\/wp-content\/uploads\/2023\/05\/campana-2-1024x683.jpg 1024w, https:\/\/iumotril.org\/sitio\/wp-content\/uploads\/2023\/05\/campana-2-768x512.jpg 768w, https:\/\/iumotril.org\/sitio\/wp-content\/uploads\/2023\/05\/campana-2-1536x1024.jpg 1536w, https:\/\/iumotril.org\/sitio\/wp-content\/uploads\/2023\/05\/campana-2-2048x1365.jpg 2048w\" sizes=\"auto, (max-width: 461px) 100vw, 461px\" \/><\/p>\n<p>&nbsp;<\/p>\n<p><img loading=\"lazy\" decoding=\"async\" data-attachment-id=\"9210\" data-permalink=\"https:\/\/iumotril.org\/sitio\/elecciones-municipales-2023\/536d18df-8b91-4404-93c9-e39dee902232\/\" data-orig-file=\"https:\/\/iumotril.org\/sitio\/wp-content\/uploads\/2023\/05\/536d18df-8b91-4404-93c9-e39dee902232.jpg\" data-orig-size=\"1080,1080\" data-comments-opened=\"1\" data-image-meta=\"{&quot;aperture&quot;:&quot;0&quot;,&quot;credit&quot;:&quot;&quot;,&quot;camera&quot;:&quot;&quot;,&quot;caption&quot;:&quot;&quot;,&quot;created_timestamp&quot;:&quot;0&quot;,&quot;copyright&quot;:&quot;&quot;,&quot;focal_length&quot;:&quot;0&quot;,&quot;iso&quot;:&quot;0&quot;,&quot;shutter_speed&quot;:&quot;0&quot;,&quot;title&quot;:&quot;&quot;,&quot;orientation&quot;:&quot;0&quot;}\" data-image-title=\"536d18df-8b91-4404-93c9-e39dee902232\" data-image-description=\"\" data-image-caption=\"\" data-large-file=\"https:\/\/iumotril.org\/sitio\/wp-content\/uploads\/2023\/05\/536d18df-8b91-4404-93c9-e39dee902232-1024x1024.jpg\" class=\"aligncenter wp-image-9210 size-large\" src=\"https:\/\/iumotril.org\/sitio\/wp-content\/uploads\/2023\/05\/536d18df-8b91-4404-93c9-e39dee902232-1024x1024.jpg\" alt=\"\" width=\"640\" height=\"640\" srcset=\"https:\/\/iumotril.org\/sitio\/wp-content\/uploads\/2023\/05\/536d18df-8b91-4404-93c9-e39dee902232-1024x1024.jpg 1024w, https:\/\/iumotril.org\/sitio\/wp-content\/uploads\/2023\/05\/536d18df-8b91-4404-93c9-e39dee902232-300x300.jpg 300w, https:\/\/iumotril.org\/sitio\/wp-content\/uploads\/2023\/05\/536d18df-8b91-4404-93c9-e39dee902232-176x176.jpg 176w, https:\/\/iumotril.org\/sitio\/wp-content\/uploads\/2023\/05\/536d18df-8b91-4404-93c9-e39dee902232-768x768.jpg 768w, https:\/\/iumotril.org\/sitio\/wp-content\/uploads\/2023\/05\/536d18df-8b91-4404-93c9-e39dee902232.jpg 1080w\" sizes=\"auto, (max-width: 640px) 100vw, 640px\" \/><\/p>\n","protected":false},"excerpt":{"rendered":"<p>V\u00cdDEO DE CAMPA\u00d1A. CUIDAMOS MOTRIL PARA UNA VIDA MEJOR SPOT [&hellip;]<\/p>\n","protected":false},"author":1,"featured_media":0,"parent":0,"menu_order":0,"comment_status":"closed","ping_status":"closed","template":"","meta":{"cybocfi_hide_featured_image":"","footnotes":""},"class_list":["post-9116","page","type-page","status-publish","hentry"],"jetpack_sharing_enabled":true,"jetpack_shortlink":"https:\/\/wp.me\/P4QsU5-2n2","jetpack-related-posts":[{"id":706,"url":"https:\/\/iumotril.org\/sitio\/municipales-2015\/materiales-de-campana\/","url_meta":{"origin":9116,"position":0},"title":"Materiales de Campa\u00f1a","author":"Izquierda Unida Motril","date":"12 mayo, 2015","format":false,"excerpt":"Daniel Candidata a la Alcald\u00eda \u00a0 \u00a0Candidatos \u00a0 \u00a0Candidatura. Grupo \u00a0 V\u00eddeo 1: Becas de Empleo y Bolsas de Trabajo https:\/\/youtu.be\/Cj_ifBZlDbY V\u00eddeo 2: Tecnolog\u00eda al Servicio del Medio Ambiente https:\/\/youtu.be\/dZZ7bXBJOfM \u00a0V\u00eddeo 3. Barrios y Ciudad https:\/\/www.youtube.com\/watch?v=Ex9YVr8l35k V\u00eddeo 4. Agricultura https:\/\/www.youtube.com\/watch?v=qPi5wuYu6nI V\u00eddeo 5. Gesti\u00f3n Municipal https:\/\/www.youtube.com\/watch?v=jqif5sAulmE V\u00eddeo 6. Cultura https:\/\/www.youtube.com\/watch?v=fkg5C-ovRwo V\u00eddeo\u2026","rel":"","context":"Entrada similar","block_context":{"text":"Entrada similar","link":""},"img":{"alt_text":"Daniela Paqu\u00e9 candidata a la Alcald\u00eda de Motril","src":"https:\/\/i0.wp.com\/iumotril.org\/sitio\/wp-content\/uploads\/2015\/05\/Paginas-100xCien-.001-150x150.jpg?resize=350%2C200","width":350,"height":200},"classes":[]},{"id":597,"url":"https:\/\/iumotril.org\/sitio\/municipales-2015\/agenda\/","url_meta":{"origin":9116,"position":1},"title":"Agenda de Campa\u00f1a","author":"Izquierda Unida Motril","date":"29 abril, 2015","format":false,"excerpt":"Sigue nuestra Agenda de Campa\u00f1a. Acomp\u00e1\u00f1anos en los actos que llevaremos a cabo en los barrios, las calles y las plazas de Motril. Es tiempo de izquierda. Es tiempo de Motril.","rel":"","context":"Entrada similar","block_context":{"text":"Entrada similar","link":""},"img":{"alt_text":"","src":"","width":0,"height":0},"classes":[]},{"id":533,"url":"https:\/\/iumotril.org\/sitio\/municipales-2015\/","url_meta":{"origin":9116,"position":2},"title":"Municipales 2015","author":"Izquierda Unida Motril","date":"21 abril, 2015","format":false,"excerpt":"El d\u00eda 24 de Mayo la ciudadan\u00eda tendremos la oportunidad de ejercer el derecho a elegir a quienes nos representaran a la hora de gobernar Motril los pr\u00f3ximos cuatro a\u00f1os. A trav\u00e9s de estas p\u00e1ginas puedes conocer cu\u00e1les son nuestras propuestas de cambio y transformaci\u00f3n para Motril. Nuestras propuestas,\u00a0elaboradas con\u2026","rel":"","context":"Entrada similar","block_context":{"text":"Entrada similar","link":""},"img":{"alt_text":"","src":"https:\/\/i0.wp.com\/iumotril.org\/sitio\/wp-content\/uploads\/2022\/11\/siluetasconlema-300x118.jpg?resize=350%2C200&ssl=1","width":350,"height":200},"classes":[]},{"id":4961,"url":"https:\/\/iumotril.org\/sitio\/agenda-electoral\/","url_meta":{"origin":9116,"position":3},"title":"Agenda de campa\u00f1a","author":"Izquierda Unida Motril","date":"11 mayo, 2019","format":false,"excerpt":"<iframe src=\"https:\/\/calendar.google.com\/calendar\/b\/1\/embed?height=600&amp;wkst=1&amp;bgcolor=%23ffffff&amp;ctz=Europe%2FMadrid&amp;src=ZXN0aWVtcG9kZWl6cXVpZXJkYW1vdHJpbEBnbWFpbC5jb20&amp;color=%233F51B5\" style=\"border-width:0\" width=\"800\" height=\"600\" frameborder=\"0\" scrolling=\"no\"><\/iframe> https:\/\/calendar.google.com\/calendar\/ical\/estiempodeizquierdamotril%40gmail.com\/public\/basic.ics \u00a0","rel":"","context":"Entrada similar","block_context":{"text":"Entrada similar","link":""},"img":{"alt_text":"","src":"","width":0,"height":0},"classes":[]},{"id":4913,"url":"https:\/\/iumotril.org\/sitio\/elecciones-municipales-2019\/","url_meta":{"origin":9116,"position":4},"title":"Elecciones Municipales 2019","author":"Izquierda Unida Motril","date":"6 mayo, 2019","format":false,"excerpt":"\u00a0 https:\/\/youtu.be\/9q6zCACc5xk \u00a0","rel":"","context":"Entrada similar","block_context":{"text":"Entrada similar","link":""},"img":{"alt_text":"","src":"https:\/\/i0.wp.com\/iumotril.org\/sitio\/wp-content\/uploads\/2019\/05\/logo-letras-rojas.jpg?resize=350%2C200","width":350,"height":200,"srcset":"https:\/\/i0.wp.com\/iumotril.org\/sitio\/wp-content\/uploads\/2019\/05\/logo-letras-rojas.jpg?resize=350%2C200 1x, https:\/\/i0.wp.com\/iumotril.org\/sitio\/wp-content\/uploads\/2019\/05\/logo-letras-rojas.jpg?resize=525%2C300 1.5x, https:\/\/i0.wp.com\/iumotril.org\/sitio\/wp-content\/uploads\/2019\/05\/logo-letras-rojas.jpg?resize=700%2C400 2x"},"classes":[]},{"id":9105,"url":"https:\/\/iumotril.org\/sitio\/elecciones-municipales-2023\/","url_meta":{"origin":9116,"position":5},"title":"ELECCIONES MUNICIPALES 2023","author":"Izquierda Unida Motril","date":"29 abril, 2023","format":false,"excerpt":"\u00a0 \u00a0 \u00a0 \u00a0","rel":"","context":"Entrada similar","block_context":{"text":"Entrada similar","link":""},"img":{"alt_text":"","src":"https:\/\/i0.wp.com\/iumotril.org\/sitio\/wp-content\/uploads\/2023\/04\/040423-logo-elecciones-locales-2023-300x200.jpg?resize=350%2C200&ssl=1","width":350,"height":200},"classes":[]}],"jetpack_likes_enabled":true,"_links":{"self":[{"href":"https:\/\/iumotril.org\/sitio\/wp-json\/wp\/v2\/pages\/9116","targetHints":{"allow":["GET"]}}],"collection":[{"href":"https:\/\/iumotril.org\/sitio\/wp-json\/wp\/v2\/pages"}],"about":[{"href":"https:\/\/iumotril.org\/sitio\/wp-json\/wp\/v2\/types\/page"}],"author":[{"embeddable":true,"href":"https:\/\/iumotril.org\/sitio\/wp-json\/wp\/v2\/users\/1"}],"replies":[{"embeddable":true,"href":"https:\/\/iumotril.org\/sitio\/wp-json\/wp\/v2\/comments?post=9116"}],"version-history":[{"count":28,"href":"https:\/\/iumotril.org\/sitio\/wp-json\/wp\/v2\/pages\/9116\/revisions"}],"predecessor-version":[{"id":9328,"href":"https:\/\/iumotril.org\/sitio\/wp-json\/wp\/v2\/pages\/9116\/revisions\/9328"}],"wp:attachment":[{"href":"https:\/\/iumotril.org\/sitio\/wp-json\/wp\/v2\/media?parent=9116"}],"curies":[{"name":"wp","href":"https:\/\/api.w.org\/{rel}","templated":true}]}}