{"id":9113,"date":"2023-04-29T20:33:02","date_gmt":"2023-04-29T18:33:02","guid":{"rendered":"https:\/\/iumotril.org\/sitio\/?page_id=9113"},"modified":"2023-05-24T15:37:56","modified_gmt":"2023-05-24T13:37:56","slug":"candidatas-para-la-gente","status":"publish","type":"page","link":"https:\/\/iumotril.org\/sitio\/candidatas-para-la-gente\/","title":{"rendered":"Candidatas para la gente"},"content":{"rendered":"<p><img loading=\"lazy\" decoding=\"async\" data-attachment-id=\"9123\" data-permalink=\"https:\/\/iumotril.org\/sitio\/elecciones-municipales-2023\/logo-iu-equo-para-la-gente-001\/\" data-orig-file=\"https:\/\/iumotril.org\/sitio\/wp-content\/uploads\/2023\/04\/Logo-IU-Equo-Para-la-gente.001.jpeg\" data-orig-size=\"1024,768\" data-comments-opened=\"1\" data-image-meta=\"{&quot;aperture&quot;:&quot;0&quot;,&quot;credit&quot;:&quot;&quot;,&quot;camera&quot;:&quot;&quot;,&quot;caption&quot;:&quot;&quot;,&quot;created_timestamp&quot;:&quot;0&quot;,&quot;copyright&quot;:&quot;&quot;,&quot;focal_length&quot;:&quot;0&quot;,&quot;iso&quot;:&quot;0&quot;,&quot;shutter_speed&quot;:&quot;0&quot;,&quot;title&quot;:&quot;&quot;,&quot;orientation&quot;:&quot;0&quot;}\" data-image-title=\"Logo IU Equo Para la gente.001\" data-image-description=\"\" data-image-caption=\"\" data-large-file=\"https:\/\/iumotril.org\/sitio\/wp-content\/uploads\/2023\/04\/Logo-IU-Equo-Para-la-gente.001.jpeg\" class=\"aligncenter wp-image-9123\" src=\"https:\/\/iumotril.org\/sitio\/wp-content\/uploads\/2023\/04\/Logo-IU-Equo-Para-la-gente.001-300x225.jpeg\" alt=\"\" width=\"500\" height=\"375\" srcset=\"https:\/\/iumotril.org\/sitio\/wp-content\/uploads\/2023\/04\/Logo-IU-Equo-Para-la-gente.001-300x225.jpeg 300w, https:\/\/iumotril.org\/sitio\/wp-content\/uploads\/2023\/04\/Logo-IU-Equo-Para-la-gente.001-768x576.jpeg 768w, https:\/\/iumotril.org\/sitio\/wp-content\/uploads\/2023\/04\/Logo-IU-Equo-Para-la-gente.001.jpeg 1024w\" sizes=\"auto, (max-width: 500px) 100vw, 500px\" \/><\/p>\n<p>La\u00a0 <span style=\"color: #008000;\"><strong>candidatura de IU-Verdes Equo<\/strong><\/span> est\u00e1 integrada por hombres y mujeres j\u00f3venes en la mayor\u00eda de sus puestos, profesionales, estudiantes, empleados p\u00fablicos, trabajadoras de la ense\u00f1anza y trabajadores de empresas privadas de distintos sectores de actividad, conocedoras\u00a0 de los problemas y necesidades de sus barrios y de la ciudad, que est\u00e1n firmemente comprometidos con mejorar Motril y la mejora de las condiciones de vida de las familias trabajadoras.<\/p>\n<p>Catorce de los veinticinco candidatos concurren por primera vez a una cita electoral en nuestra ciudad. Se trata de personas <strong>sin ambiciones pol\u00edticas profesionales<\/strong>, movidos por firmes convicciones personales.<\/p>\n<p>Se trata de una candidatura renovada, representativa de la sociedad motrile\u00f1a, empe\u00f1ada en llevar a cabo un programa de gobierno que ha sido el resultado de\u00a0 la participaci\u00f3n activa de la sociedad civil, con las aportaciones de los vecinos y vecinas y del tejido asociativo y socio cultural de la ciudad. Con el objetivo de dar un vuelco al panorama pol\u00edtico de nuestra ciudad.<\/p>\n<p>Estamos convencidas de que la candidatura de IU Equo con el apoyo de M\u00e1s Pa\u00eds Andaluc\u00eda, es <b>la mejor de las candidaturas posibles desde la izquierda<\/b> que incrementa su valor con un programa de gobierno realista, que supone <b>un compromiso con la ciudadan\u00eda<\/b> para llevarlo a cabo. Para cuidar lo cercano y contribuir a mejorar el d\u00eda a d\u00eda de sus vida.<\/p>\n<p>Somos la <strong>candidatura del cambio en Motril<\/strong>, una <strong>candidatura para la gente<\/strong> que quiere ser la voz de quienes quieren un cambio para Motril, un cambio de modelo, un <strong>proyecto de ciudad transformador e ilusionante<\/strong> que cuente con sus vecinos y vecinas y afronte con esperanza y valent\u00eda el tiempo venidero.<\/p>\n<p>&nbsp;<\/p>\n<p class=\"jetpack-slideshow-noscript robots-nocontent\">El pase de diapositivas requiere JavaScript.<\/p><div id=\"gallery-9113-1-slideshow\" class=\"jetpack-slideshow-window jetpack-slideshow jetpack-slideshow-black\" data-trans=\"fade\" data-autostart=\"1\" data-gallery=\"[{&quot;src&quot;:&quot;https:\\\/\\\/iumotril.org\\\/sitio\\\/wp-content\\\/uploads\\\/2023\\\/05\\\/Inma-Omiste-otra-1024x684.jpg&quot;,&quot;id&quot;:&quot;9139&quot;,&quot;title&quot;:&quot;Inma Omiste otra&quot;,&quot;alt&quot;:&quot;&quot;,&quot;caption&quot;:&quot;Inma Omiste, candidata a la Alcald\\u00eda&quot;,&quot;itemprop&quot;:&quot;image&quot;},{&quot;src&quot;:&quot;https:\\\/\\\/iumotril.org\\\/sitio\\\/wp-content\\\/uploads\\\/2023\\\/05\\\/c808d669-c8cc-450a-b06b-d17b41cd4817-1024x684.jpg&quot;,&quot;id&quot;:&quot;9142&quot;,&quot;title&quot;:&quot;c808d669-c8cc-450a-b06b-d17b41cd4817&quot;,&quot;alt&quot;:&quot;&quot;,&quot;caption&quot;:&quot;Jose G. Llorente, candidato n\\u00ba 2&quot;,&quot;itemprop&quot;:&quot;image&quot;},{&quot;src&quot;:&quot;https:\\\/\\\/iumotril.org\\\/sitio\\\/wp-content\\\/uploads\\\/2023\\\/04\\\/349657bb-a74c-48cc-8a53-0612c620c2e2-1024x684.jpg&quot;,&quot;id&quot;:&quot;9103&quot;,&quot;title&quot;:&quot;349657bb-a74c-48cc-8a53-0612c620c2e2&quot;,&quot;alt&quot;:&quot;&quot;,&quot;caption&quot;:&quot;Juan Luis Valdivieso, candidato n\\u00ba 3&quot;,&quot;itemprop&quot;:&quot;image&quot;},{&quot;src&quot;:&quot;https:\\\/\\\/iumotril.org\\\/sitio\\\/wp-content\\\/uploads\\\/2023\\\/04\\\/455b281e-702d-4c6b-87fd-b961413be99d-1024x684.jpg&quot;,&quot;id&quot;:&quot;9102&quot;,&quot;title&quot;:&quot;455b281e-702d-4c6b-87fd-b961413be99d&quot;,&quot;alt&quot;:&quot;&quot;,&quot;caption&quot;:&quot;Ana Herrera, candidata n\\u00ba 4&quot;,&quot;itemprop&quot;:&quot;image&quot;},{&quot;src&quot;:&quot;https:\\\/\\\/iumotril.org\\\/sitio\\\/wp-content\\\/uploads\\\/2023\\\/05\\\/MARIA-MAESTRE-768x1024.jpg&quot;,&quot;id&quot;:&quot;9224&quot;,&quot;title&quot;:&quot;MARIA MAESTRE&quot;,&quot;alt&quot;:&quot;&quot;,&quot;caption&quot;:&quot;Mar\\u00eda Maestre candidata n\\u00ba 5&quot;,&quot;itemprop&quot;:&quot;image&quot;},{&quot;src&quot;:&quot;https:\\\/\\\/iumotril.org\\\/sitio\\\/wp-content\\\/uploads\\\/2023\\\/04\\\/f8eef440-2229-43bb-a075-fd467eece364-1024x684.jpg&quot;,&quot;id&quot;:&quot;9104&quot;,&quot;title&quot;:&quot;f8eef440-2229-43bb-a075-fd467eece364&quot;,&quot;alt&quot;:&quot;&quot;,&quot;caption&quot;:&quot;Christian Linares, candidato n\\u00ba 6&quot;,&quot;itemprop&quot;:&quot;image&quot;},{&quot;src&quot;:&quot;https:\\\/\\\/iumotril.org\\\/sitio\\\/wp-content\\\/uploads\\\/2023\\\/05\\\/Alejandro-Villanueva-768x1024.jpg&quot;,&quot;id&quot;:&quot;9226&quot;,&quot;title&quot;:&quot;Alejandro Villanueva&quot;,&quot;alt&quot;:&quot;&quot;,&quot;caption&quot;:&quot;Alejandro Villanueva candidato n\\u00ba 7&quot;,&quot;itemprop&quot;:&quot;image&quot;},{&quot;src&quot;:&quot;https:\\\/\\\/iumotril.org\\\/sitio\\\/wp-content\\\/uploads\\\/2023\\\/05\\\/Rosario-Amate-1024x784.jpg&quot;,&quot;id&quot;:&quot;9150&quot;,&quot;title&quot;:&quot;Rosario Amate&quot;,&quot;alt&quot;:&quot;&quot;,&quot;caption&quot;:&quot;Rosario Valdivieso candidata n\\u00ba 8&quot;,&quot;itemprop&quot;:&quot;image&quot;},{&quot;src&quot;:&quot;https:\\\/\\\/iumotril.org\\\/sitio\\\/wp-content\\\/uploads\\\/2023\\\/05\\\/Marta-Moreno-1024x702.jpg&quot;,&quot;id&quot;:&quot;9147&quot;,&quot;title&quot;:&quot;Marta Moreno&quot;,&quot;alt&quot;:&quot;&quot;,&quot;caption&quot;:&quot;Marta Moreno Rojo candidata n\\u00ba 9&quot;,&quot;itemprop&quot;:&quot;image&quot;},{&quot;src&quot;:&quot;https:\\\/\\\/iumotril.org\\\/sitio\\\/wp-content\\\/uploads\\\/2023\\\/05\\\/Narciso-Viciana-1024x684.jpg&quot;,&quot;id&quot;:&quot;9148&quot;,&quot;title&quot;:&quot;Narciso Viciana&quot;,&quot;alt&quot;:&quot;&quot;,&quot;caption&quot;:&quot;Narciso Viciana candidato n\\u00ba 10&quot;,&quot;itemprop&quot;:&quot;image&quot;},{&quot;src&quot;:&quot;https:\\\/\\\/iumotril.org\\\/sitio\\\/wp-content\\\/uploads\\\/2023\\\/05\\\/Toni-Prieto-768x1024.jpg&quot;,&quot;id&quot;:&quot;9231&quot;,&quot;title&quot;:&quot;Toni Prieto&quot;,&quot;alt&quot;:&quot;&quot;,&quot;caption&quot;:&quot;Antonio Prieto candidato n\\u00ba 11&quot;,&quot;itemprop&quot;:&quot;image&quot;},{&quot;src&quot;:&quot;https:\\\/\\\/iumotril.org\\\/sitio\\\/wp-content\\\/uploads\\\/2023\\\/05\\\/Encarni-Barragan-1024x745.jpg&quot;,&quot;id&quot;:&quot;9140&quot;,&quot;title&quot;:&quot;Encarni Barraga\\u0301n&quot;,&quot;alt&quot;:&quot;&quot;,&quot;caption&quot;:&quot;Encarni Barrag\\u00e1n candidata n\\u00ba 13&quot;,&quot;itemprop&quot;:&quot;image&quot;},{&quot;src&quot;:&quot;https:\\\/\\\/iumotril.org\\\/sitio\\\/wp-content\\\/uploads\\\/2023\\\/05\\\/Antonio-Padial.jpeg&quot;,&quot;id&quot;:&quot;9154&quot;,&quot;title&quot;:&quot;Antonio Padial&quot;,&quot;alt&quot;:&quot;&quot;,&quot;caption&quot;:&quot;Antonio Padial candidato n\\u00ba 14&quot;,&quot;itemprop&quot;:&quot;image&quot;},{&quot;src&quot;:&quot;https:\\\/\\\/iumotril.org\\\/sitio\\\/wp-content\\\/uploads\\\/2023\\\/05\\\/Juan-Gabriel-Gallardo-768x1024.jpg&quot;,&quot;id&quot;:&quot;9229&quot;,&quot;title&quot;:&quot;Juan Gabriel Gallardo&quot;,&quot;alt&quot;:&quot;&quot;,&quot;caption&quot;:&quot;Juan Gabril Gallardo candidato n\\u00ba 15&quot;,&quot;itemprop&quot;:&quot;image&quot;},{&quot;src&quot;:&quot;https:\\\/\\\/iumotril.org\\\/sitio\\\/wp-content\\\/uploads\\\/2023\\\/05\\\/Irene-Ocete-1024x684.jpg&quot;,&quot;id&quot;:&quot;9145&quot;,&quot;title&quot;:&quot;Irene Ocete&quot;,&quot;alt&quot;:&quot;&quot;,&quot;caption&quot;:&quot;Irene Ocete candidata n\\u00ba 17&quot;,&quot;itemprop&quot;:&quot;image&quot;},{&quot;src&quot;:&quot;https:\\\/\\\/iumotril.org\\\/sitio\\\/wp-content\\\/uploads\\\/2023\\\/05\\\/IMG-8984-810x1024.jpg&quot;,&quot;id&quot;:&quot;9155&quot;,&quot;title&quot;:&quot;IMG-8984&quot;,&quot;alt&quot;:&quot;&quot;,&quot;caption&quot;:&quot;antonio Manuel Mart\\u00edn, candidato n\\u00ba 18&quot;,&quot;itemprop&quot;:&quot;image&quot;},{&quot;src&quot;:&quot;https:\\\/\\\/iumotril.org\\\/sitio\\\/wp-content\\\/uploads\\\/2023\\\/05\\\/Paqui-Cara-1024x728.jpg&quot;,&quot;id&quot;:&quot;9149&quot;,&quot;title&quot;:&quot;Paqui Cara&quot;,&quot;alt&quot;:&quot;&quot;,&quot;caption&quot;:&quot;Paqui Cara candidata n\\u00ba 21&quot;,&quot;itemprop&quot;:&quot;image&quot;},{&quot;src&quot;:&quot;https:\\\/\\\/iumotril.org\\\/sitio\\\/wp-content\\\/uploads\\\/2023\\\/05\\\/Paco-Pena-768x1024.jpg&quot;,&quot;id&quot;:&quot;9230&quot;,&quot;title&quot;:&quot;Paco Pen\\u0303a&quot;,&quot;alt&quot;:&quot;&quot;,&quot;caption&quot;:&quot;Paco Pe\\u00f1a candidato n\\u00ba 22&quot;,&quot;itemprop&quot;:&quot;image&quot;},{&quot;src&quot;:&quot;https:\\\/\\\/iumotril.org\\\/sitio\\\/wp-content\\\/uploads\\\/2023\\\/05\\\/Daniel-Sanchez-768x1024.jpg&quot;,&quot;id&quot;:&quot;9228&quot;,&quot;title&quot;:&quot;Daniel Sa\\u0301nchez&quot;,&quot;alt&quot;:&quot;&quot;,&quot;caption&quot;:&quot;Daniel S\\u00e1nchez candidato n\\u00ba 23&quot;,&quot;itemprop&quot;:&quot;image&quot;},{&quot;src&quot;:&quot;https:\\\/\\\/iumotril.org\\\/sitio\\\/wp-content\\\/uploads\\\/2023\\\/05\\\/Ana-Olea-1024x683.jpg&quot;,&quot;id&quot;:&quot;9143&quot;,&quot;title&quot;:&quot;Ana Olea&quot;,&quot;alt&quot;:&quot;&quot;,&quot;caption&quot;:&quot;Ana Olea candidata n\\u00ba 25&quot;,&quot;itemprop&quot;:&quot;image&quot;},{&quot;src&quot;:&quot;https:\\\/\\\/iumotril.org\\\/sitio\\\/wp-content\\\/uploads\\\/2023\\\/05\\\/536d18df-8b91-4404-93c9-e39dee902232-1024x1024.jpg&quot;,&quot;id&quot;:&quot;9210&quot;,&quot;title&quot;:&quot;536d18df-8b91-4404-93c9-e39dee902232&quot;,&quot;alt&quot;:&quot;&quot;,&quot;caption&quot;:&quot;&quot;,&quot;itemprop&quot;:&quot;image&quot;}]\" itemscope itemtype=\"https:\/\/schema.org\/ImageGallery\"><\/div>\n<p>&nbsp;<\/p>\n<div style=\"width: 640px;\" class=\"wp-video\"><video class=\"wp-video-shortcode\" id=\"video-9113-1\" width=\"640\" height=\"640\" preload=\"metadata\" controls=\"controls\"><source type=\"video\/mp4\" src=\"https:\/\/iumotril.org\/sitio\/wp-content\/uploads\/2023\/05\/VIDEO-2023-05-24-08-31-21.mp4?_=1\" \/><a href=\"https:\/\/iumotril.org\/sitio\/wp-content\/uploads\/2023\/05\/VIDEO-2023-05-24-08-31-21.mp4\">https:\/\/iumotril.org\/sitio\/wp-content\/uploads\/2023\/05\/VIDEO-2023-05-24-08-31-21.mp4<\/a><\/video><\/div>\n","protected":false},"excerpt":{"rendered":"<p>La\u00a0 candidatura de IU-Verdes Equo est\u00e1 integrada por hombres y [&hellip;]<\/p>\n","protected":false},"author":1,"featured_media":9058,"parent":0,"menu_order":0,"comment_status":"closed","ping_status":"closed","template":"","meta":{"cybocfi_hide_featured_image":"","footnotes":""},"class_list":["post-9113","page","type-page","status-publish","has-post-thumbnail","hentry"],"jetpack_sharing_enabled":true,"jetpack_shortlink":"https:\/\/wp.me\/P4QsU5-2mZ","jetpack-related-posts":[{"id":4957,"url":"https:\/\/iumotril.org\/sitio\/una-candidatura-para-la-gente\/","url_meta":{"origin":9113,"position":0},"title":"Una candidatura para la Gente","author":"Izquierda Unida Motril","date":"11 mayo, 2019","format":false,"excerpt":"La candidatura de IU-Equo para la gente est\u00e1 integrada por mujeres y hombres j\u00f3venes. Es representativa de la sociedad motrile\u00f1a: estudiantes, trabajadoras del sector hortofrut\u00edcola, deportistas, empleados p\u00fablicos, aut\u00f3nomos, trabajadores sociales, pensionistas, jubilados. Gente corriente y cercana que vive la realidad de la calles. Gente comprometida con sus vecinas y\u2026","rel":"","context":"Entrada similar","block_context":{"text":"Entrada similar","link":""},"img":{"alt_text":"","src":"https:\/\/i0.wp.com\/iumotril.org\/sitio\/wp-content\/uploads\/2019\/05\/cartel-definitivo-de-verdad-215x300.jpg?resize=350%2C200","width":350,"height":200},"classes":[]},{"id":411,"url":"https:\/\/iumotril.org\/sitio\/municipales-2015\/programa-abierto-municipales-2015\/","url_meta":{"origin":9113,"position":1},"title":"Propuestas para cambiar Motril","author":"Izquierda Unida Motril","date":"27 enero, 2015","format":false,"excerpt":"ES TIEMPO DE IZQUIERDA, ES TIEMPO DE MOTRIL El d\u00eda 24 de Mayo la ciudadan\u00eda tendremos la oportunidad de ejercer el derecho a elegir a quienes nos representaran a la hora de gobernar Motril los pr\u00f3ximos cuatro a\u00f1os. Nuestras propuestas,\u00a0elaboradas con la amplia participaci\u00f3n de todos los sectores de la\u2026","rel":"","context":"Entrada similar","block_context":{"text":"Entrada similar","link":""},"img":{"alt_text":"Es tiempo de izquierda","src":"https:\/\/i0.wp.com\/iumotril.org\/sitio\/wp-content\/uploads\/2015\/05\/Siluetas_con_Lema-300x119.jpg?resize=350%2C200","width":350,"height":200},"classes":[]},{"id":542,"url":"https:\/\/iumotril.org\/sitio\/municipales-2015\/candidatos\/","url_meta":{"origin":9113,"position":2},"title":"Candidatos","author":"Izquierda Unida Motril","date":"21 abril, 2015","format":false,"excerpt":"Izquierda Unida Los Verdes Convocatoria por Andaluc\u00eda es una fuerza pol\u00edtica radicalmente distinta al resto. Quienes formamos parte de ella no somos pol\u00edticos profesionales ni tenemos ambiciones personales de poder. Somos gente corriente, cercana y comprometida con equilibrar una sociedad cada vez m\u00e1s desigual, con corregir la actuaci\u00f3n de un\u2026","rel":"","context":"Entrada similar","block_context":{"text":"Entrada similar","link":""},"img":{"alt_text":"daniela","src":"https:\/\/i0.wp.com\/iumotril.org\/sitio\/wp-content\/uploads\/2015\/04\/daniela-150x150.jpg?resize=350%2C200","width":350,"height":200},"classes":[]},{"id":9110,"url":"https:\/\/iumotril.org\/sitio\/comprometidos-contigo\/","url_meta":{"origin":9113,"position":3},"title":"Comprometidas contigo","author":"Izquierda Unida Motril","date":"29 abril, 2023","format":false,"excerpt":"Regeneraci\u00f3n de la pol\u00edtica municipal Austeridad, progresividad fiscal. \u00c9tica, transparencia y honestidad en la Acci\u00f3n de Gobierno. Proteger y reforzar los servicios p\u00fablicos.Un ayuntamiento laico. Una pol\u00edtica municipal no confesional Fomento de la econom\u00eda motrile\u00f1a Apoyo al comercio local y pymes. Oferta tur\u00edstica local diversificada. Plan estrat\u00e9gico de playas Empleo\u2026","rel":"","context":"Entrada similar","block_context":{"text":"Entrada similar","link":""},"img":{"alt_text":"","src":"https:\/\/i0.wp.com\/iumotril.org\/sitio\/wp-content\/uploads\/2023\/05\/lema-alargadorojo-1500x500-1-300x100.png?resize=350%2C200&ssl=1","width":350,"height":200},"classes":[]},{"id":706,"url":"https:\/\/iumotril.org\/sitio\/municipales-2015\/materiales-de-campana\/","url_meta":{"origin":9113,"position":4},"title":"Materiales de Campa\u00f1a","author":"Izquierda Unida Motril","date":"12 mayo, 2015","format":false,"excerpt":"Daniel Candidata a la Alcald\u00eda \u00a0 \u00a0Candidatos \u00a0 \u00a0Candidatura. Grupo \u00a0 V\u00eddeo 1: Becas de Empleo y Bolsas de Trabajo https:\/\/youtu.be\/Cj_ifBZlDbY V\u00eddeo 2: Tecnolog\u00eda al Servicio del Medio Ambiente https:\/\/youtu.be\/dZZ7bXBJOfM \u00a0V\u00eddeo 3. Barrios y Ciudad https:\/\/www.youtube.com\/watch?v=Ex9YVr8l35k V\u00eddeo 4. Agricultura https:\/\/www.youtube.com\/watch?v=qPi5wuYu6nI V\u00eddeo 5. Gesti\u00f3n Municipal https:\/\/www.youtube.com\/watch?v=jqif5sAulmE V\u00eddeo 6. Cultura https:\/\/www.youtube.com\/watch?v=fkg5C-ovRwo V\u00eddeo\u2026","rel":"","context":"Entrada similar","block_context":{"text":"Entrada similar","link":""},"img":{"alt_text":"Daniela Paqu\u00e9 candidata a la Alcald\u00eda de Motril","src":"https:\/\/i0.wp.com\/iumotril.org\/sitio\/wp-content\/uploads\/2015\/05\/Paginas-100xCien-.001-150x150.jpg?resize=350%2C200","width":350,"height":200},"classes":[]},{"id":5698,"url":"https:\/\/iumotril.org\/sitio\/yomequedoencasa\/","url_meta":{"origin":9113,"position":5},"title":"#MeQuedoEnCasaMotril","author":"Izquierda Unida Motril","date":"18 marzo, 2020","format":false,"excerpt":"Mientras se despliegan las medidas y colaboramos de forma individual en esta enorme tarea colectiva, desde IU Motril queremos compartir\u00a0un espacio com\u00fan\u00a0que recoja informaci\u00f3n y recursos\u00a0para que el d\u00eda a d\u00eda de la cuarentena sea m\u00e1s llevadero y, sobre todo, nos permita contribuir a que la salida a toda esta\u2026","rel":"","context":"Entrada similar","block_context":{"text":"Entrada similar","link":""},"img":{"alt_text":"","src":"https:\/\/i0.wp.com\/iumotril.org\/sitio\/wp-content\/uploads\/2020\/03\/Captura-de-pantalla-2020-03-24-a-las-13.48.00.png?resize=350%2C200","width":350,"height":200,"srcset":"https:\/\/i0.wp.com\/iumotril.org\/sitio\/wp-content\/uploads\/2020\/03\/Captura-de-pantalla-2020-03-24-a-las-13.48.00.png?resize=350%2C200 1x, https:\/\/i0.wp.com\/iumotril.org\/sitio\/wp-content\/uploads\/2020\/03\/Captura-de-pantalla-2020-03-24-a-las-13.48.00.png?resize=525%2C300 1.5x, https:\/\/i0.wp.com\/iumotril.org\/sitio\/wp-content\/uploads\/2020\/03\/Captura-de-pantalla-2020-03-24-a-las-13.48.00.png?resize=700%2C400 2x"},"classes":[]}],"jetpack_likes_enabled":true,"_links":{"self":[{"href":"https:\/\/iumotril.org\/sitio\/wp-json\/wp\/v2\/pages\/9113","targetHints":{"allow":["GET"]}}],"collection":[{"href":"https:\/\/iumotril.org\/sitio\/wp-json\/wp\/v2\/pages"}],"about":[{"href":"https:\/\/iumotril.org\/sitio\/wp-json\/wp\/v2\/types\/page"}],"author":[{"embeddable":true,"href":"https:\/\/iumotril.org\/sitio\/wp-json\/wp\/v2\/users\/1"}],"replies":[{"embeddable":true,"href":"https:\/\/iumotril.org\/sitio\/wp-json\/wp\/v2\/comments?post=9113"}],"version-history":[{"count":11,"href":"https:\/\/iumotril.org\/sitio\/wp-json\/wp\/v2\/pages\/9113\/revisions"}],"predecessor-version":[{"id":9344,"href":"https:\/\/iumotril.org\/sitio\/wp-json\/wp\/v2\/pages\/9113\/revisions\/9344"}],"wp:featuredmedia":[{"embeddable":true,"href":"https:\/\/iumotril.org\/sitio\/wp-json\/wp\/v2\/media\/9058"}],"wp:attachment":[{"href":"https:\/\/iumotril.org\/sitio\/wp-json\/wp\/v2\/media?parent=9113"}],"curies":[{"name":"wp","href":"https:\/\/api.w.org\/{rel}","templated":true}]}}