{"id":9110,"date":"2023-04-29T20:31:27","date_gmt":"2023-04-29T18:31:27","guid":{"rendered":"https:\/\/iumotril.org\/sitio\/?page_id=9110"},"modified":"2023-05-16T08:47:31","modified_gmt":"2023-05-16T06:47:31","slug":"comprometidos-contigo","status":"publish","type":"page","link":"https:\/\/iumotril.org\/sitio\/comprometidos-contigo\/","title":{"rendered":"Comprometidas contigo"},"content":{"rendered":"<div title=\"Page 1\"><img loading=\"lazy\" decoding=\"async\" data-attachment-id=\"9246\" data-permalink=\"https:\/\/iumotril.org\/sitio\/actividad-municipal\/lema-alargadorojo-1500x500\/\" data-orig-file=\"https:\/\/iumotril.org\/sitio\/wp-content\/uploads\/2023\/05\/lema-alargadorojo-1500x500-1.png\" data-orig-size=\"1500,500\" data-comments-opened=\"1\" data-image-meta=\"{&quot;aperture&quot;:&quot;0&quot;,&quot;credit&quot;:&quot;&quot;,&quot;camera&quot;:&quot;&quot;,&quot;caption&quot;:&quot;&quot;,&quot;created_timestamp&quot;:&quot;0&quot;,&quot;copyright&quot;:&quot;&quot;,&quot;focal_length&quot;:&quot;0&quot;,&quot;iso&quot;:&quot;0&quot;,&quot;shutter_speed&quot;:&quot;0&quot;,&quot;title&quot;:&quot;&quot;,&quot;orientation&quot;:&quot;0&quot;}\" data-image-title=\"lema alargadorojo 1500&amp;#215;500\" data-image-description=\"\" data-image-caption=\"\" data-large-file=\"https:\/\/iumotril.org\/sitio\/wp-content\/uploads\/2023\/05\/lema-alargadorojo-1500x500-1-1024x341.png\" class=\"wp-image-9246  aligncenter\" src=\"https:\/\/iumotril.org\/sitio\/wp-content\/uploads\/2023\/05\/lema-alargadorojo-1500x500-1-300x100.png\" alt=\"\" width=\"417\" height=\"139\" srcset=\"https:\/\/iumotril.org\/sitio\/wp-content\/uploads\/2023\/05\/lema-alargadorojo-1500x500-1-300x100.png 300w, https:\/\/iumotril.org\/sitio\/wp-content\/uploads\/2023\/05\/lema-alargadorojo-1500x500-1-1024x341.png 1024w, https:\/\/iumotril.org\/sitio\/wp-content\/uploads\/2023\/05\/lema-alargadorojo-1500x500-1-768x256.png 768w, https:\/\/iumotril.org\/sitio\/wp-content\/uploads\/2023\/05\/lema-alargadorojo-1500x500-1.png 1500w\" sizes=\"auto, (max-width: 417px) 100vw, 417px\" \/><\/div>\n<div title=\"Page 1\">\n<table style=\"border-collapse: collapse; width: 100%;\">\n<tbody>\n<tr>\n<td style=\"width: 28.1318%; text-align: left;\">\n<h3><span style=\"color: #008000;\"><b>Regeneraci\u00f3n de la pol\u00edtica municipa<\/b>l<\/span><\/h3>\n<\/td>\n<td style=\"width: 71.8682%;\">Austeridad, progresividad fiscal. \u00c9tica, transparencia y honestidad en la Acci\u00f3n de Gobierno. Proteger y reforzar los servicios p\u00fablicos.Un ayuntamiento laico. Una pol\u00edtica municipal no confesional<\/td>\n<\/tr>\n<tr>\n<td style=\"width: 28.1318%; text-align: left;\">\n<h3><span style=\"color: #008000;\"><b>Fomento de la econom\u00eda motrile\u00f1a<\/b><b><br \/>\n<\/b><\/span><\/h3>\n<\/td>\n<td style=\"width: 71.8682%;\">Apoyo al comercio local y pymes. Oferta tur\u00edstica local diversificada. Plan estrat\u00e9gico de playas<\/td>\n<\/tr>\n<tr>\n<td style=\"width: 28.1318%; text-align: left;\">\n<h3><span style=\"color: #008000;\"><b>Empleo y formaci\u00f3n<\/b><b><br \/>\n<\/b><\/span><\/h3>\n<\/td>\n<td style=\"width: 71.8682%;\">Creaci\u00f3n de empleo digno y de calidad. Planes municipales dirigidos a j\u00f3venes, mujeres y mayores de 45. Ayudas al estudio para estudiantes en todas las etapas educativas.<\/td>\n<\/tr>\n<tr>\n<td style=\"width: 28.1318%; text-align: left;\">\n<h3><span style=\"color: #008000;\"><b>Una ciudad para las personas<\/b><b><br \/>\n<\/b><\/span><\/h3>\n<\/td>\n<td style=\"width: 71.8682%;\">Un medio ambiente sano. Creaci\u00f3n de espacios verdes y p\u00fablicos para la convivencia en barrios de la ciudad. Plan de rehabilitaci\u00f3n energ\u00e9tica instalaciones municipales. Ayudas a los particulares para la instalaci\u00f3n de energ\u00edas limpias.<\/td>\n<\/tr>\n<tr>\n<td style=\"width: 28.1318%; text-align: left;\">\n<h3><span style=\"color: #008000;\"><b>Una ciudad para vivir<\/b><b><br \/>\n<\/b><\/span><\/h3>\n<\/td>\n<td style=\"width: 71.8682%;\">Participaci\u00f3n vecinal y ciudadana en las decisiones municipales en las que resulten afectadas. Creaci\u00f3n de consejos ciudadanos. Intervenci\u00f3n integral en todos los barrios de la ciudad, de forma especial en los barrios de los \u00c1lamos, El Varadero y Santa Adela, Las Angustias\u2026..Instalaciones deportivas de proximidad. Protecci\u00f3n Casco hist\u00f3rico. Plan Centro. Bienestar animal. Albergue municipal. Plan de mantenimiento de Centros educativos.<\/td>\n<\/tr>\n<tr>\n<td style=\"width: 28.1318%; text-align: left;\">\n<h3><span style=\"color: #008000;\"><b>Desarrollo local sostenible<\/b><b><br \/>\n<\/b><\/span><\/h3>\n<\/td>\n<td style=\"width: 71.8682%;\">Protecci\u00f3n del litoral. Ampliaci\u00f3n y puesta en valor de la Charca de Su\u00e1rez. Habilitaci\u00f3n de un Punto Limpio m\u00f3vil.<\/td>\n<\/tr>\n<tr>\n<td style=\"width: 28.1318%; text-align: left;\">\n<h3><span style=\"color: #008000;\"><b>Plan Municipal de Vivienda<\/b><b><br \/>\n<\/b><\/span><\/h3>\n<\/td>\n<td style=\"width: 71.8682%;\">Vivienda social. Viviendas en alquiler para J\u00f3venes, familias trabajadoras<\/td>\n<\/tr>\n<tr>\n<td style=\"width: 28.1318%; text-align: left;\">\n<h3><span style=\"color: #008000;\"><b>Atenci\u00f3n a la dependencia<\/b><b><br \/>\n<\/b><\/span><\/h3>\n<\/td>\n<td style=\"width: 71.8682%;\">Impulso de las Pol\u00edticas p\u00fablicas de cuidados. Mejoras en el actual Servicio de Ayuda a Domicilio.<\/td>\n<\/tr>\n<tr>\n<td style=\"width: 100%;\" colspan=\"2\"><img loading=\"lazy\" decoding=\"async\" data-attachment-id=\"9131\" data-permalink=\"https:\/\/iumotril.org\/sitio\/comprometidos-contigo\/compromiso_castellano1500x500\/\" data-orig-file=\"https:\/\/iumotril.org\/sitio\/wp-content\/uploads\/2023\/05\/Compromiso_Castellano1500x500.png\" data-orig-size=\"1500,500\" data-comments-opened=\"1\" data-image-meta=\"{&quot;aperture&quot;:&quot;0&quot;,&quot;credit&quot;:&quot;&quot;,&quot;camera&quot;:&quot;&quot;,&quot;caption&quot;:&quot;&quot;,&quot;created_timestamp&quot;:&quot;0&quot;,&quot;copyright&quot;:&quot;&quot;,&quot;focal_length&quot;:&quot;0&quot;,&quot;iso&quot;:&quot;0&quot;,&quot;shutter_speed&quot;:&quot;0&quot;,&quot;title&quot;:&quot;&quot;,&quot;orientation&quot;:&quot;0&quot;}\" data-image-title=\"Compromiso_Castellano1500x500\" data-image-description=\"\" data-image-caption=\"\" data-large-file=\"https:\/\/iumotril.org\/sitio\/wp-content\/uploads\/2023\/05\/Compromiso_Castellano1500x500-1024x341.png\" class=\"aligncenter wp-image-9131 size-large\" src=\"https:\/\/iumotril.org\/sitio\/wp-content\/uploads\/2023\/05\/Compromiso_Castellano1500x500-1024x341.png\" alt=\"\" width=\"640\" height=\"213\" srcset=\"https:\/\/iumotril.org\/sitio\/wp-content\/uploads\/2023\/05\/Compromiso_Castellano1500x500-1024x341.png 1024w, https:\/\/iumotril.org\/sitio\/wp-content\/uploads\/2023\/05\/Compromiso_Castellano1500x500-300x100.png 300w, https:\/\/iumotril.org\/sitio\/wp-content\/uploads\/2023\/05\/Compromiso_Castellano1500x500-768x256.png 768w, https:\/\/iumotril.org\/sitio\/wp-content\/uploads\/2023\/05\/Compromiso_Castellano1500x500.png 1500w\" sizes=\"auto, (max-width: 640px) 100vw, 640px\" \/><b><br \/>\n<\/b><\/td>\n<\/tr>\n<tr>\n<td style=\"width: 28.1318%;\">\n<h3><span style=\"color: #008000;\"><b>Personas mayores<\/b><\/span><b><br \/>\n<\/b><\/h3>\n<\/td>\n<td style=\"width: 71.8682%;\">Elaboraci\u00f3n de un Plan integral. Mejora la red de centros de atenci\u00f3n a mayores. Ampliaci\u00f3n de oferta y mejoras en la Residencia de Personas Mayores San Luis, consolidaci\u00f3n de su car\u00e1cter p\u00fablico. Gratuidad transporte p\u00fablico municipal<\/td>\n<\/tr>\n<tr>\n<td style=\"width: 28.1318%;\">\n<h3><span style=\"color: #008000;\"><b>Telemotril<\/b><\/span><\/h3>\n<\/td>\n<td style=\"width: 71.8682%;\">Profesionalizaci\u00f3n de la gesti\u00f3n para garantizar la pluralidad y la transparencia informativa.<\/td>\n<\/tr>\n<tr>\n<td style=\"width: 28.1318%;\">\n<h3><span style=\"color: #008000;\"><b>Cultura <\/b><\/span><\/h3>\n<\/td>\n<td style=\"width: 71.8682%;\">Plan estrat\u00e9gico cultural. Descentralizaci\u00f3n de la programaci\u00f3n cultural. Colaboraci\u00f3n y apoyo a entidades culturales. Creaci\u00f3n de nuevos equipamientos culturales (Coliseo Vi\u00f1as, Centro Cultural Caja Granada).<\/td>\n<\/tr>\n<tr>\n<td style=\"width: 28.1318%;\">\n<h3><span style=\"color: #008000;\"><b>Mujer<\/b><b><br \/>\n<\/b><\/span><\/h3>\n<\/td>\n<td style=\"width: 71.8682%;\">Dedicaci\u00f3n del 5% del presupuesto municipal a pol\u00edticas espec\u00edficas dirigidas a las mujeres.<\/td>\n<\/tr>\n<tr>\n<td style=\"width: 28.1318%;\">\n<h3><span style=\"color: #008000;\"><b>Inmigraci\u00f3n<\/b><b><br \/>\n<\/b><\/span><\/h3>\n<\/td>\n<td style=\"width: 71.8682%;\">Acogida digna. Asesoramiento legal. Colaboraci\u00f3n y apoyo a las entidades y asociaciones que trabajan con personas migrantes.<\/td>\n<\/tr>\n<tr>\n<td style=\"width: 28.1318%;\">\n<h3><span style=\"color: #008000;\"><b>Personas con diversidad funcional<\/b><b><br \/>\n<\/b><\/span><\/h3>\n<\/td>\n<td style=\"width: 71.8682%;\">Plan de integraci\u00f3n de personas con diversidad funcional. Accesibilidad de instalaciones municipales y espacios p\u00fablicos. Gratuidad transporte p\u00fablico municipal.<\/td>\n<\/tr>\n<tr>\n<td style=\"width: 28.1318%;\">\n<h3><span style=\"color: #008000;\"><b>Igualdad<\/b><b><br \/>\n<\/b><\/span><\/h3>\n<\/td>\n<td style=\"width: 71.8682%;\">Transversalidad de las pol\u00edticas municipales para garantizar la igualdad de las mujeres, personas con diversidad funcional, infancia, j\u00f3venes, personas mayores, migrantes y personas LGTBIQ.<\/td>\n<\/tr>\n<\/tbody>\n<\/table>\n<\/div>\n<div title=\"Page 1\"><\/div>\n<div title=\"Page 1\"><\/div>\n<div title=\"Page 1\"><\/div>\n<div title=\"Page 1\">\n<figure id=\"attachment_9164\" aria-describedby=\"caption-attachment-9164\" style=\"width: 500px\" class=\"wp-caption aligncenter\"><a href=\"https:\/\/iumotril.org\/sitio\/wp-content\/uploads\/2023\/05\/IUMOTRIL_23_Programa_Pliegos-1.pdf-ok.pdf\"><img loading=\"lazy\" decoding=\"async\" data-attachment-id=\"9164\" data-permalink=\"https:\/\/iumotril.org\/sitio\/comprometidos-contigo\/captura-de-pantalla-2023-05-04-a-las-20-04-58\/\" data-orig-file=\"https:\/\/iumotril.org\/sitio\/wp-content\/uploads\/2023\/05\/Captura-de-pantalla-2023-05-04-a-las-20.04.58.png\" data-orig-size=\"747,1005\" data-comments-opened=\"1\" data-image-meta=\"{&quot;aperture&quot;:&quot;0&quot;,&quot;credit&quot;:&quot;&quot;,&quot;camera&quot;:&quot;&quot;,&quot;caption&quot;:&quot;&quot;,&quot;created_timestamp&quot;:&quot;0&quot;,&quot;copyright&quot;:&quot;&quot;,&quot;focal_length&quot;:&quot;0&quot;,&quot;iso&quot;:&quot;0&quot;,&quot;shutter_speed&quot;:&quot;0&quot;,&quot;title&quot;:&quot;&quot;,&quot;orientation&quot;:&quot;0&quot;}\" data-image-title=\"Captura de pantalla 2023-05-04 a las 20.04.58\" data-image-description=\"\" data-image-caption=\"\" data-large-file=\"https:\/\/iumotril.org\/sitio\/wp-content\/uploads\/2023\/05\/Captura-de-pantalla-2023-05-04-a-las-20.04.58.png\" class=\"wp-image-9164\" src=\"https:\/\/iumotril.org\/sitio\/wp-content\/uploads\/2023\/05\/Captura-de-pantalla-2023-05-04-a-las-20.04.58-223x300.png\" alt=\"\" width=\"500\" height=\"673\" srcset=\"https:\/\/iumotril.org\/sitio\/wp-content\/uploads\/2023\/05\/Captura-de-pantalla-2023-05-04-a-las-20.04.58-223x300.png 223w, https:\/\/iumotril.org\/sitio\/wp-content\/uploads\/2023\/05\/Captura-de-pantalla-2023-05-04-a-las-20.04.58.png 747w\" sizes=\"auto, (max-width: 500px) 100vw, 500px\" \/><\/a><figcaption id=\"caption-attachment-9164\" class=\"wp-caption-text\">Haz click en la imagen para navegar por el programa en pdf<\/figcaption><\/figure>\n<\/div>\n<div title=\"Page 1\"><\/div>\n<p>&nbsp;<\/p>\n<p>&nbsp;<\/p>\n<p>&nbsp;<\/p>\n<p>&nbsp;<\/p>\n<p>&nbsp;<\/p>\n<p>&nbsp;<\/p>\n<p>&nbsp;<\/p>\n","protected":false},"excerpt":{"rendered":"<p>Regeneraci\u00f3n de la pol\u00edtica municipal Austeridad, progresividad fiscal. \u00c9tica, transparencia [&hellip;]<\/p>\n","protected":false},"author":1,"featured_media":0,"parent":0,"menu_order":0,"comment_status":"closed","ping_status":"closed","template":"","meta":{"cybocfi_hide_featured_image":"","footnotes":""},"class_list":["post-9110","page","type-page","status-publish","hentry"],"jetpack_sharing_enabled":true,"jetpack_shortlink":"https:\/\/wp.me\/P4QsU5-2mW","jetpack-related-posts":[{"id":1194,"url":"https:\/\/iumotril.org\/sitio\/actividad-municipal\/","url_meta":{"origin":9110,"position":0},"title":"Actividad Municipal","author":"Izquierda Unida Motril","date":"7 agosto, 2015","format":false,"excerpt":"A trav\u00e9s de esta P\u00e1gina, se puede acceder a la informaci\u00f3n sobre la actividad desarrollada por el Grupo Municipal de Izquierda Unida, entre otra a las Mociones presentadas a en los distintos\u00a0Plenos municipales, as\u00ed como las preguntas sobre diferentes cuestiones se han trasladado al equipo de gobierno, as\u00ed como otras\u2026","rel":"","context":"Entrada similar","block_context":{"text":"Entrada similar","link":""},"img":{"alt_text":"","src":"https:\/\/i0.wp.com\/iumotril.org\/sitio\/wp-content\/uploads\/2023\/05\/lema-alargadorojo-1500x500-1-1024x341.png?resize=350%2C200&ssl=1","width":350,"height":200,"srcset":"https:\/\/i0.wp.com\/iumotril.org\/sitio\/wp-content\/uploads\/2023\/05\/lema-alargadorojo-1500x500-1-1024x341.png?resize=350%2C200&ssl=1 1x, https:\/\/i0.wp.com\/iumotril.org\/sitio\/wp-content\/uploads\/2023\/05\/lema-alargadorojo-1500x500-1-1024x341.png?resize=525%2C300&ssl=1 1.5x"},"classes":[]},{"id":2812,"url":"https:\/\/iumotril.org\/sitio\/plenos-municipales-en-tv\/","url_meta":{"origin":9110,"position":1},"title":"Plenos Municipales en TV","author":"Izquierda Unida Motril","date":"17 abril, 2017","format":false,"excerpt":"2025 Pleno municipal 18 noviembre \u00a0 https:\/\/youtu.be\/AvelQ2kAeq4?si=xK7xIIwLqOv7Jj-O Pleno municipal 26 de septiembre https:\/\/youtu.be\/x7HUuv348vI?si=j70iby-EW-OOxrsy Pleno municipal 25 de julio https:\/\/youtu.be\/ArZ1aS7u3KY?si=FZQxnNAy8QpMJXgs Pleno municipal 27 de junio https:\/\/youtu.be\/zaFxzLsHAqQ?si=ua51WwB3sb6Fiyw5 Pleno municipal 13 de mayo \u00a0(extraordinario) https:\/\/youtu.be\/omAqwozJqXA?si=WRb7DC7QW0gJJ_f7 Pleno municipal 25 abril https:\/\/youtu.be\/lhe5TuKzhfM?si=6T4ftk5hcFyUcJ0j Pleno municipal 28 de marzo https:\/\/youtu.be\/qC0IWFpbjmo?si=04OQ6LLyrqJ5Skg4 Pleno municipal 26 de febrero https:\/\/youtu.be\/HmO6UiPMppk?si=m-Kk4A_XrzKpj5Yz Pleno\u2026","rel":"","context":"Entrada similar","block_context":{"text":"Entrada similar","link":""},"img":{"alt_text":"","src":"https:\/\/i0.wp.com\/iumotril.org\/sitio\/wp-content\/uploads\/2023\/04\/Logo-IU-Equo-Para-la-gente.001.jpeg?resize=350%2C200&ssl=1","width":350,"height":200,"srcset":"https:\/\/i0.wp.com\/iumotril.org\/sitio\/wp-content\/uploads\/2023\/04\/Logo-IU-Equo-Para-la-gente.001.jpeg?resize=350%2C200&ssl=1 1x, https:\/\/i0.wp.com\/iumotril.org\/sitio\/wp-content\/uploads\/2023\/04\/Logo-IU-Equo-Para-la-gente.001.jpeg?resize=525%2C300&ssl=1 1.5x, https:\/\/i0.wp.com\/iumotril.org\/sitio\/wp-content\/uploads\/2023\/04\/Logo-IU-Equo-Para-la-gente.001.jpeg?resize=700%2C400&ssl=1 2x"},"classes":[]},{"id":2,"url":"https:\/\/iumotril.org\/sitio\/pagina-ejemplo\/","url_meta":{"origin":9110,"position":2},"title":"Enlaces","author":"Izquierda Unida Motril","date":"18 julio, 2014","format":false,"excerpt":"Izquierda Unida en la provincia IU - Almu\u00f1\u00e9car Izquieda Unida de Almu\u00f1\u00e9car IU - Armilla Izquieda Unida de Armilla IU - Atarfe Asamblea Local de Atarfe IU - Baza Izquierda Unida de Baza IU - Cijuela Pol\u00edtica ciudadana local IU - C\u00fallar Vega Asamblea Local de C\u00fallar Vega IU -\u2026","rel":"","context":"Con 2 comentarios","block_context":{"text":"Con 2 comentarios","link":"https:\/\/iumotril.org\/sitio\/pagina-ejemplo\/#comments"},"img":{"alt_text":"","src":"","width":0,"height":0},"classes":[]},{"id":1764,"url":"https:\/\/iumotril.org\/sitio\/actividad-municipal\/balance-de-actuaciones\/","url_meta":{"origin":9110,"position":3},"title":"BALANCE DE ACTUACIONES","author":"Izquierda Unida Motril","date":"5 diciembre, 2015","format":false,"excerpt":"Rendimos cuentas de la gesti\u00f3n de nuestro Grupo Municipal. Aqu\u00ed puedes consultar los informes de gesti\u00f3n peri\u00f3dicos acerca de la actividad desarrollada. BALANCE ACTUACIONES JUNIO-DICIEMBRE 2015 \u00a0 BALANCE ACTUACIONES 2015","rel":"","context":"Entrada similar","block_context":{"text":"Entrada similar","link":""},"img":{"alt_text":"Portada Balance.001","src":"https:\/\/i0.wp.com\/iumotril.org\/sitio\/wp-content\/uploads\/2015\/12\/Portada-Balance.001-150x150.jpeg?resize=350%2C200","width":350,"height":200},"classes":[]},{"id":1221,"url":"https:\/\/iumotril.org\/sitio\/mociones-presentadas-2\/","url_meta":{"origin":9110,"position":4},"title":"Mociones presentadas","author":"Izquierda Unida Motril","date":"10 agosto, 2015","format":false,"excerpt":"Concejalas IU Verdes Equo: Inma Omiste (portavoz) y Ana Herrera En esta p\u00e1gina se pueden consultar las mociones presentadas por el Grupo Municipal de Izquierda Unida-Equo en los diferentes Plenos municipales MOCIONES GRUPO MUNICIPAL IU- VERDES EQUO \u00a0 \u00a0 MOCI\u00d3N PLENO TEXTO VOTACI\u00d3N Moci\u00f3n para la mejora y mantenimiento del\u2026","rel":"","context":"Con 7 comentarios","block_context":{"text":"Con 7 comentarios","link":"https:\/\/iumotril.org\/sitio\/mociones-presentadas-2\/#comments"},"img":{"alt_text":"","src":"https:\/\/i0.wp.com\/iumotril.org\/sitio\/wp-content\/uploads\/2019\/06\/Inma-Investidura-1024x682.jpg?resize=350%2C200","width":350,"height":200},"classes":[]},{"id":7275,"url":"https:\/\/iumotril.org\/sitio\/actividad-municipal\/preguntas-al-gobierno-municipal\/","url_meta":{"origin":9110,"position":5},"title":"Solicitudes de acceso a la Informaci\u00f3n y preguntas al gobierno municipal","author":"Izquierda Unida Motril","date":"31 marzo, 2021","format":false,"excerpt":"ASUNTO FECHA PREGUNTA\/SOLICITUD RESPUESTA\/CONTESTACI\u00d3N Problemas y desperfectos Piscina Municipal 16\/03\/26 Petici\u00f3n de informaci\u00f3n sobre los problemas de funcionamiento y desperfectos de la Piscina Municipal \u00a0 Informaci\u00f3n solicitud grupo de mayores de gimnasia 27 de noviembre sin respuesta 13\/03\/26 Petici\u00f3n de informaci\u00f3n sobe la solicitud de un grupo de mayores usuarios\u2026","rel":"","context":"Entrada similar","block_context":{"text":"Entrada similar","link":""},"img":{"alt_text":"","src":"https:\/\/i0.wp.com\/iumotril.org\/sitio\/wp-content\/uploads\/2023\/05\/campana-2-scaled.jpg?resize=350%2C200&ssl=1","width":350,"height":200,"srcset":"https:\/\/i0.wp.com\/iumotril.org\/sitio\/wp-content\/uploads\/2023\/05\/campana-2-scaled.jpg?resize=350%2C200&ssl=1 1x, https:\/\/i0.wp.com\/iumotril.org\/sitio\/wp-content\/uploads\/2023\/05\/campana-2-scaled.jpg?resize=525%2C300&ssl=1 1.5x, https:\/\/i0.wp.com\/iumotril.org\/sitio\/wp-content\/uploads\/2023\/05\/campana-2-scaled.jpg?resize=700%2C400&ssl=1 2x, https:\/\/i0.wp.com\/iumotril.org\/sitio\/wp-content\/uploads\/2023\/05\/campana-2-scaled.jpg?resize=1050%2C600&ssl=1 3x, https:\/\/i0.wp.com\/iumotril.org\/sitio\/wp-content\/uploads\/2023\/05\/campana-2-scaled.jpg?resize=1400%2C800&ssl=1 4x"},"classes":[]}],"jetpack_likes_enabled":true,"_links":{"self":[{"href":"https:\/\/iumotril.org\/sitio\/wp-json\/wp\/v2\/pages\/9110","targetHints":{"allow":["GET"]}}],"collection":[{"href":"https:\/\/iumotril.org\/sitio\/wp-json\/wp\/v2\/pages"}],"about":[{"href":"https:\/\/iumotril.org\/sitio\/wp-json\/wp\/v2\/types\/page"}],"author":[{"embeddable":true,"href":"https:\/\/iumotril.org\/sitio\/wp-json\/wp\/v2\/users\/1"}],"replies":[{"embeddable":true,"href":"https:\/\/iumotril.org\/sitio\/wp-json\/wp\/v2\/comments?post=9110"}],"version-history":[{"count":16,"href":"https:\/\/iumotril.org\/sitio\/wp-json\/wp\/v2\/pages\/9110\/revisions"}],"predecessor-version":[{"id":9248,"href":"https:\/\/iumotril.org\/sitio\/wp-json\/wp\/v2\/pages\/9110\/revisions\/9248"}],"wp:attachment":[{"href":"https:\/\/iumotril.org\/sitio\/wp-json\/wp\/v2\/media?parent=9110"}],"curies":[{"name":"wp","href":"https:\/\/api.w.org\/{rel}","templated":true}]}}