{"id":8379,"date":"2022-09-17T17:16:58","date_gmt":"2022-09-17T15:16:58","guid":{"rendered":"http:\/\/iumotril.org\/sitio\/?page_id=8379"},"modified":"2022-09-18T00:12:34","modified_gmt":"2022-09-17T22:12:34","slug":"podcast","status":"publish","type":"page","link":"https:\/\/iumotril.org\/sitio\/podcast\/","title":{"rendered":"Podcast"},"content":{"rendered":"<p>Abrimos este espacio de podcast para compartir informaci\u00f3n y opini\u00f3n acerca de las actividades que Izquierda Unida de Motril realiza en el ayuntamiento as\u00ed como en los diversos sectores en los que interviene con el fin de mejorar el d\u00eda a d\u00eda de nuestros ciudadanos y ciudadanas. Esperamos que sea de vuestro agrado.<\/p>\n<p>El podcast est\u00e1 alojado en <a href=\"https:\/\/www.ivoox.com\/podcast-iu-motril-podcast_sq_f11666711_1.html\">IVOOX<\/a>. Tambi\u00e9n lo pod\u00e9is encontrar por medio de otras plataformas de podcast como <a href=\"https:\/\/open.spotify.com\/show\/6wIL6vr3STbVh2blDdB4Nb?si=ebf174f1425f4d2b\" target=\"_blank\" rel=\"noopener\">SPOTIFY<\/a>, <a href=\"https:\/\/podcasts.google.com\/feed\/aHR0cHM6Ly93d3cuaXZvb3guY29tL3BvZGNhc3QtaXUtbW90cmlsLXBvZGNhc3RfZmdfZjExNjY2NzExX2ZpbHRyb18xLnhtbA?sa=X&amp;ved=2ahUKEwjynZXX6Zz6AhUBGRoKHWh7BREQ9sEGegQIARAC\" target=\"_blank\" rel=\"noopener\">GOOGLE PODCAST<\/a> y pr\u00f3ximamente en el resto de plataformas.<\/p>\n<p>Hemos publicado los siguientes audios:<\/p>\n<p><iframe loading=\"lazy\" src=\"https:\/\/www.ivoox.com\/player_es_podcast_1666711_zp_1.html?c1=0b9242\" width=\"100%\" height=\"400\" frameborder=\"0\" scrolling=\"no\" allowfullscreen=\"allowfullscreen\"><\/iframe><\/p>\n","protected":false},"excerpt":{"rendered":"<p>Abrimos este espacio de podcast para compartir informaci\u00f3n y opini\u00f3n [&hellip;]<\/p>\n","protected":false},"author":1,"featured_media":0,"parent":0,"menu_order":0,"comment_status":"closed","ping_status":"closed","template":"","meta":{"cybocfi_hide_featured_image":"","footnotes":""},"class_list":["post-8379","page","type-page","status-publish","hentry"],"jetpack_sharing_enabled":true,"jetpack_shortlink":"https:\/\/wp.me\/P4QsU5-2b9","jetpack-related-posts":[{"id":9286,"url":"https:\/\/iumotril.org\/sitio\/elecciones-municipales-2023\/podcast-muni2023\/","url_meta":{"origin":8379,"position":0},"title":"PODCAST MUNI&#8217;2023","author":"Izquierda Unida Motril","date":"17 mayo, 2023","format":false,"excerpt":"Esta p\u00e1gina acoge los podcasts\u00a0 creados para acercar el programa electoral\u00a0 de las Municipales 2023 a todos los visitantes de este sitio. Esperamos que sea de vuestro agrado. El podcast est\u00e1 alojado en IVOOX.","rel":"","context":"Entrada similar","block_context":{"text":"Entrada similar","link":""},"img":{"alt_text":"","src":"","width":0,"height":0},"classes":[]},{"id":411,"url":"https:\/\/iumotril.org\/sitio\/municipales-2015\/programa-abierto-municipales-2015\/","url_meta":{"origin":8379,"position":1},"title":"Propuestas para cambiar Motril","author":"Izquierda Unida Motril","date":"27 enero, 2015","format":false,"excerpt":"ES TIEMPO DE IZQUIERDA, ES TIEMPO DE MOTRIL El d\u00eda 24 de Mayo la ciudadan\u00eda tendremos la oportunidad de ejercer el derecho a elegir a quienes nos representaran a la hora de gobernar Motril los pr\u00f3ximos cuatro a\u00f1os. Nuestras propuestas,\u00a0elaboradas con la amplia participaci\u00f3n de todos los sectores de la\u2026","rel":"","context":"Entrada similar","block_context":{"text":"Entrada similar","link":""},"img":{"alt_text":"Es tiempo de izquierda","src":"https:\/\/i0.wp.com\/iumotril.org\/sitio\/wp-content\/uploads\/2015\/05\/Siluetas_con_Lema-300x119.jpg?resize=350%2C200","width":350,"height":200},"classes":[]},{"id":5698,"url":"https:\/\/iumotril.org\/sitio\/yomequedoencasa\/","url_meta":{"origin":8379,"position":2},"title":"#MeQuedoEnCasaMotril","author":"Izquierda Unida Motril","date":"18 marzo, 2020","format":false,"excerpt":"Mientras se despliegan las medidas y colaboramos de forma individual en esta enorme tarea colectiva, desde IU Motril queremos compartir\u00a0un espacio com\u00fan\u00a0que recoja informaci\u00f3n y recursos\u00a0para que el d\u00eda a d\u00eda de la cuarentena sea m\u00e1s llevadero y, sobre todo, nos permita contribuir a que la salida a toda esta\u2026","rel":"","context":"Entrada similar","block_context":{"text":"Entrada similar","link":""},"img":{"alt_text":"","src":"https:\/\/i0.wp.com\/iumotril.org\/sitio\/wp-content\/uploads\/2020\/03\/Captura-de-pantalla-2020-03-24-a-las-13.48.00.png?resize=350%2C200","width":350,"height":200,"srcset":"https:\/\/i0.wp.com\/iumotril.org\/sitio\/wp-content\/uploads\/2020\/03\/Captura-de-pantalla-2020-03-24-a-las-13.48.00.png?resize=350%2C200 1x, https:\/\/i0.wp.com\/iumotril.org\/sitio\/wp-content\/uploads\/2020\/03\/Captura-de-pantalla-2020-03-24-a-las-13.48.00.png?resize=525%2C300 1.5x, https:\/\/i0.wp.com\/iumotril.org\/sitio\/wp-content\/uploads\/2020\/03\/Captura-de-pantalla-2020-03-24-a-las-13.48.00.png?resize=700%2C400 2x"},"classes":[]},{"id":9113,"url":"https:\/\/iumotril.org\/sitio\/candidatas-para-la-gente\/","url_meta":{"origin":8379,"position":3},"title":"Candidatas para la gente","author":"Izquierda Unida Motril","date":"29 abril, 2023","format":false,"excerpt":"La\u00a0 candidatura de IU-Verdes Equo est\u00e1 integrada por hombres y mujeres j\u00f3venes en la mayor\u00eda de sus puestos, profesionales, estudiantes, empleados p\u00fablicos, trabajadoras de la ense\u00f1anza y trabajadores de empresas privadas de distintos sectores de actividad, conocedoras\u00a0 de los problemas y necesidades de sus barrios y de la ciudad, que\u2026","rel":"","context":"Entrada similar","block_context":{"text":"Entrada similar","link":""},"img":{"alt_text":"","src":"https:\/\/i0.wp.com\/iumotril.org\/sitio\/wp-content\/uploads\/2023\/04\/78fd7dd3-c177-4ae2-98dd-e4ef957b3d86.jpg?resize=350%2C200&ssl=1","width":350,"height":200,"srcset":"https:\/\/i0.wp.com\/iumotril.org\/sitio\/wp-content\/uploads\/2023\/04\/78fd7dd3-c177-4ae2-98dd-e4ef957b3d86.jpg?resize=350%2C200&ssl=1 1x, https:\/\/i0.wp.com\/iumotril.org\/sitio\/wp-content\/uploads\/2023\/04\/78fd7dd3-c177-4ae2-98dd-e4ef957b3d86.jpg?resize=525%2C300&ssl=1 1.5x, https:\/\/i0.wp.com\/iumotril.org\/sitio\/wp-content\/uploads\/2023\/04\/78fd7dd3-c177-4ae2-98dd-e4ef957b3d86.jpg?resize=700%2C400&ssl=1 2x"},"classes":[]},{"id":533,"url":"https:\/\/iumotril.org\/sitio\/municipales-2015\/","url_meta":{"origin":8379,"position":4},"title":"Municipales 2015","author":"Izquierda Unida Motril","date":"21 abril, 2015","format":false,"excerpt":"El d\u00eda 24 de Mayo la ciudadan\u00eda tendremos la oportunidad de ejercer el derecho a elegir a quienes nos representaran a la hora de gobernar Motril los pr\u00f3ximos cuatro a\u00f1os. A trav\u00e9s de estas p\u00e1ginas puedes conocer cu\u00e1les son nuestras propuestas de cambio y transformaci\u00f3n para Motril. Nuestras propuestas,\u00a0elaboradas con\u2026","rel":"","context":"Entrada similar","block_context":{"text":"Entrada similar","link":""},"img":{"alt_text":"","src":"https:\/\/i0.wp.com\/iumotril.org\/sitio\/wp-content\/uploads\/2022\/11\/siluetasconlema-300x118.jpg?resize=350%2C200&ssl=1","width":350,"height":200},"classes":[]},{"id":1706,"url":"https:\/\/iumotril.org\/sitio\/campanas\/","url_meta":{"origin":8379,"position":5},"title":"\u00danete a IU","author":"Izquierda Unida Motril","date":"26 noviembre, 2015","format":false,"excerpt":"Qui\u00e9n puede afiliarse a Izquierda Unida La condici\u00f3n de afiliado\/a en IU la podr\u00e1n adquirir aquellas personas mayores de 18 a\u00f1os que manifiesten su intenci\u00f3n de colaborar y participar de forma activa en la organizaci\u00f3n, respetando y acatando sus principios y objetivos, sus Estatutos y los acuerdos de sus \u00f3rganos.\u2026","rel":"","context":"Entrada similar","block_context":{"text":"Entrada similar","link":""},"img":{"alt_text":"","src":"https:\/\/i0.wp.com\/iumotril.org\/sitio\/wp-content\/uploads\/2018\/09\/un-nuevo-pai%CC%81s-300x212.jpg?resize=350%2C200","width":350,"height":200},"classes":[]}],"jetpack_likes_enabled":true,"_links":{"self":[{"href":"https:\/\/iumotril.org\/sitio\/wp-json\/wp\/v2\/pages\/8379","targetHints":{"allow":["GET"]}}],"collection":[{"href":"https:\/\/iumotril.org\/sitio\/wp-json\/wp\/v2\/pages"}],"about":[{"href":"https:\/\/iumotril.org\/sitio\/wp-json\/wp\/v2\/types\/page"}],"author":[{"embeddable":true,"href":"https:\/\/iumotril.org\/sitio\/wp-json\/wp\/v2\/users\/1"}],"replies":[{"embeddable":true,"href":"https:\/\/iumotril.org\/sitio\/wp-json\/wp\/v2\/comments?post=8379"}],"version-history":[{"count":3,"href":"https:\/\/iumotril.org\/sitio\/wp-json\/wp\/v2\/pages\/8379\/revisions"}],"predecessor-version":[{"id":8387,"href":"https:\/\/iumotril.org\/sitio\/wp-json\/wp\/v2\/pages\/8379\/revisions\/8387"}],"wp:attachment":[{"href":"https:\/\/iumotril.org\/sitio\/wp-json\/wp\/v2\/media?parent=8379"}],"curies":[{"name":"wp","href":"https:\/\/api.w.org\/{rel}","templated":true}]}}