{"id":597,"date":"2015-04-29T18:57:09","date_gmt":"2015-04-29T16:57:09","guid":{"rendered":"http:\/\/iumotril.org\/sitio\/?page_id=597"},"modified":"2015-05-07T20:04:41","modified_gmt":"2015-05-07T18:04:41","slug":"agenda","status":"publish","type":"page","link":"https:\/\/iumotril.org\/sitio\/municipales-2015\/agenda\/","title":{"rendered":"Agenda de Campa\u00f1a"},"content":{"rendered":"<p>Sigue nuestra Agenda de Campa\u00f1a.<\/p>\n<p>Acomp\u00e1\u00f1anos en los actos que llevaremos a cabo en los barrios, las calles y las plazas de Motril.<\/p>\n<p><strong><span style=\"color: #993300;\">Es tiempo de izquierda. Es tiempo de Motril.<\/span><\/strong><\/p>\n<p><iframe loading=\"lazy\" style=\"border: solid 1px #777;\" src=\"https:\/\/www.google.com\/calendar\/embed?title=Agenda%20de%20Campa%C3%B1a&amp;height=600&amp;wkst=2&amp;bgcolor=%23FFFFFF&amp;src=i0p73v8bv0uhrkp5ojnl5v9pq4%40group.calendar.google.com&amp;color=%23865A5A&amp;ctz=Europe%2FMadrid\" width=\"600\" height=\"600\" frameborder=\"0\" scrolling=\"no\"><\/iframe><\/p>\n","protected":false},"excerpt":{"rendered":"<p>Sigue nuestra Agenda de Campa\u00f1a. Acomp\u00e1\u00f1anos en los actos que [&hellip;]<\/p>\n","protected":false},"author":1,"featured_media":0,"parent":533,"menu_order":2,"comment_status":"open","ping_status":"open","template":"","meta":{"footnotes":""},"class_list":["post-597","page","type-page","status-publish","hentry"],"jetpack_sharing_enabled":true,"jetpack_shortlink":"https:\/\/wp.me\/P4QsU5-9D","jetpack-related-posts":[],"jetpack_likes_enabled":true,"_links":{"self":[{"href":"https:\/\/iumotril.org\/sitio\/wp-json\/wp\/v2\/pages\/597","targetHints":{"allow":["GET"]}}],"collection":[{"href":"https:\/\/iumotril.org\/sitio\/wp-json\/wp\/v2\/pages"}],"about":[{"href":"https:\/\/iumotril.org\/sitio\/wp-json\/wp\/v2\/types\/page"}],"author":[{"embeddable":true,"href":"https:\/\/iumotril.org\/sitio\/wp-json\/wp\/v2\/users\/1"}],"replies":[{"embeddable":true,"href":"https:\/\/iumotril.org\/sitio\/wp-json\/wp\/v2\/comments?post=597"}],"version-history":[{"count":7,"href":"https:\/\/iumotril.org\/sitio\/wp-json\/wp\/v2\/pages\/597\/revisions"}],"predecessor-version":[{"id":675,"href":"https:\/\/iumotril.org\/sitio\/wp-json\/wp\/v2\/pages\/597\/revisions\/675"}],"up":[{"embeddable":true,"href":"https:\/\/iumotril.org\/sitio\/wp-json\/wp\/v2\/pages\/533"}],"wp:attachment":[{"href":"https:\/\/iumotril.org\/sitio\/wp-json\/wp\/v2\/media?parent=597"}],"curies":[{"name":"wp","href":"https:\/\/api.w.org\/{rel}","templated":true}]}}