{"id":533,"date":"2015-04-21T18:55:27","date_gmt":"2015-04-21T16:55:27","guid":{"rendered":"http:\/\/iumotril.org\/sitio\/?page_id=533"},"modified":"2022-11-10T09:51:28","modified_gmt":"2022-11-10T08:51:28","slug":"municipales-2015","status":"publish","type":"page","link":"https:\/\/iumotril.org\/sitio\/municipales-2015\/","title":{"rendered":"Municipales 2015"},"content":{"rendered":"<p><img loading=\"lazy\" decoding=\"async\" data-attachment-id=\"8532\" data-permalink=\"https:\/\/iumotril.org\/sitio\/municipales-2015\/siluetasconlema\/\" data-orig-file=\"https:\/\/iumotril.org\/sitio\/wp-content\/uploads\/2022\/11\/siluetasconlema.jpg\" data-orig-size=\"358,141\" data-comments-opened=\"1\" data-image-meta=\"{&quot;aperture&quot;:&quot;0&quot;,&quot;credit&quot;:&quot;&quot;,&quot;camera&quot;:&quot;&quot;,&quot;caption&quot;:&quot;&quot;,&quot;created_timestamp&quot;:&quot;0&quot;,&quot;copyright&quot;:&quot;&quot;,&quot;focal_length&quot;:&quot;0&quot;,&quot;iso&quot;:&quot;0&quot;,&quot;shutter_speed&quot;:&quot;0&quot;,&quot;title&quot;:&quot;&quot;,&quot;orientation&quot;:&quot;0&quot;}\" data-image-title=\"siluetasconlema\" data-image-description=\"\" data-image-caption=\"\" data-medium-file=\"https:\/\/iumotril.org\/sitio\/wp-content\/uploads\/2022\/11\/siluetasconlema-300x118.jpg\" data-large-file=\"https:\/\/iumotril.org\/sitio\/wp-content\/uploads\/2022\/11\/siluetasconlema.jpg\" class=\"wp-image-8532  aligncenter\" src=\"https:\/\/iumotril.org\/sitio\/wp-content\/uploads\/2022\/11\/siluetasconlema-300x118.jpg\" alt=\"\" width=\"481\" height=\"189\" srcset=\"https:\/\/iumotril.org\/sitio\/wp-content\/uploads\/2022\/11\/siluetasconlema-300x118.jpg 300w, https:\/\/iumotril.org\/sitio\/wp-content\/uploads\/2022\/11\/siluetasconlema.jpg 358w\" sizes=\"auto, (max-width: 481px) 100vw, 481px\" \/><\/p>\n<p><span style=\"line-height: 1.5;\">El d\u00eda 24 de Mayo la ciudadan\u00eda tendremos la oportunidad de ejercer el derecho a elegir a quienes nos representaran a la hora de gobernar Motril los pr\u00f3ximos cuatro a\u00f1os.<\/span><\/p>\n<p class=\"p1\"><span class=\"s1\">A trav\u00e9s de estas p\u00e1ginas puedes conocer cu\u00e1les son nuestras propuestas de cambio y transformaci\u00f3n para Motril. Nuestras propuestas,\u00a0elaboradas con la amplia participaci\u00f3n de todos los sectores de la sociedad civil motrile\u00f1a, son<b>\u00a0nuestro Compromiso<\/b>.<\/span><\/p>\n<ul>\n<li class=\"p1\"><a href=\"https:\/\/iumotril.org\/sitio\/?page_id=542\">Candidatos<\/a><\/li>\n<li class=\"p1\"><a title=\"Propuestas para cambiar Motril\" href=\"https:\/\/iumotril.org\/sitio\/?page_id=411\">Propuestas para cambiar Motril<\/a><\/li>\n<li class=\"p1\"><a title=\"Materiales de Campa\u00f1a\" href=\"https:\/\/iumotril.org\/sitio\/?page_id=706\">Materiales de campa\u00f1a<\/a><\/li>\n<li class=\"p1\"><a title=\"Agenda de Campa\u00f1a\" href=\"https:\/\/iumotril.org\/sitio\/?page_id=597\">Agenda de Campa\u00f1a<\/a><\/li>\n<li class=\"p1\"><a title=\"Participa\" href=\"https:\/\/iumotril.org\/sitio\/?page_id=537\">Participa<\/a><\/li>\n<\/ul>\n","protected":false},"excerpt":{"rendered":"<p>El d\u00eda 24 de Mayo la ciudadan\u00eda tendremos la oportunidad [&hellip;]<\/p>\n","protected":false},"author":1,"featured_media":0,"parent":0,"menu_order":0,"comment_status":"open","ping_status":"open","template":"","meta":{"footnotes":""},"class_list":["post-533","page","type-page","status-publish","hentry"],"jetpack_sharing_enabled":true,"jetpack_shortlink":"https:\/\/wp.me\/P4QsU5-8B","jetpack-related-posts":[],"jetpack_likes_enabled":true,"_links":{"self":[{"href":"https:\/\/iumotril.org\/sitio\/wp-json\/wp\/v2\/pages\/533","targetHints":{"allow":["GET"]}}],"collection":[{"href":"https:\/\/iumotril.org\/sitio\/wp-json\/wp\/v2\/pages"}],"about":[{"href":"https:\/\/iumotril.org\/sitio\/wp-json\/wp\/v2\/types\/page"}],"author":[{"embeddable":true,"href":"https:\/\/iumotril.org\/sitio\/wp-json\/wp\/v2\/users\/1"}],"replies":[{"embeddable":true,"href":"https:\/\/iumotril.org\/sitio\/wp-json\/wp\/v2\/comments?post=533"}],"version-history":[{"count":9,"href":"https:\/\/iumotril.org\/sitio\/wp-json\/wp\/v2\/pages\/533\/revisions"}],"predecessor-version":[{"id":8533,"href":"https:\/\/iumotril.org\/sitio\/wp-json\/wp\/v2\/pages\/533\/revisions\/8533"}],"wp:attachment":[{"href":"https:\/\/iumotril.org\/sitio\/wp-json\/wp\/v2\/media?parent=533"}],"curies":[{"name":"wp","href":"https:\/\/api.w.org\/{rel}","templated":true}]}}