{"id":5127,"date":"2019-05-28T20:10:21","date_gmt":"2019-05-28T18:10:21","guid":{"rendered":"http:\/\/iumotril.org\/sitio\/?page_id=5127"},"modified":"2019-07-10T11:26:45","modified_gmt":"2019-07-10T09:26:45","slug":"resultados-municipales-2019","status":"publish","type":"page","link":"https:\/\/iumotril.org\/sitio\/resultados-municipales-2019\/","title":{"rendered":"Resultados Municipales 2019"},"content":{"rendered":"<h4 style=\"text-align: center;\"><\/h4>\n<h4 style=\"text-align: center;\"><span style=\"color: #993300;\">RESULTADOS DEFINITIVOS \u00a0y POR MESAS ELECTORALES<\/span><\/h4>\n<p>&nbsp;<\/p>\n<p><a href=\"https:\/\/iumotril.org\/sitio\/resultados-totales-definitivos\/\"><img loading=\"lazy\" decoding=\"async\" data-attachment-id=\"5193\" data-permalink=\"https:\/\/iumotril.org\/sitio\/resultados-municipales-2019\/resultados-totales-definitivos\/\" data-orig-file=\"https:\/\/iumotril.org\/sitio\/wp-content\/uploads\/2019\/07\/Resultados-totales-definitivos.png\" data-orig-size=\"701,676\" data-comments-opened=\"1\" data-image-meta=\"{&quot;aperture&quot;:&quot;0&quot;,&quot;credit&quot;:&quot;&quot;,&quot;camera&quot;:&quot;&quot;,&quot;caption&quot;:&quot;&quot;,&quot;created_timestamp&quot;:&quot;0&quot;,&quot;copyright&quot;:&quot;&quot;,&quot;focal_length&quot;:&quot;0&quot;,&quot;iso&quot;:&quot;0&quot;,&quot;shutter_speed&quot;:&quot;0&quot;,&quot;title&quot;:&quot;&quot;,&quot;orientation&quot;:&quot;0&quot;}\" data-image-title=\"Resultados totales definitivos\" data-image-description=\"\" data-image-caption=\"\" data-large-file=\"https:\/\/iumotril.org\/sitio\/wp-content\/uploads\/2019\/07\/Resultados-totales-definitivos.png\" class=\"aligncenter size-full wp-image-5193\" src=\"https:\/\/iumotril.org\/sitio\/wp-content\/uploads\/2019\/07\/Resultados-totales-definitivos.png\" alt=\"\" width=\"701\" height=\"676\" srcset=\"https:\/\/iumotril.org\/sitio\/wp-content\/uploads\/2019\/07\/Resultados-totales-definitivos.png 701w, https:\/\/iumotril.org\/sitio\/wp-content\/uploads\/2019\/07\/Resultados-totales-definitivos-300x289.png 300w\" sizes=\"auto, (max-width: 701px) 100vw, 701px\" \/><\/a><\/p>\n<h4><span style=\"color: #993300;\">RESULTADOS POR MESAS ELECTORALES<\/span><\/h4>\n<p><a href=\"https:\/\/iumotril.org\/sitio\/wp-content\/uploads\/2019\/07\/Motril_Elecc_2019_Result_Mesas.pdf\">Mesas electorales. Motril<\/a><\/p>\n<p>&nbsp;<\/p>\n<p>&nbsp;<\/p>\n","protected":false},"excerpt":{"rendered":"<p>RESULTADOS DEFINITIVOS \u00a0y POR MESAS ELECTORALES &nbsp; RESULTADOS POR MESAS [&hellip;]<\/p>\n","protected":false},"author":1,"featured_media":0,"parent":0,"menu_order":0,"comment_status":"closed","ping_status":"closed","template":"","meta":{"cybocfi_hide_featured_image":"","footnotes":""},"class_list":["post-5127","page","type-page","status-publish","hentry"],"jetpack_sharing_enabled":true,"jetpack_shortlink":"https:\/\/wp.me\/P4QsU5-1kH","jetpack-related-posts":[{"id":4264,"url":"https:\/\/iumotril.org\/sitio\/resultado-elecciones-andalucia-2018\/","url_meta":{"origin":5127,"position":0},"title":"Elecciones Andaluc\u00eda 2018","author":"Izquierda Unida Motril","date":"11 diciembre, 2018","format":false,"excerpt":"- Resultados electorales ANDALUC\u00cdA - Resultados electorales MOTRIL -Los resultados electorales calle a calle. MOTRIL","rel":"","context":"Entrada similar","block_context":{"text":"Entrada similar","link":""},"img":{"alt_text":"","src":"https:\/\/i0.wp.com\/iumotril.org\/sitio\/wp-content\/uploads\/2018\/12\/logo-elecciones-andalucia.png?resize=350%2C200","width":350,"height":200},"classes":[]},{"id":1108,"url":"https:\/\/iumotril.org\/sitio\/resultados-municipales-2015\/","url_meta":{"origin":5127,"position":1},"title":"Resultados Municipales 2015","author":"Izquierda Unida Motril","date":"21 julio, 2015","format":false,"excerpt":"\u00a0 Resultados por distritos. Motril Relaci\u00f3n de Concejales elegidos Resultados 2015. Total Espa\u00f1a \u00a0","rel":"","context":"Entrada similar","block_context":{"text":"Entrada similar","link":""},"img":{"alt_text":"","src":"","width":0,"height":0},"classes":[]},{"id":1101,"url":"https:\/\/iumotril.org\/sitio\/municipales-2015-resultados\/","url_meta":{"origin":5127,"position":2},"title":"Municipales 2015. Resultados","author":"Izquierda Unida Motril","date":"21 julio, 2015","format":false,"excerpt":"Resultados elecciones municipales. Ministerio Interior.","rel":"","context":"Entrada similar","block_context":{"text":"Entrada similar","link":""},"img":{"alt_text":"","src":"","width":0,"height":0},"classes":[]},{"id":9369,"url":"https:\/\/iumotril.org\/sitio\/resultados-28-mayo-2023\/","url_meta":{"origin":5127,"position":3},"title":"Resultados 28 mayo 2023","author":"Izquierda Unida Motril","date":"29 mayo, 2023","format":false,"excerpt":"\u00a0 \u00a0 \u00a0 \u00a0 \u00a0 \u00a0 \u00a0","rel":"","context":"Entrada similar","block_context":{"text":"Entrada similar","link":""},"img":{"alt_text":"","src":"https:\/\/i0.wp.com\/iumotril.org\/sitio\/wp-content\/uploads\/2023\/05\/Captura-de-pantalla-2023-05-29-a-las-13.23.54.png?resize=350%2C200&ssl=1","width":350,"height":200,"srcset":"https:\/\/i0.wp.com\/iumotril.org\/sitio\/wp-content\/uploads\/2023\/05\/Captura-de-pantalla-2023-05-29-a-las-13.23.54.png?resize=350%2C200&ssl=1 1x, https:\/\/i0.wp.com\/iumotril.org\/sitio\/wp-content\/uploads\/2023\/05\/Captura-de-pantalla-2023-05-29-a-las-13.23.54.png?resize=525%2C300&ssl=1 1.5x"},"classes":[]},{"id":1706,"url":"https:\/\/iumotril.org\/sitio\/campanas\/","url_meta":{"origin":5127,"position":4},"title":"\u00danete a IU","author":"Izquierda Unida Motril","date":"26 noviembre, 2015","format":false,"excerpt":"Qui\u00e9n puede afiliarse a Izquierda Unida La condici\u00f3n de afiliado\/a en IU la podr\u00e1n adquirir aquellas personas mayores de 18 a\u00f1os que manifiesten su intenci\u00f3n de colaborar y participar de forma activa en la organizaci\u00f3n, respetando y acatando sus principios y objetivos, sus Estatutos y los acuerdos de sus \u00f3rganos.\u2026","rel":"","context":"Entrada similar","block_context":{"text":"Entrada similar","link":""},"img":{"alt_text":"","src":"https:\/\/i0.wp.com\/iumotril.org\/sitio\/wp-content\/uploads\/2018\/09\/un-nuevo-pai%CC%81s-300x212.jpg?resize=350%2C200","width":350,"height":200},"classes":[]},{"id":411,"url":"https:\/\/iumotril.org\/sitio\/municipales-2015\/programa-abierto-municipales-2015\/","url_meta":{"origin":5127,"position":5},"title":"Propuestas para cambiar Motril","author":"Izquierda Unida Motril","date":"27 enero, 2015","format":false,"excerpt":"ES TIEMPO DE IZQUIERDA, ES TIEMPO DE MOTRIL El d\u00eda 24 de Mayo la ciudadan\u00eda tendremos la oportunidad de ejercer el derecho a elegir a quienes nos representaran a la hora de gobernar Motril los pr\u00f3ximos cuatro a\u00f1os. Nuestras propuestas,\u00a0elaboradas con la amplia participaci\u00f3n de todos los sectores de la\u2026","rel":"","context":"Entrada similar","block_context":{"text":"Entrada similar","link":""},"img":{"alt_text":"Es tiempo de izquierda","src":"https:\/\/i0.wp.com\/iumotril.org\/sitio\/wp-content\/uploads\/2015\/05\/Siluetas_con_Lema-300x119.jpg?resize=350%2C200","width":350,"height":200},"classes":[]}],"jetpack_likes_enabled":true,"_links":{"self":[{"href":"https:\/\/iumotril.org\/sitio\/wp-json\/wp\/v2\/pages\/5127","targetHints":{"allow":["GET"]}}],"collection":[{"href":"https:\/\/iumotril.org\/sitio\/wp-json\/wp\/v2\/pages"}],"about":[{"href":"https:\/\/iumotril.org\/sitio\/wp-json\/wp\/v2\/types\/page"}],"author":[{"embeddable":true,"href":"https:\/\/iumotril.org\/sitio\/wp-json\/wp\/v2\/users\/1"}],"replies":[{"embeddable":true,"href":"https:\/\/iumotril.org\/sitio\/wp-json\/wp\/v2\/comments?post=5127"}],"version-history":[{"count":11,"href":"https:\/\/iumotril.org\/sitio\/wp-json\/wp\/v2\/pages\/5127\/revisions"}],"predecessor-version":[{"id":5196,"href":"https:\/\/iumotril.org\/sitio\/wp-json\/wp\/v2\/pages\/5127\/revisions\/5196"}],"wp:attachment":[{"href":"https:\/\/iumotril.org\/sitio\/wp-json\/wp\/v2\/media?parent=5127"}],"curies":[{"name":"wp","href":"https:\/\/api.w.org\/{rel}","templated":true}]}}