{"id":4955,"date":"2019-05-11T12:03:42","date_gmt":"2019-05-11T10:03:42","guid":{"rendered":"http:\/\/iumotril.org\/sitio\/?page_id=4955"},"modified":"2019-05-20T18:02:39","modified_gmt":"2019-05-20T16:02:39","slug":"la-ciudad-que-quieres","status":"publish","type":"page","link":"https:\/\/iumotril.org\/sitio\/la-ciudad-que-quieres\/","title":{"rendered":"La ciudad que quieres"},"content":{"rendered":"<p><span style=\"font-weight: 400;\">Los <\/span><b>cinco ejes<\/b><span style=\"font-weight: 400;\"> en que se distribuyen las propuestas del programa de gobierno de IU-Equo sintetizan un pensamiento de izquierdas y progresista: Empleo y derechos sociales; Ciudad habitable y sostenible; Servicios p\u00fablicos municipales; Democracia real y participativa y el eje transversal de la Igualdad, que recorre todas las propuestas. <\/span><\/p>\n<p><span style=\"font-weight: 400;\">Es un programa <\/span><b>de izquierdas, ecologista, feminista y de futuro<\/b><span style=\"font-weight: 400;\">. <\/span><span style=\"font-weight: 400;\">Es un ambicioso proyecto que tiene en el centro de sus prioridades la aplicaci\u00f3n de <\/span><b>pol\u00edticas y actuaciones para mejorar la vida de las personas <\/b><span style=\"font-weight: 400;\">y para desarrollar un modelo de ciudad m\u00e1s amigable, m\u00e1s verde, en la que se pueda trabajar para vivir, pasear por sus calles, hacer deporte, disfrutar de sus playas y de su entorno natural. Una ciudad en la que nuestras hijas y nuestros hijos puedan decidir su proyecto de vida y de futuro.<\/span><\/p>\n<p><span style=\"font-weight: 400;\">Pero, a su vez, es un programa realista que parte de la situaci\u00f3n actual de nuestra ciudad, con medidas y actuaciones presupuestariamente viables, que pueden llevarse a cabo con esfuerzo, compromiso y, sobre todo, con voluntad pol\u00edtica y<\/span><b> participaci\u00f3n ciudadana<\/b><span style=\"font-weight: 400;\"> a lo largo de los pr\u00f3ximos cuatro a\u00f1os.<\/span><\/p>\n<p><a href=\"https:\/\/iumotril.org\/sitio\/un-compromiso-para-mejorar-motril-y-la-vida-de-su-gente\/iu-equo-diptico-pliego-a42\/\" rel=\"attachment wp-att-4932\"><img loading=\"lazy\" decoding=\"async\" data-attachment-id=\"4932\" data-permalink=\"https:\/\/iumotril.org\/sitio\/un-compromiso-para-mejorar-motril-y-la-vida-de-su-gente\/iu-equo-diptico-pliego-a42\/\" data-orig-file=\"https:\/\/iumotril.org\/sitio\/wp-content\/uploads\/2019\/05\/IU-EQUO-\u2013-Di\u0301ptico-Pliego-A42.jpg\" data-orig-size=\"3496,2480\" data-comments-opened=\"1\" data-image-meta=\"{&quot;aperture&quot;:&quot;0&quot;,&quot;credit&quot;:&quot;&quot;,&quot;camera&quot;:&quot;&quot;,&quot;caption&quot;:&quot;&quot;,&quot;created_timestamp&quot;:&quot;0&quot;,&quot;copyright&quot;:&quot;&quot;,&quot;focal_length&quot;:&quot;0&quot;,&quot;iso&quot;:&quot;0&quot;,&quot;shutter_speed&quot;:&quot;0&quot;,&quot;title&quot;:&quot;&quot;,&quot;orientation&quot;:&quot;0&quot;}\" data-image-title=\"IU-EQUO \u2013 Di\u0301ptico (Pliego A4)2\" data-image-description=\"\" data-image-caption=\"\" data-large-file=\"https:\/\/iumotril.org\/sitio\/wp-content\/uploads\/2019\/05\/IU-EQUO-\u2013-Di\u0301ptico-Pliego-A42-1024x726.jpg\" class=\"aligncenter wp-image-4932 size-large\" src=\"https:\/\/iumotril.org\/sitio\/wp-content\/uploads\/2019\/05\/IU-EQUO-\u2013-Di\u0301ptico-Pliego-A42-1024x726.jpg\" alt=\"\" width=\"640\" height=\"454\" srcset=\"https:\/\/iumotril.org\/sitio\/wp-content\/uploads\/2019\/05\/IU-EQUO-\u2013-Di\u0301ptico-Pliego-A42-1024x726.jpg 1024w, https:\/\/iumotril.org\/sitio\/wp-content\/uploads\/2019\/05\/IU-EQUO-\u2013-Di\u0301ptico-Pliego-A42-300x213.jpg 300w, https:\/\/iumotril.org\/sitio\/wp-content\/uploads\/2019\/05\/IU-EQUO-\u2013-Di\u0301ptico-Pliego-A42-768x545.jpg 768w\" sizes=\"auto, (max-width: 640px) 100vw, 640px\" \/><\/a><\/p>\n<h5 style=\"padding-left: 40px;\">Consulta el Programa de Gobierno completo. <a href=\"https:\/\/iumotril.org\/sitio\/wp-content\/uploads\/2019\/05\/IU\u2013EQUO-\u2013-Programa-de-Gobierno-2019-por-p\u00e1ginas.pdf\">Hagamos Futuro (pdf)<\/a><\/h5>\n<p>&nbsp;<\/p>\n<div class=\"jetpack-video-wrapper\"><span class=\"embed-youtube\" style=\"text-align:center; display: block;\"><iframe loading=\"lazy\" class=\"youtube-player\" width=\"640\" height=\"360\" src=\"https:\/\/www.youtube.com\/embed\/rUUK_1rT4_0?version=3&#038;rel=1&#038;showsearch=0&#038;showinfo=1&#038;iv_load_policy=1&#038;fs=1&#038;hl=es-ES&#038;autohide=2&#038;wmode=transparent\" allowfullscreen=\"true\" style=\"border:0;\" sandbox=\"allow-scripts allow-same-origin allow-popups allow-presentation allow-popups-to-escape-sandbox\"><\/iframe><\/span><\/div>\n","protected":false},"excerpt":{"rendered":"<p>Los cinco ejes en que se distribuyen las propuestas del [&hellip;]<\/p>\n","protected":false},"author":1,"featured_media":0,"parent":0,"menu_order":0,"comment_status":"closed","ping_status":"closed","template":"","meta":{"cybocfi_hide_featured_image":"","footnotes":""},"class_list":["post-4955","page","type-page","status-publish","hentry"],"jetpack_sharing_enabled":true,"jetpack_shortlink":"https:\/\/wp.me\/P4QsU5-1hV","jetpack-related-posts":[{"id":9113,"url":"https:\/\/iumotril.org\/sitio\/candidatas-para-la-gente\/","url_meta":{"origin":4955,"position":0},"title":"Candidatas para la gente","author":"Izquierda Unida Motril","date":"29 abril, 2023","format":false,"excerpt":"La\u00a0 candidatura de IU-Verdes Equo est\u00e1 integrada por hombres y mujeres j\u00f3venes en la mayor\u00eda de sus puestos, profesionales, estudiantes, empleados p\u00fablicos, trabajadoras de la ense\u00f1anza y trabajadores de empresas privadas de distintos sectores de actividad, conocedoras\u00a0 de los problemas y necesidades de sus barrios y de la ciudad, que\u2026","rel":"","context":"Entrada similar","block_context":{"text":"Entrada similar","link":""},"img":{"alt_text":"","src":"https:\/\/i0.wp.com\/iumotril.org\/sitio\/wp-content\/uploads\/2023\/04\/78fd7dd3-c177-4ae2-98dd-e4ef957b3d86.jpg?resize=350%2C200&ssl=1","width":350,"height":200,"srcset":"https:\/\/i0.wp.com\/iumotril.org\/sitio\/wp-content\/uploads\/2023\/04\/78fd7dd3-c177-4ae2-98dd-e4ef957b3d86.jpg?resize=350%2C200&ssl=1 1x, https:\/\/i0.wp.com\/iumotril.org\/sitio\/wp-content\/uploads\/2023\/04\/78fd7dd3-c177-4ae2-98dd-e4ef957b3d86.jpg?resize=525%2C300&ssl=1 1.5x, https:\/\/i0.wp.com\/iumotril.org\/sitio\/wp-content\/uploads\/2023\/04\/78fd7dd3-c177-4ae2-98dd-e4ef957b3d86.jpg?resize=700%2C400&ssl=1 2x"},"classes":[]},{"id":411,"url":"https:\/\/iumotril.org\/sitio\/municipales-2015\/programa-abierto-municipales-2015\/","url_meta":{"origin":4955,"position":1},"title":"Propuestas para cambiar Motril","author":"Izquierda Unida Motril","date":"27 enero, 2015","format":false,"excerpt":"ES TIEMPO DE IZQUIERDA, ES TIEMPO DE MOTRIL El d\u00eda 24 de Mayo la ciudadan\u00eda tendremos la oportunidad de ejercer el derecho a elegir a quienes nos representaran a la hora de gobernar Motril los pr\u00f3ximos cuatro a\u00f1os. Nuestras propuestas,\u00a0elaboradas con la amplia participaci\u00f3n de todos los sectores de la\u2026","rel":"","context":"Entrada similar","block_context":{"text":"Entrada similar","link":""},"img":{"alt_text":"Es tiempo de izquierda","src":"https:\/\/i0.wp.com\/iumotril.org\/sitio\/wp-content\/uploads\/2015\/05\/Siluetas_con_Lema-300x119.jpg?resize=350%2C200","width":350,"height":200},"classes":[]},{"id":537,"url":"https:\/\/iumotril.org\/sitio\/participa\/","url_meta":{"origin":4955,"position":2},"title":"Participa","author":"Izquierda Unida Motril","date":"21 abril, 2015","format":false,"excerpt":"A ti que vives de tus manos. A ti, que trabajas en precario en una vida precaria. A ti, trabajador\/a, que no trabajas porque no te dejan. A ti, mujer, que das a los dem\u00e1s mucho tiempo de tu vida y recibes la parte m\u00e1s peque\u00f1a de los bienes de\u2026","rel":"","context":"Entrada similar","block_context":{"text":"Entrada similar","link":""},"img":{"alt_text":"Siluetas_con_Lema","src":"https:\/\/i0.wp.com\/iumotril.org\/sitio\/wp-content\/uploads\/2015\/05\/Siluetas_con_Lema-300x119.jpg?resize=350%2C200","width":350,"height":200},"classes":[]},{"id":9110,"url":"https:\/\/iumotril.org\/sitio\/comprometidos-contigo\/","url_meta":{"origin":4955,"position":3},"title":"Comprometidas contigo","author":"Izquierda Unida Motril","date":"29 abril, 2023","format":false,"excerpt":"Regeneraci\u00f3n de la pol\u00edtica municipal Austeridad, progresividad fiscal. \u00c9tica, transparencia y honestidad en la Acci\u00f3n de Gobierno. Proteger y reforzar los servicios p\u00fablicos.Un ayuntamiento laico. Una pol\u00edtica municipal no confesional Fomento de la econom\u00eda motrile\u00f1a Apoyo al comercio local y pymes. Oferta tur\u00edstica local diversificada. Plan estrat\u00e9gico de playas Empleo\u2026","rel":"","context":"Entrada similar","block_context":{"text":"Entrada similar","link":""},"img":{"alt_text":"","src":"https:\/\/i0.wp.com\/iumotril.org\/sitio\/wp-content\/uploads\/2023\/05\/lema-alargadorojo-1500x500-1-300x100.png?resize=350%2C200&ssl=1","width":350,"height":200},"classes":[]},{"id":3851,"url":"https:\/\/iumotril.org\/sitio\/borrador-de-programa\/","url_meta":{"origin":4955,"position":4},"title":"Programa","author":"Izquierda Unida Motril","date":"18 septiembre, 2018","format":false,"excerpt":"Nuestro programa de gobierno es el resultado del debate de multitud de andaluzas y andaluces que han colaborado, tanto individualmente como en Los Patios de elaboraci\u00f3n colectiva, con sus propuestas e iniciativas. Como resultado de este trabajo han surgido m\u00e1s de mil enmiendas a nuestro borrador inicial, estamos sintetizando estas\u2026","rel":"","context":"Entrada similar","block_context":{"text":"Entrada similar","link":""},"img":{"alt_text":"","src":"https:\/\/i0.wp.com\/iumotril.org\/sitio\/wp-content\/uploads\/2018\/09\/1200px-Adelante_Andaluci%CC%81a_Logo.svg_-300x235.png?resize=350%2C200","width":350,"height":200},"classes":[]},{"id":413,"url":"https:\/\/iumotril.org\/sitio\/borrador-programa-marco\/","url_meta":{"origin":4955,"position":5},"title":"Borrador Programa Marco","author":"Izquierda Unida Motril","date":"27 enero, 2015","format":false,"excerpt":"En poco tiempo los ciudadanos y ciudadanas de Motril tendr\u00e9is la oportunidad de ejercer el derecho a elegir a quienes en vuestro nombre vamos a gobernar nuestra ciudad los pr\u00f3ximos cuatro a\u00f1os. Izquierda Unida Los Verdes Convocatoria por Andaluc\u00eda es una fuerza pol\u00edtica radicalmente distinta al resto. Quienes formamos parte\u2026","rel":"","context":"Entrada similar","block_context":{"text":"Entrada similar","link":""},"img":{"alt_text":"","src":"","width":0,"height":0},"classes":[]}],"jetpack_likes_enabled":true,"_links":{"self":[{"href":"https:\/\/iumotril.org\/sitio\/wp-json\/wp\/v2\/pages\/4955","targetHints":{"allow":["GET"]}}],"collection":[{"href":"https:\/\/iumotril.org\/sitio\/wp-json\/wp\/v2\/pages"}],"about":[{"href":"https:\/\/iumotril.org\/sitio\/wp-json\/wp\/v2\/types\/page"}],"author":[{"embeddable":true,"href":"https:\/\/iumotril.org\/sitio\/wp-json\/wp\/v2\/users\/1"}],"replies":[{"embeddable":true,"href":"https:\/\/iumotril.org\/sitio\/wp-json\/wp\/v2\/comments?post=4955"}],"version-history":[{"count":5,"href":"https:\/\/iumotril.org\/sitio\/wp-json\/wp\/v2\/pages\/4955\/revisions"}],"predecessor-version":[{"id":5092,"href":"https:\/\/iumotril.org\/sitio\/wp-json\/wp\/v2\/pages\/4955\/revisions\/5092"}],"wp:attachment":[{"href":"https:\/\/iumotril.org\/sitio\/wp-json\/wp\/v2\/media?parent=4955"}],"curies":[{"name":"wp","href":"https:\/\/api.w.org\/{rel}","templated":true}]}}