{"id":4032,"date":"2018-09-28T20:39:15","date_gmt":"2018-09-28T18:39:15","guid":{"rendered":"http:\/\/iumotril.org\/sitio\/?page_id=4032"},"modified":"2018-09-28T20:39:15","modified_gmt":"2018-09-28T18:39:15","slug":"politica-de-cookies","status":"publish","type":"page","link":"https:\/\/iumotril.org\/sitio\/politica-de-cookies\/","title":{"rendered":"Pol\u00edtica de Cookies"},"content":{"rendered":"<p lang=\"es-ES\" xml:lang=\"es-ES\">Utilizamos cookies con el objetivo de prestar un mejor servicio y proporcionarte una mejor experiencia en tu navegaci\u00f3n. Queremos informarte de manera clara y precisa sobre las cookies que utilizamos, detallando a continuaci\u00f3n, qu\u00e9 es una cookie, para qu\u00e9 sirve, qu\u00e9 tipos de cookies utilizamos, cuales son su finalidad y como puedes configurarlas o deshabilitarlas si as\u00ed lo deseas.<\/p>\n<h3 lang=\"es-ES\" xml:lang=\"es-ES\">\u00bfQu\u00e9 es una cookie y para qu\u00e9 sirve?<\/h3>\n<p lang=\"es-ES\" xml:lang=\"es-ES\">Una \u00abCookie\u00bb es un peque\u00f1o archivo que se almacena en el ordenador del usuario, tablet, smartphone o cualquier otro dispositivo con informaci\u00f3n sobre la navegaci\u00f3n.<\/p>\n<p lang=\"es-ES\" xml:lang=\"es-ES\">El conjunto de \u00abcookies\u00bb de todos nuestros usuarios nos ayuda a mejorar la calidad de nuestra web, permiti\u00e9ndonos controlar qu\u00e9 p\u00e1ginas son \u00fatiles, cu\u00e1les no y cu\u00e1les son susceptibles de mejora.<\/p>\n<p lang=\"es-ES\" xml:lang=\"es-ES\">Las cookies son esenciales para el funcionamiento de internet, aportando innumerables ventajas en la prestaci\u00f3n de servicios interactivos, facilit\u00e1ndote la navegaci\u00f3n y usabilidad de nuestra web. En ning\u00fan caso las cookies podr\u00edan da\u00f1ar tu equipo. Por contra, el que est\u00e9n activas nos ayuda a identificar y resolver los errores.<\/p>\n<p lang=\"es-ES\" xml:lang=\"es-ES\"><img decoding=\"async\" src=\"https:\/\/adelanteandalucia.org\/image\/png;base64,iVBORw0KGgoAAAANSUhEUgAAAUIAAAABCAYAAACrFqfqAAAACXBIWXMAAA7DAAAW+gHb3tcWAAAAeklEQVR4nO2TwQqAIBBEbdWzX9ux7\/RfSt1mg2BbLLoF4YNV1hlm9WDIOc+oxT3gvZ+Aa61FI1VZiMiJzsxWvwBP1T3ygu6Rc+jIEU126uWIJgV\/UWewc+j51fyie\/uec\/7d\/Szwr7p\/MX8zR97kWX0w+BT7Z\/5ISinuDVQ4L\/MU05kAAAAASUVORK5CYII=\" alt=\"\" data-entity-type=\"\" data-entity-uuid=\"\" \/><\/p>\n<h2 lang=\"es-ES\" xml:lang=\"es-ES\"><strong>\u00bfQU\u00c9 TIPOS DE COOKIES UTILIZAMOS?<\/strong><\/h2>\n<h3 lang=\"es-ES\" xml:lang=\"es-ES\">SEG\u00daN LA ENTIDAD QUE LA GESTIONA<\/h3>\n<ul>\n<li>\n<p lang=\"es-ES\" xml:lang=\"es-ES\"><strong>Cookies<\/strong><strong>\u00a0<\/strong><strong>propias<\/strong><\/p>\n<\/li>\n<\/ul>\n<p lang=\"es-ES\" xml:lang=\"es-ES\">Son aquellas que se env\u00edan a tu equipo desde nuestros propios equipos o dominios y desde el que prestamos el servicio que nos solicitas.<\/p>\n<ul>\n<li>\n<p lang=\"es-ES\" xml:lang=\"es-ES\"><strong>Cookies de terceros<\/strong><\/p>\n<\/li>\n<\/ul>\n<p lang=\"es-ES\" xml:lang=\"es-ES\">Son aquellas que se env\u00edan a tu equipo desde un equipo o dominio que no es gestionado por nosotros, sino por otra entidad colaboradora. Como por ejemplo, las usadas por redes sociales, o por contenido externo como Google Maps.<\/p>\n<h3 lang=\"es-ES\" xml:lang=\"es-ES\">SEG\u00daN EL PLAZO DE TIEMPO QUE PERMANECEN ACTIVADAS<\/h3>\n<ul>\n<li>\n<p lang=\"es-ES\" xml:lang=\"es-ES\"><strong>Cookies de<\/strong><strong>\u00a0<\/strong><strong>sesi\u00f3n<\/strong><\/p>\n<\/li>\n<\/ul>\n<p lang=\"es-ES\" xml:lang=\"es-ES\">Son cookies temporales que permanecen en el archivo de cookies de tu navegador hasta que abandonas la p\u00e1gina web, por lo que ninguna queda registrada en el disco duro de tu ordenador. La informaci\u00f3n obtenida por medio de estas cookies, sirven para analizar\u00a0pautas de tr\u00e1fico en la web. A la larga, esto nos permite proporcionar una mejor experiencia para mejorar el contenido y facilitar su uso.<\/p>\n<ul>\n<li>\n<h4 lang=\"es-ES\" xml:lang=\"es-ES\">Cookies persistentes<\/h4>\n<\/li>\n<\/ul>\n<p lang=\"es-ES\" xml:lang=\"es-ES\">Son almacenadas en el disco duro y nuestra web las lee cada vez que realizas una nueva visita. Una web permanente posee una fecha de expiraci\u00f3n determinada. La cookie dejar\u00e1 de funcionar despu\u00e9s de esa fecha.<\/p>\n<h3 lang=\"es-ES\" xml:lang=\"es-ES\">SEG\u00daN SU FINALIDAD<\/h3>\n<ul>\n<li>\n<p lang=\"es-ES\" xml:lang=\"es-ES\"><strong>Cookies<\/strong><strong>\u00a0<\/strong><strong>t\u00e9cnicas<\/strong><\/p>\n<\/li>\n<\/ul>\n<p lang=\"es-ES\" xml:lang=\"es-ES\">Son aquellas necesarias para la navegaci\u00f3n y el buen funcionamiento de nuestra p\u00e1gina web. Permiten por ejemplo, controlar el tr\u00e1fico y la comunicaci\u00f3n de datos, acceder a partes de acceso restringido, realizar el proceso de compra de un pedido, utilizar elementos de seguridad, almacenar contenidos para poder difundir v\u00eddeos o compartir contenidos a trav\u00e9s de redes sociales.<\/p>\n<ul>\n<li>\n<p lang=\"es-ES\" xml:lang=\"es-ES\"><strong>Cookies de an\u00e1lisis<\/strong><\/p>\n<\/li>\n<\/ul>\n<p lang=\"es-ES\" xml:lang=\"es-ES\">Son aqu\u00e9llas que nos permiten cuantificar el n\u00famero de usuarios y as\u00ed realizar la medici\u00f3n y an\u00e1lisis estad\u00edstico de la utilizaci\u00f3n que hacen los usuarios de los servicios prestados.<\/p>\n<p lang=\"es-ES\" xml:lang=\"es-ES\">Para ello se analiza su navegaci\u00f3n en nuestra p\u00e1gina web con el fin de mejorar la oferta de productos y servicios que ofrecemos.<\/p>\n<h2 lang=\"es-ES\" xml:lang=\"es-ES\"><strong><img decoding=\"async\" src=\"https:\/\/adelanteandalucia.org\/image\/png;base64,iVBORw0KGgoAAAANSUhEUgAAAUIAAAABCAYAAACrFqfqAAAACXBIWXMAAA7DAAAW+gHb3tcWAAAAcklEQVR4nO2TMQ6AIAxFoTTuHNbVYzJwFaCVRAf6E3E0Mbyt\/AcfBjildOScdzfAzN5NEBEGX8ZZVU1ORGa\/9974tdYAvsl7H4Gv4DfIbeF1xtjfIMP7TnOk+2Wc+\/vDk3v3F1gKL\/li8Sn4Z\/5EjHE7ATbiLzrhVe+AAAAAAElFTkSuQmCC\" alt=\"\" data-entity-type=\"\" data-entity-uuid=\"\" \/>FINALIDAD DE CADA UNA DE LAS COOKIES UTILIZADAS<\/strong><\/h2>\n<p lang=\"es-ES\" xml:lang=\"es-ES\">A continuaci\u00f3n detallamos las cookies utilizadas en nuestra web y la finalidad de las mismas.<\/p>\n<p lang=\"es-ES\" xml:lang=\"es-ES\"><strong>Cookie\u00a0 \u00a0 \u00a0 \u00a0 \u00a0Finalidad o servicio asociado<\/strong><\/p>\n<p lang=\"es-ES\" xml:lang=\"es-ES\">Servicio Google Analytics \u2013 An\u00e1litica de uso de la web.<\/p>\n<p lang=\"es-ES\" xml:lang=\"es-ES\">El periodo de expiraci\u00f3n de cada cookie viene definida en cada caso para cada cookie.<\/p>\n<h3>\u00bfC\u00d3MO PUEDES CONFIGURAR O DESHABILITAR TUS COOKIES?<\/h3>\n<p lang=\"es-ES\" xml:lang=\"es-ES\">Puedes permitir, bloquear o eliminar las cookies instaladas en tu equipo mediante la configuraci\u00f3n de las opciones de tu navegador de Internet. En caso de que no permitas la instalaci\u00f3n de cookies en tu navegador es posible que no puedas acceder a algunos de los<\/p>\n<p lang=\"es-ES\" xml:lang=\"es-ES\">servicios y que tu experiencia en nuestra web pueda resultar menos satisfactoria. En los siguientes enlaces tienes a tu disposici\u00f3n toda la informaci\u00f3n para configurar o deshabilitar tus cookies en cada navegador:<\/p>\n<ul>\n<li>\n<p lang=\"es-ES\" xml:lang=\"es-ES\"><a href=\"https:\/\/support.google.com\/chrome\/answer\/95647?hl=es\">Google Chrome<\/a><\/p>\n<\/li>\n<li>\n<p lang=\"es-ES\" xml:lang=\"es-ES\"><a href=\"https:\/\/support.mozilla.org\/es\/kb\/habilitar-y-deshabilitar-cookies-que-los-sitios-we\">Mozilla Firefox<\/a><\/p>\n<\/li>\n<li>\n<p lang=\"es-ES\" xml:lang=\"es-ES\"><a href=\"http:\/\/windows.microsoft.com\/es-es\/windows-vista\/block-or-allow-cookies\">Internet Explorer<\/a><\/p>\n<\/li>\n<li>\n<p lang=\"es-ES\" xml:lang=\"es-ES\"><a href=\"http:\/\/support.apple.com\/kb\/ph5042?viewlocale=es_es\">Safari<\/a><\/p>\n<\/li>\n<li>\n<p lang=\"es-ES\" xml:lang=\"es-ES\"><a href=\"http:\/\/support.apple.com\/kb\/ht1677?viewlocale=es_es\">Safari para IOS (iPhone y iPad)<\/a><\/p>\n<\/li>\n<li>\n<p lang=\"es-ES\" xml:lang=\"es-ES\"><a href=\"https:\/\/support.google.com\/chrome\/answer\/2392971?hl=es\">Chrome para Android<\/a><\/p>\n<\/li>\n<\/ul>\n<p lang=\"es-ES\" xml:lang=\"es-ES\"><strong>CONSENTIMIENTO<\/strong><\/p>\n<p lang=\"es-ES\" xml:lang=\"es-ES\">Para que podamos utilizar estas cookies ser\u00e1 necesario que las consientas expresamente; podr\u00e1s rechazarlas en cualquier momento siguiendo las instrucciones indicadas anteriormente.<\/p>\n","protected":false},"excerpt":{"rendered":"<p>Utilizamos cookies con el objetivo de prestar un mejor servicio [&hellip;]<\/p>\n","protected":false},"author":1,"featured_media":0,"parent":0,"menu_order":0,"comment_status":"closed","ping_status":"closed","template":"","meta":{"cybocfi_hide_featured_image":"","footnotes":""},"class_list":["post-4032","page","type-page","status-publish","hentry"],"jetpack_sharing_enabled":true,"jetpack_shortlink":"https:\/\/wp.me\/P4QsU5-132","jetpack-related-posts":[{"id":533,"url":"https:\/\/iumotril.org\/sitio\/municipales-2015\/","url_meta":{"origin":4032,"position":0},"title":"Municipales 2015","author":"Izquierda Unida Motril","date":"21 abril, 2015","format":false,"excerpt":"El d\u00eda 24 de Mayo la ciudadan\u00eda tendremos la oportunidad de ejercer el derecho a elegir a quienes nos representaran a la hora de gobernar Motril los pr\u00f3ximos cuatro a\u00f1os. A trav\u00e9s de estas p\u00e1ginas puedes conocer cu\u00e1les son nuestras propuestas de cambio y transformaci\u00f3n para Motril. Nuestras propuestas,\u00a0elaboradas con\u2026","rel":"","context":"Entrada similar","block_context":{"text":"Entrada similar","link":""},"img":{"alt_text":"","src":"https:\/\/i0.wp.com\/iumotril.org\/sitio\/wp-content\/uploads\/2022\/11\/siluetasconlema-300x118.jpg?resize=350%2C200&ssl=1","width":350,"height":200},"classes":[]},{"id":5698,"url":"https:\/\/iumotril.org\/sitio\/yomequedoencasa\/","url_meta":{"origin":4032,"position":1},"title":"#MeQuedoEnCasaMotril","author":"Izquierda Unida Motril","date":"18 marzo, 2020","format":false,"excerpt":"Mientras se despliegan las medidas y colaboramos de forma individual en esta enorme tarea colectiva, desde IU Motril queremos compartir\u00a0un espacio com\u00fan\u00a0que recoja informaci\u00f3n y recursos\u00a0para que el d\u00eda a d\u00eda de la cuarentena sea m\u00e1s llevadero y, sobre todo, nos permita contribuir a que la salida a toda esta\u2026","rel":"","context":"Entrada similar","block_context":{"text":"Entrada similar","link":""},"img":{"alt_text":"","src":"https:\/\/i0.wp.com\/iumotril.org\/sitio\/wp-content\/uploads\/2020\/03\/Captura-de-pantalla-2020-03-24-a-las-13.48.00.png?resize=350%2C200","width":350,"height":200,"srcset":"https:\/\/i0.wp.com\/iumotril.org\/sitio\/wp-content\/uploads\/2020\/03\/Captura-de-pantalla-2020-03-24-a-las-13.48.00.png?resize=350%2C200 1x, https:\/\/i0.wp.com\/iumotril.org\/sitio\/wp-content\/uploads\/2020\/03\/Captura-de-pantalla-2020-03-24-a-las-13.48.00.png?resize=525%2C300 1.5x, https:\/\/i0.wp.com\/iumotril.org\/sitio\/wp-content\/uploads\/2020\/03\/Captura-de-pantalla-2020-03-24-a-las-13.48.00.png?resize=700%2C400 2x"},"classes":[]},{"id":9113,"url":"https:\/\/iumotril.org\/sitio\/candidatas-para-la-gente\/","url_meta":{"origin":4032,"position":2},"title":"Candidatas para la gente","author":"Izquierda Unida Motril","date":"29 abril, 2023","format":false,"excerpt":"La\u00a0 candidatura de IU-Verdes Equo est\u00e1 integrada por hombres y mujeres j\u00f3venes en la mayor\u00eda de sus puestos, profesionales, estudiantes, empleados p\u00fablicos, trabajadoras de la ense\u00f1anza y trabajadores de empresas privadas de distintos sectores de actividad, conocedoras\u00a0 de los problemas y necesidades de sus barrios y de la ciudad, que\u2026","rel":"","context":"Entrada similar","block_context":{"text":"Entrada similar","link":""},"img":{"alt_text":"","src":"https:\/\/i0.wp.com\/iumotril.org\/sitio\/wp-content\/uploads\/2023\/04\/78fd7dd3-c177-4ae2-98dd-e4ef957b3d86.jpg?resize=350%2C200&ssl=1","width":350,"height":200,"srcset":"https:\/\/i0.wp.com\/iumotril.org\/sitio\/wp-content\/uploads\/2023\/04\/78fd7dd3-c177-4ae2-98dd-e4ef957b3d86.jpg?resize=350%2C200&ssl=1 1x, https:\/\/i0.wp.com\/iumotril.org\/sitio\/wp-content\/uploads\/2023\/04\/78fd7dd3-c177-4ae2-98dd-e4ef957b3d86.jpg?resize=525%2C300&ssl=1 1.5x, https:\/\/i0.wp.com\/iumotril.org\/sitio\/wp-content\/uploads\/2023\/04\/78fd7dd3-c177-4ae2-98dd-e4ef957b3d86.jpg?resize=700%2C400&ssl=1 2x"},"classes":[]},{"id":411,"url":"https:\/\/iumotril.org\/sitio\/municipales-2015\/programa-abierto-municipales-2015\/","url_meta":{"origin":4032,"position":3},"title":"Propuestas para cambiar Motril","author":"Izquierda Unida Motril","date":"27 enero, 2015","format":false,"excerpt":"ES TIEMPO DE IZQUIERDA, ES TIEMPO DE MOTRIL El d\u00eda 24 de Mayo la ciudadan\u00eda tendremos la oportunidad de ejercer el derecho a elegir a quienes nos representaran a la hora de gobernar Motril los pr\u00f3ximos cuatro a\u00f1os. Nuestras propuestas,\u00a0elaboradas con la amplia participaci\u00f3n de todos los sectores de la\u2026","rel":"","context":"Entrada similar","block_context":{"text":"Entrada similar","link":""},"img":{"alt_text":"Es tiempo de izquierda","src":"https:\/\/i0.wp.com\/iumotril.org\/sitio\/wp-content\/uploads\/2015\/05\/Siluetas_con_Lema-300x119.jpg?resize=350%2C200","width":350,"height":200},"classes":[]},{"id":10612,"url":"https:\/\/iumotril.org\/sitio\/donaciones-iu\/","url_meta":{"origin":4032,"position":4},"title":"DONACIONES IU","author":"Izquierda Unida Motril","date":"14 mayo, 2025","format":false,"excerpt":"Para poder desarrollar nuestra actividad resulta indispensable contar con un respaldo econ\u00f3mico que, dentro del compromiso con el ahorro y la austeridad que tenemos en Izquierda Unida, nos permita organizar iniciativas y eventos en nuestro municipio, entre otras, actividades de debate, formativas y de divulgaci\u00f3n de temas de actualidad o\u2026","rel":"","context":"Entrada similar","block_context":{"text":"Entrada similar","link":""},"img":{"alt_text":"","src":"https:\/\/i0.wp.com\/iumotril.org\/sitio\/wp-content\/uploads\/2025\/05\/DonacionesIU.png?resize=350%2C200&ssl=1","width":350,"height":200,"srcset":"https:\/\/i0.wp.com\/iumotril.org\/sitio\/wp-content\/uploads\/2025\/05\/DonacionesIU.png?resize=350%2C200&ssl=1 1x, https:\/\/i0.wp.com\/iumotril.org\/sitio\/wp-content\/uploads\/2025\/05\/DonacionesIU.png?resize=525%2C300&ssl=1 1.5x, https:\/\/i0.wp.com\/iumotril.org\/sitio\/wp-content\/uploads\/2025\/05\/DonacionesIU.png?resize=700%2C400&ssl=1 2x, https:\/\/i0.wp.com\/iumotril.org\/sitio\/wp-content\/uploads\/2025\/05\/DonacionesIU.png?resize=1050%2C600&ssl=1 3x"},"classes":[]},{"id":1706,"url":"https:\/\/iumotril.org\/sitio\/campanas\/","url_meta":{"origin":4032,"position":5},"title":"\u00danete a IU","author":"Izquierda Unida Motril","date":"26 noviembre, 2015","format":false,"excerpt":"Qui\u00e9n puede afiliarse a Izquierda Unida La condici\u00f3n de afiliado\/a en IU la podr\u00e1n adquirir aquellas personas mayores de 18 a\u00f1os que manifiesten su intenci\u00f3n de colaborar y participar de forma activa en la organizaci\u00f3n, respetando y acatando sus principios y objetivos, sus Estatutos y los acuerdos de sus \u00f3rganos.\u2026","rel":"","context":"Entrada similar","block_context":{"text":"Entrada similar","link":""},"img":{"alt_text":"","src":"https:\/\/i0.wp.com\/iumotril.org\/sitio\/wp-content\/uploads\/2018\/09\/un-nuevo-pai%CC%81s-300x212.jpg?resize=350%2C200","width":350,"height":200},"classes":[]}],"jetpack_likes_enabled":true,"_links":{"self":[{"href":"https:\/\/iumotril.org\/sitio\/wp-json\/wp\/v2\/pages\/4032","targetHints":{"allow":["GET"]}}],"collection":[{"href":"https:\/\/iumotril.org\/sitio\/wp-json\/wp\/v2\/pages"}],"about":[{"href":"https:\/\/iumotril.org\/sitio\/wp-json\/wp\/v2\/types\/page"}],"author":[{"embeddable":true,"href":"https:\/\/iumotril.org\/sitio\/wp-json\/wp\/v2\/users\/1"}],"replies":[{"embeddable":true,"href":"https:\/\/iumotril.org\/sitio\/wp-json\/wp\/v2\/comments?post=4032"}],"version-history":[{"count":2,"href":"https:\/\/iumotril.org\/sitio\/wp-json\/wp\/v2\/pages\/4032\/revisions"}],"predecessor-version":[{"id":4034,"href":"https:\/\/iumotril.org\/sitio\/wp-json\/wp\/v2\/pages\/4032\/revisions\/4034"}],"wp:attachment":[{"href":"https:\/\/iumotril.org\/sitio\/wp-json\/wp\/v2\/media?parent=4032"}],"curies":[{"name":"wp","href":"https:\/\/api.w.org\/{rel}","templated":true}]}}