{"id":1706,"date":"2015-11-26T12:06:33","date_gmt":"2015-11-26T11:06:33","guid":{"rendered":"http:\/\/iumotril.org\/sitio\/?page_id=1706"},"modified":"2018-09-28T20:44:21","modified_gmt":"2018-09-28T18:44:21","slug":"campanas","status":"publish","type":"page","link":"https:\/\/iumotril.org\/sitio\/campanas\/","title":{"rendered":"\u00danete a IU"},"content":{"rendered":"<h1><a href=\"https:\/\/iumotril.org\/sitio\/un-nuevo-pais-2\/\"><img loading=\"lazy\" decoding=\"async\" data-attachment-id=\"3981\" data-permalink=\"https:\/\/iumotril.org\/sitio\/campanas\/un-nuevo-pais-2\/\" data-orig-file=\"https:\/\/iumotril.org\/sitio\/wp-content\/uploads\/2018\/09\/un-nuevo-pai\u0301s.jpg\" data-orig-size=\"842,595\" data-comments-opened=\"1\" data-image-meta=\"{&quot;aperture&quot;:&quot;0&quot;,&quot;credit&quot;:&quot;&quot;,&quot;camera&quot;:&quot;&quot;,&quot;caption&quot;:&quot;&quot;,&quot;created_timestamp&quot;:&quot;0&quot;,&quot;copyright&quot;:&quot;&quot;,&quot;focal_length&quot;:&quot;0&quot;,&quot;iso&quot;:&quot;0&quot;,&quot;shutter_speed&quot;:&quot;0&quot;,&quot;title&quot;:&quot;&quot;,&quot;orientation&quot;:&quot;0&quot;}\" data-image-title=\"un nuevo pai\u0301s\" data-image-description=\"\" data-image-caption=\"\" data-large-file=\"https:\/\/iumotril.org\/sitio\/wp-content\/uploads\/2018\/09\/un-nuevo-pai\u0301s.jpg\" class=\"aligncenter wp-image-3981\" src=\"https:\/\/iumotril.org\/sitio\/wp-content\/uploads\/2018\/09\/un-nuevo-pai\u0301s-300x212.jpg\" alt=\"\" width=\"500\" height=\"353\" srcset=\"https:\/\/iumotril.org\/sitio\/wp-content\/uploads\/2018\/09\/un-nuevo-pai\u0301s-300x212.jpg 300w, https:\/\/iumotril.org\/sitio\/wp-content\/uploads\/2018\/09\/un-nuevo-pai\u0301s-768x543.jpg 768w, https:\/\/iumotril.org\/sitio\/wp-content\/uploads\/2018\/09\/un-nuevo-pai\u0301s.jpg 842w\" sizes=\"auto, (max-width: 500px) 100vw, 500px\" \/><\/a><\/h1>\n<h1 id=\"titulo_afiliacion\"><span style=\"color: #ff0000;\">Qui\u00e9n puede afiliarse a Izquierda Unida<\/span><\/h1>\n<p>La condici\u00f3n de afiliado\/a en IU la podr\u00e1n adquirir aquellas personas mayores de 18 a\u00f1os que manifiesten su intenci\u00f3n de colaborar y participar de forma activa en la organizaci\u00f3n, respetando y acatando sus principios y objetivos, sus <a href=\"http:\/\/www.izquierda-unida.es\/sites\/default\/files\/doc\/Estatutos_XI_Asamblea_IU.pdf\" target=\"_blank\" rel=\"noopener\">Estatutos<\/a> y los acuerdos de sus \u00f3rganos.<br \/>\nEn Izquierda Unida se reconocen diferentes formas y niveles de participaci\u00f3n: afiliado\/a y simpatizante. Si deseas conocer los tipos de cuotas de afiliaci\u00f3n as\u00ed como su cuant\u00eda, env\u00eda un correo electr\u00f3nico indicando la Comunidad Aut\u00f3noma en la que resides, estudias o trabajas, a <a href=\"mailto:info@izquierda-unida.es\">info@izquierda-unida.es<\/a>.<\/p>\n<h1 id=\"titulo_afiliacion\"><span style=\"color: #ff0000;\">Afiliados\/as<\/span><\/h1>\n<p>Ser afiliado\/a otorga un nivel de participaci\u00f3n pleno, siempre que se re\u00fanan todas y cada una de las condiciones para estar al corriente en el censo de IU.<br \/>\nComo afiliado\/a se tienen una serie de derechos y deberes, que se encuentran detallados en la Secci\u00f3n II del Cap\u00edtulo I, de los <a href=\"http:\/\/www.izquierda-unida.es\/sites\/default\/files\/doc\/Estatutos_XI_Asamblea_IU.pdf\" target=\"_blank\" rel=\"noopener\">Estatutos<\/a> federales de Izquierda Unida.<\/p>\n<h3 style=\"text-align: center;\"><span style=\"color: #333333;\"><a style=\"color: #333333;\" href=\"http:\/\/www.izquierda-unida.es\/afiliacion\" target=\"_blank\" rel=\"noopener\">C\u00f3mo afiliarse<\/a><\/span><\/h3>\n<h1 id=\"titulo_afiliacion\"><span style=\"color: #ff0000;\">Simpatizantes<\/span><\/h1>\n<p>Las personas simpatizantes tendr\u00e1n derecho a acceder a la informaci\u00f3n sobre las actividades, posicionamientos y propuestas de IU en el nivel correspondiente, as\u00ed como a conocer y participar en los debates de IU, con excepci\u00f3n de los referidos a la elecci\u00f3n de los cargos internos, y en las listas electorales.<br \/>\nAsimismo tendr\u00e1n derecho a participar en las reuniones que sean convocadas, as\u00ed como en las \u00e1reas de elaboraci\u00f3n colectiva. Su participaci\u00f3n est\u00e1 regulada en el Art.35 de los <a href=\"http:\/\/www.izquierda-unida.es\/sites\/default\/files\/doc\/Estatutos_XI_Asamblea_IU.pdf\" target=\"_blank\" rel=\"noopener\">Estatutos<\/a> Federales de Izquierda Unida.<\/p>\n<h3 style=\"text-align: center;\"><a href=\"http:\/\/uar.izquierda-unida.es\/simpatizante.php\" target=\"_blank\" rel=\"noopener\">Formulario para inscribirse como Simpatizante<\/a><\/h3>\n","protected":false},"excerpt":{"rendered":"<p>Qui\u00e9n puede afiliarse a Izquierda Unida La condici\u00f3n de afiliado\/a [&hellip;]<\/p>\n","protected":false},"author":1,"featured_media":0,"parent":0,"menu_order":0,"comment_status":"open","ping_status":"open","template":"","meta":{"cybocfi_hide_featured_image":"","footnotes":""},"class_list":["post-1706","page","type-page","status-publish","hentry"],"jetpack_sharing_enabled":true,"jetpack_shortlink":"https:\/\/wp.me\/P4QsU5-rw","jetpack-related-posts":[{"id":4957,"url":"https:\/\/iumotril.org\/sitio\/una-candidatura-para-la-gente\/","url_meta":{"origin":1706,"position":0},"title":"Una candidatura para la Gente","author":"Izquierda Unida Motril","date":"11 mayo, 2019","format":false,"excerpt":"La candidatura de IU-Equo para la gente est\u00e1 integrada por mujeres y hombres j\u00f3venes. Es representativa de la sociedad motrile\u00f1a: estudiantes, trabajadoras del sector hortofrut\u00edcola, deportistas, empleados p\u00fablicos, aut\u00f3nomos, trabajadores sociales, pensionistas, jubilados. Gente corriente y cercana que vive la realidad de la calles. Gente comprometida con sus vecinas y\u2026","rel":"","context":"Entrada similar","block_context":{"text":"Entrada similar","link":""},"img":{"alt_text":"","src":"https:\/\/i0.wp.com\/iumotril.org\/sitio\/wp-content\/uploads\/2019\/05\/cartel-definitivo-de-verdad-215x300.jpg?resize=350%2C200","width":350,"height":200},"classes":[]},{"id":2,"url":"https:\/\/iumotril.org\/sitio\/pagina-ejemplo\/","url_meta":{"origin":1706,"position":1},"title":"Enlaces","author":"Izquierda Unida Motril","date":"18 julio, 2014","format":false,"excerpt":"Izquierda Unida en la provincia IU - Almu\u00f1\u00e9car Izquieda Unida de Almu\u00f1\u00e9car IU - Armilla Izquieda Unida de Armilla IU - Atarfe Asamblea Local de Atarfe IU - Baza Izquierda Unida de Baza IU - Cijuela Pol\u00edtica ciudadana local IU - C\u00fallar Vega Asamblea Local de C\u00fallar Vega IU -\u2026","rel":"","context":"Con 2 comentarios","block_context":{"text":"Con 2 comentarios","link":"https:\/\/iumotril.org\/sitio\/pagina-ejemplo\/#comments"},"img":{"alt_text":"","src":"","width":0,"height":0},"classes":[]},{"id":10612,"url":"https:\/\/iumotril.org\/sitio\/donaciones-iu\/","url_meta":{"origin":1706,"position":2},"title":"DONACIONES IU","author":"Izquierda Unida Motril","date":"14 mayo, 2025","format":false,"excerpt":"Para poder desarrollar nuestra actividad resulta indispensable contar con un respaldo econ\u00f3mico que, dentro del compromiso con el ahorro y la austeridad que tenemos en Izquierda Unida, nos permita organizar iniciativas y eventos en nuestro municipio, entre otras, actividades de debate, formativas y de divulgaci\u00f3n de temas de actualidad o\u2026","rel":"","context":"Entrada similar","block_context":{"text":"Entrada similar","link":""},"img":{"alt_text":"","src":"https:\/\/i0.wp.com\/iumotril.org\/sitio\/wp-content\/uploads\/2025\/05\/DonacionesIU.png?resize=350%2C200&ssl=1","width":350,"height":200,"srcset":"https:\/\/i0.wp.com\/iumotril.org\/sitio\/wp-content\/uploads\/2025\/05\/DonacionesIU.png?resize=350%2C200&ssl=1 1x, https:\/\/i0.wp.com\/iumotril.org\/sitio\/wp-content\/uploads\/2025\/05\/DonacionesIU.png?resize=525%2C300&ssl=1 1.5x, https:\/\/i0.wp.com\/iumotril.org\/sitio\/wp-content\/uploads\/2025\/05\/DonacionesIU.png?resize=700%2C400&ssl=1 2x, https:\/\/i0.wp.com\/iumotril.org\/sitio\/wp-content\/uploads\/2025\/05\/DonacionesIU.png?resize=1050%2C600&ssl=1 3x"},"classes":[]},{"id":9113,"url":"https:\/\/iumotril.org\/sitio\/candidatas-para-la-gente\/","url_meta":{"origin":1706,"position":3},"title":"Candidatas para la gente","author":"Izquierda Unida Motril","date":"29 abril, 2023","format":false,"excerpt":"La\u00a0 candidatura de IU-Verdes Equo est\u00e1 integrada por hombres y mujeres j\u00f3venes en la mayor\u00eda de sus puestos, profesionales, estudiantes, empleados p\u00fablicos, trabajadoras de la ense\u00f1anza y trabajadores de empresas privadas de distintos sectores de actividad, conocedoras\u00a0 de los problemas y necesidades de sus barrios y de la ciudad, que\u2026","rel":"","context":"Entrada similar","block_context":{"text":"Entrada similar","link":""},"img":{"alt_text":"","src":"https:\/\/i0.wp.com\/iumotril.org\/sitio\/wp-content\/uploads\/2023\/04\/78fd7dd3-c177-4ae2-98dd-e4ef957b3d86.jpg?resize=350%2C200&ssl=1","width":350,"height":200,"srcset":"https:\/\/i0.wp.com\/iumotril.org\/sitio\/wp-content\/uploads\/2023\/04\/78fd7dd3-c177-4ae2-98dd-e4ef957b3d86.jpg?resize=350%2C200&ssl=1 1x, https:\/\/i0.wp.com\/iumotril.org\/sitio\/wp-content\/uploads\/2023\/04\/78fd7dd3-c177-4ae2-98dd-e4ef957b3d86.jpg?resize=525%2C300&ssl=1 1.5x, https:\/\/i0.wp.com\/iumotril.org\/sitio\/wp-content\/uploads\/2023\/04\/78fd7dd3-c177-4ae2-98dd-e4ef957b3d86.jpg?resize=700%2C400&ssl=1 2x"},"classes":[]},{"id":4955,"url":"https:\/\/iumotril.org\/sitio\/la-ciudad-que-quieres\/","url_meta":{"origin":1706,"position":4},"title":"La ciudad que quieres","author":"Izquierda Unida Motril","date":"11 mayo, 2019","format":false,"excerpt":"Los cinco ejes en que se distribuyen las propuestas del programa de gobierno de IU-Equo sintetizan un pensamiento de izquierdas y progresista: Empleo y derechos sociales; Ciudad habitable y sostenible; Servicios p\u00fablicos municipales; Democracia real y participativa y el eje transversal de la Igualdad, que recorre todas las propuestas. Es\u2026","rel":"","context":"Entrada similar","block_context":{"text":"Entrada similar","link":""},"img":{"alt_text":"","src":"https:\/\/i0.wp.com\/iumotril.org\/sitio\/wp-content\/uploads\/2019\/05\/IU-EQUO-%E2%80%93-Di%CC%81ptico-Pliego-A42-1024x726.jpg?resize=350%2C200","width":350,"height":200,"srcset":"https:\/\/i0.wp.com\/iumotril.org\/sitio\/wp-content\/uploads\/2019\/05\/IU-EQUO-%E2%80%93-Di%CC%81ptico-Pliego-A42-1024x726.jpg?resize=350%2C200 1x, https:\/\/i0.wp.com\/iumotril.org\/sitio\/wp-content\/uploads\/2019\/05\/IU-EQUO-%E2%80%93-Di%CC%81ptico-Pliego-A42-1024x726.jpg?resize=525%2C300 1.5x"},"classes":[]},{"id":1085,"url":"https:\/\/iumotril.org\/sitio\/documentos-para-el-debate\/","url_meta":{"origin":1706,"position":5},"title":"Documentos para el debate","author":"Izquierda Unida Motril","date":"21 julio, 2015","format":false,"excerpt":"Aportaciones y documentos para la reflexi\u00f3n y el debate en torno al proceso de Unidad Popular. T\u00edtulo Autor Fecha Acuerdo Asamblea Local IU Motril Asamblea Local IU 4\/9\/2015 Reflexiones en torno al documento Hacia la\u00a0Unidad Popular Miguel Medina Fdez.-Aceytuno 3\/7\/2015 \u00a0Propuesta de Manifiesto \u00a0Elaboraci\u00f3n colectiva \u00a024\/7\/2015 Plataforma por la Unidad\u2026","rel":"","context":"Entrada similar","block_context":{"text":"Entrada similar","link":""},"img":{"alt_text":"","src":"https:\/\/i0.wp.com\/iumotril.org\/sitio\/wp-content\/uploads\/2014\/10\/Encuentro_home1.jpg?resize=350%2C200&ssl=1","width":350,"height":200,"srcset":"https:\/\/i0.wp.com\/iumotril.org\/sitio\/wp-content\/uploads\/2014\/10\/Encuentro_home1.jpg?resize=350%2C200&ssl=1 1x, https:\/\/i0.wp.com\/iumotril.org\/sitio\/wp-content\/uploads\/2014\/10\/Encuentro_home1.jpg?resize=525%2C300&ssl=1 1.5x, https:\/\/i0.wp.com\/iumotril.org\/sitio\/wp-content\/uploads\/2014\/10\/Encuentro_home1.jpg?resize=700%2C400&ssl=1 2x"},"classes":[]}],"jetpack_likes_enabled":true,"_links":{"self":[{"href":"https:\/\/iumotril.org\/sitio\/wp-json\/wp\/v2\/pages\/1706","targetHints":{"allow":["GET"]}}],"collection":[{"href":"https:\/\/iumotril.org\/sitio\/wp-json\/wp\/v2\/pages"}],"about":[{"href":"https:\/\/iumotril.org\/sitio\/wp-json\/wp\/v2\/types\/page"}],"author":[{"embeddable":true,"href":"https:\/\/iumotril.org\/sitio\/wp-json\/wp\/v2\/users\/1"}],"replies":[{"embeddable":true,"href":"https:\/\/iumotril.org\/sitio\/wp-json\/wp\/v2\/comments?post=1706"}],"version-history":[{"count":12,"href":"https:\/\/iumotril.org\/sitio\/wp-json\/wp\/v2\/pages\/1706\/revisions"}],"predecessor-version":[{"id":4039,"href":"https:\/\/iumotril.org\/sitio\/wp-json\/wp\/v2\/pages\/1706\/revisions\/4039"}],"wp:attachment":[{"href":"https:\/\/iumotril.org\/sitio\/wp-json\/wp\/v2\/media?parent=1706"}],"curies":[{"name":"wp","href":"https:\/\/api.w.org\/{rel}","templated":true}]}}