{"id":1108,"date":"2015-07-21T08:59:41","date_gmt":"2015-07-21T06:59:41","guid":{"rendered":"http:\/\/iumotril.org\/sitio\/?page_id=1108"},"modified":"2018-12-13T11:00:24","modified_gmt":"2018-12-13T10:00:24","slug":"resultados-municipales-2015","status":"publish","type":"page","link":"https:\/\/iumotril.org\/sitio\/resultados-municipales-2015\/","title":{"rendered":"Resultados Municipales 2015"},"content":{"rendered":"<p>\u00a0<\/p>\n<p>Resultados por distritos. <a href=\"http:\/\/www.motril.es\/fileadmin\/areas\/documentos\/Informe_Municipales_2015.pdf\" target=\"_blank\" rel=\"noopener\">Motril<\/a><\/p>\n<p>Relaci\u00f3n de Concejales <a href=\"http:\/\/www.motril.es\/fileadmin\/areas\/documentos\/Relacion_de_Concejales_Electos.pdf\" target=\"_blank\" rel=\"noopener\">elegidos<\/a><\/p>\n<p>Resultados 2015. Total <a href=\"http:\/\/elecciones.mir.es\/resultadoslocales2015\/99MU\/DMU99999TO_L1.htm\">Espa\u00f1a<\/a><\/p>\n<p>\u00a0<\/p>\n\n\n<p><\/p>\n","protected":false},"excerpt":{"rendered":"<p>\u00a0 Resultados por distritos. Motril Relaci\u00f3n de Concejales elegidos Resultados [&hellip;]<\/p>\n","protected":false},"author":1,"featured_media":0,"parent":0,"menu_order":0,"comment_status":"open","ping_status":"open","template":"","meta":{"cybocfi_hide_featured_image":"","footnotes":""},"class_list":["post-1108","page","type-page","status-publish","hentry"],"jetpack_sharing_enabled":true,"jetpack_shortlink":"https:\/\/wp.me\/P4QsU5-hS","jetpack-related-posts":[{"id":1101,"url":"https:\/\/iumotril.org\/sitio\/municipales-2015-resultados\/","url_meta":{"origin":1108,"position":0},"title":"Municipales 2015. Resultados","author":"Izquierda Unida Motril","date":"21 julio, 2015","format":false,"excerpt":"Resultados elecciones municipales. Ministerio Interior.","rel":"","context":"Entrada similar","block_context":{"text":"Entrada similar","link":""},"img":{"alt_text":"","src":"","width":0,"height":0},"classes":[]},{"id":5127,"url":"https:\/\/iumotril.org\/sitio\/resultados-municipales-2019\/","url_meta":{"origin":1108,"position":1},"title":"Resultados Municipales 2019","author":"Izquierda Unida Motril","date":"28 mayo, 2019","format":false,"excerpt":"RESULTADOS DEFINITIVOS \u00a0y POR MESAS ELECTORALES \u00a0 RESULTADOS POR MESAS ELECTORALES Mesas electorales. Motril \u00a0 \u00a0","rel":"","context":"Entrada similar","block_context":{"text":"Entrada similar","link":""},"img":{"alt_text":"","src":"https:\/\/i0.wp.com\/iumotril.org\/sitio\/wp-content\/uploads\/2019\/07\/Resultados-totales-definitivos.png?resize=350%2C200","width":350,"height":200,"srcset":"https:\/\/i0.wp.com\/iumotril.org\/sitio\/wp-content\/uploads\/2019\/07\/Resultados-totales-definitivos.png?resize=350%2C200 1x, https:\/\/i0.wp.com\/iumotril.org\/sitio\/wp-content\/uploads\/2019\/07\/Resultados-totales-definitivos.png?resize=525%2C300 1.5x, https:\/\/i0.wp.com\/iumotril.org\/sitio\/wp-content\/uploads\/2019\/07\/Resultados-totales-definitivos.png?resize=700%2C400 2x"},"classes":[]},{"id":411,"url":"https:\/\/iumotril.org\/sitio\/municipales-2015\/programa-abierto-municipales-2015\/","url_meta":{"origin":1108,"position":2},"title":"Propuestas para cambiar Motril","author":"Izquierda Unida Motril","date":"27 enero, 2015","format":false,"excerpt":"ES TIEMPO DE IZQUIERDA, ES TIEMPO DE MOTRIL El d\u00eda 24 de Mayo la ciudadan\u00eda tendremos la oportunidad de ejercer el derecho a elegir a quienes nos representaran a la hora de gobernar Motril los pr\u00f3ximos cuatro a\u00f1os. Nuestras propuestas,\u00a0elaboradas con la amplia participaci\u00f3n de todos los sectores de la\u2026","rel":"","context":"Entrada similar","block_context":{"text":"Entrada similar","link":""},"img":{"alt_text":"Es tiempo de izquierda","src":"https:\/\/i0.wp.com\/iumotril.org\/sitio\/wp-content\/uploads\/2015\/05\/Siluetas_con_Lema-300x119.jpg?resize=350%2C200","width":350,"height":200},"classes":[]},{"id":4264,"url":"https:\/\/iumotril.org\/sitio\/resultado-elecciones-andalucia-2018\/","url_meta":{"origin":1108,"position":3},"title":"Elecciones Andaluc\u00eda 2018","author":"Izquierda Unida Motril","date":"11 diciembre, 2018","format":false,"excerpt":"- Resultados electorales ANDALUC\u00cdA - Resultados electorales MOTRIL -Los resultados electorales calle a calle. MOTRIL","rel":"","context":"Entrada similar","block_context":{"text":"Entrada similar","link":""},"img":{"alt_text":"","src":"https:\/\/i0.wp.com\/iumotril.org\/sitio\/wp-content\/uploads\/2018\/12\/logo-elecciones-andalucia.png?resize=350%2C200","width":350,"height":200},"classes":[]},{"id":9369,"url":"https:\/\/iumotril.org\/sitio\/resultados-28-mayo-2023\/","url_meta":{"origin":1108,"position":4},"title":"Resultados 28 mayo 2023","author":"Izquierda Unida Motril","date":"29 mayo, 2023","format":false,"excerpt":"\u00a0 \u00a0 \u00a0 \u00a0 \u00a0 \u00a0 \u00a0","rel":"","context":"Entrada similar","block_context":{"text":"Entrada similar","link":""},"img":{"alt_text":"","src":"https:\/\/i0.wp.com\/iumotril.org\/sitio\/wp-content\/uploads\/2023\/05\/Captura-de-pantalla-2023-05-29-a-las-13.23.54.png?resize=350%2C200&ssl=1","width":350,"height":200,"srcset":"https:\/\/i0.wp.com\/iumotril.org\/sitio\/wp-content\/uploads\/2023\/05\/Captura-de-pantalla-2023-05-29-a-las-13.23.54.png?resize=350%2C200&ssl=1 1x, https:\/\/i0.wp.com\/iumotril.org\/sitio\/wp-content\/uploads\/2023\/05\/Captura-de-pantalla-2023-05-29-a-las-13.23.54.png?resize=525%2C300&ssl=1 1.5x"},"classes":[]},{"id":533,"url":"https:\/\/iumotril.org\/sitio\/municipales-2015\/","url_meta":{"origin":1108,"position":5},"title":"Municipales 2015","author":"Izquierda Unida Motril","date":"21 abril, 2015","format":false,"excerpt":"El d\u00eda 24 de Mayo la ciudadan\u00eda tendremos la oportunidad de ejercer el derecho a elegir a quienes nos representaran a la hora de gobernar Motril los pr\u00f3ximos cuatro a\u00f1os. A trav\u00e9s de estas p\u00e1ginas puedes conocer cu\u00e1les son nuestras propuestas de cambio y transformaci\u00f3n para Motril. Nuestras propuestas,\u00a0elaboradas con\u2026","rel":"","context":"Entrada similar","block_context":{"text":"Entrada similar","link":""},"img":{"alt_text":"","src":"https:\/\/i0.wp.com\/iumotril.org\/sitio\/wp-content\/uploads\/2022\/11\/siluetasconlema-300x118.jpg?resize=350%2C200&ssl=1","width":350,"height":200},"classes":[]}],"jetpack_likes_enabled":true,"_links":{"self":[{"href":"https:\/\/iumotril.org\/sitio\/wp-json\/wp\/v2\/pages\/1108","targetHints":{"allow":["GET"]}}],"collection":[{"href":"https:\/\/iumotril.org\/sitio\/wp-json\/wp\/v2\/pages"}],"about":[{"href":"https:\/\/iumotril.org\/sitio\/wp-json\/wp\/v2\/types\/page"}],"author":[{"embeddable":true,"href":"https:\/\/iumotril.org\/sitio\/wp-json\/wp\/v2\/users\/1"}],"replies":[{"embeddable":true,"href":"https:\/\/iumotril.org\/sitio\/wp-json\/wp\/v2\/comments?post=1108"}],"version-history":[{"count":3,"href":"https:\/\/iumotril.org\/sitio\/wp-json\/wp\/v2\/pages\/1108\/revisions"}],"predecessor-version":[{"id":4305,"href":"https:\/\/iumotril.org\/sitio\/wp-json\/wp\/v2\/pages\/1108\/revisions\/4305"}],"wp:attachment":[{"href":"https:\/\/iumotril.org\/sitio\/wp-json\/wp\/v2\/media?parent=1108"}],"curies":[{"name":"wp","href":"https:\/\/api.w.org\/{rel}","templated":true}]}}