{"id":10612,"date":"2025-05-14T09:22:07","date_gmt":"2025-05-14T07:22:07","guid":{"rendered":"https:\/\/iumotril.org\/sitio\/?page_id=10612"},"modified":"2025-07-04T18:37:00","modified_gmt":"2025-07-04T16:37:00","slug":"donaciones-iu","status":"publish","type":"page","link":"https:\/\/iumotril.org\/sitio\/donaciones-iu\/","title":{"rendered":"DONACIONES IU"},"content":{"rendered":"<p>Para poder desarrollar nuestra actividad resulta indispensable contar con un <strong>respaldo econ\u00f3mico<\/strong> que, dentro del compromiso con el ahorro y la austeridad que tenemos en <b>Izquierda Unida<\/b>, nos permita <strong>organizar iniciativas y eventos en nuestro municipio<\/strong>, entre otras, actividades de debate, formativas y de divulgaci\u00f3n de temas de actualidad o encuentros con los vecinos y la ciudadan\u00eda, para desplegar nuestro proyecto pol\u00edtico en toda su magnitud y reforzar nuestra vocaci\u00f3n municipalista.<\/p>\n<p>Si te lo puedes permitir y quieres ayudar econ\u00f3micamente a <b>Izquierda Unida<\/b> realizando una donaci\u00f3n, podr\u00e1s incluirla el a\u00f1o que viene en tu Declaraci\u00f3n de la Renta (IRPF) al ser <strong>objeto de desgravaci\u00f3n<\/strong>.<\/p>\n<p>&nbsp;<\/p>\n<p><img loading=\"lazy\" decoding=\"async\" data-attachment-id=\"9098\" data-permalink=\"https:\/\/iumotril.org\/sitio\/donaciones-iu\/6cf947ea-fb91-4d8c-ab7e-024505edf9a9-3\/\" data-orig-file=\"https:\/\/iumotril.org\/sitio\/wp-content\/uploads\/2023\/04\/6cf947ea-fb91-4d8c-ab7e-024505edf9a9-3.jpg\" data-orig-size=\"1600,1068\" data-comments-opened=\"1\" data-image-meta=\"{&quot;aperture&quot;:&quot;0&quot;,&quot;credit&quot;:&quot;&quot;,&quot;camera&quot;:&quot;&quot;,&quot;caption&quot;:&quot;&quot;,&quot;created_timestamp&quot;:&quot;0&quot;,&quot;copyright&quot;:&quot;&quot;,&quot;focal_length&quot;:&quot;0&quot;,&quot;iso&quot;:&quot;0&quot;,&quot;shutter_speed&quot;:&quot;0&quot;,&quot;title&quot;:&quot;&quot;,&quot;orientation&quot;:&quot;0&quot;}\" data-image-title=\"6cf947ea-fb91-4d8c-ab7e-024505edf9a9 3\" data-image-description=\"\" data-image-caption=\"\" data-large-file=\"https:\/\/iumotril.org\/sitio\/wp-content\/uploads\/2023\/04\/6cf947ea-fb91-4d8c-ab7e-024505edf9a9-3-1024x684.jpg\" class=\"alignleft wp-image-9098 size-large\" src=\"https:\/\/iumotril.org\/sitio\/wp-content\/uploads\/2023\/04\/6cf947ea-fb91-4d8c-ab7e-024505edf9a9-3-1024x684.jpg\" alt=\"\" width=\"640\" height=\"428\" srcset=\"https:\/\/iumotril.org\/sitio\/wp-content\/uploads\/2023\/04\/6cf947ea-fb91-4d8c-ab7e-024505edf9a9-3-1024x684.jpg 1024w, https:\/\/iumotril.org\/sitio\/wp-content\/uploads\/2023\/04\/6cf947ea-fb91-4d8c-ab7e-024505edf9a9-3-300x200.jpg 300w, https:\/\/iumotril.org\/sitio\/wp-content\/uploads\/2023\/04\/6cf947ea-fb91-4d8c-ab7e-024505edf9a9-3-768x513.jpg 768w, https:\/\/iumotril.org\/sitio\/wp-content\/uploads\/2023\/04\/6cf947ea-fb91-4d8c-ab7e-024505edf9a9-3-1536x1025.jpg 1536w, https:\/\/iumotril.org\/sitio\/wp-content\/uploads\/2023\/04\/6cf947ea-fb91-4d8c-ab7e-024505edf9a9-3.jpg 1600w\" sizes=\"auto, (max-width: 640px) 100vw, 640px\" \/><\/p>\n<h3><span style=\"color: #993300;\"><b>Donaci\u00f3n mediante transferencia bancaria<\/b><\/span><\/h3>\n<p>Para realizar una donaci\u00f3n mediante transferencia, haz un ingreso el siguiente n\u00famero de cuenta:<\/p>\n<p style=\"padding-left: 200px;\"><b>&#x200d;<\/b>Beneficiario: IU Granada<\/p>\n<h3 style=\"text-align: center;\"><span style=\"color: #993300;\"><strong>ES 22 2100 4626 7613 0082 0143<\/strong><\/span><\/h3>\n<p style=\"padding-left: 200px;\"><b>CONCEPTO: \u00abDONACI\u00d3N MOTRIL \u2013 NOMBRE, APELLIDOS Y DNI\u00bb<\/b><\/p>\n<p>Una vez realizado el ingreso, env\u00edanos a <a href=\"mailto:estiempodeizquierdamotril@gmail.com\">estiempodeizquierdamotril@gmail.com<\/a> una copia o una foto del justificante de la transferencia bancaria para informarnos de que has realizado la donaci\u00f3n y te enviaremos acuse de recibo. Todas <strong>las donaciones realizadas se pondr\u00e1n a disposici\u00f3n de la asamblea de Motril<\/strong> para poder financiar las iniciativas y actividades que considere m\u00e1s adecuadas.<\/p>\n<p><b>Es muy importante que indiques <\/b><b>tu nombre completo y DNI en el concepto de la transferencia<\/b><b>, <\/b>ya que de no ser as\u00ed no podremos aceptar el dinero y tendr\u00edamos que ingresarlo en el Banco de Espa\u00f1a, cumpliendo con los criterios de financiaci\u00f3n de organizaciones pol\u00edticas.<\/p>\n","protected":false},"excerpt":{"rendered":"<p>Para poder desarrollar nuestra actividad resulta indispensable contar con un [&hellip;]<\/p>\n","protected":false},"author":1,"featured_media":10611,"parent":0,"menu_order":0,"comment_status":"closed","ping_status":"closed","template":"","meta":{"cybocfi_hide_featured_image":"","footnotes":""},"class_list":["post-10612","page","type-page","status-publish","has-post-thumbnail","hentry"],"jetpack_sharing_enabled":true,"jetpack_shortlink":"https:\/\/wp.me\/P4QsU5-2La","jetpack-related-posts":[{"id":413,"url":"https:\/\/iumotril.org\/sitio\/borrador-programa-marco\/","url_meta":{"origin":10612,"position":0},"title":"Borrador Programa Marco","author":"Izquierda Unida Motril","date":"27 enero, 2015","format":false,"excerpt":"En poco tiempo los ciudadanos y ciudadanas de Motril tendr\u00e9is la oportunidad de ejercer el derecho a elegir a quienes en vuestro nombre vamos a gobernar nuestra ciudad los pr\u00f3ximos cuatro a\u00f1os. Izquierda Unida Los Verdes Convocatoria por Andaluc\u00eda es una fuerza pol\u00edtica radicalmente distinta al resto. Quienes formamos parte\u2026","rel":"","context":"Entrada similar","block_context":{"text":"Entrada similar","link":""},"img":{"alt_text":"","src":"","width":0,"height":0},"classes":[]},{"id":411,"url":"https:\/\/iumotril.org\/sitio\/municipales-2015\/programa-abierto-municipales-2015\/","url_meta":{"origin":10612,"position":1},"title":"Propuestas para cambiar Motril","author":"Izquierda Unida Motril","date":"27 enero, 2015","format":false,"excerpt":"ES TIEMPO DE IZQUIERDA, ES TIEMPO DE MOTRIL El d\u00eda 24 de Mayo la ciudadan\u00eda tendremos la oportunidad de ejercer el derecho a elegir a quienes nos representaran a la hora de gobernar Motril los pr\u00f3ximos cuatro a\u00f1os. Nuestras propuestas,\u00a0elaboradas con la amplia participaci\u00f3n de todos los sectores de la\u2026","rel":"","context":"Entrada similar","block_context":{"text":"Entrada similar","link":""},"img":{"alt_text":"Es tiempo de izquierda","src":"https:\/\/i0.wp.com\/iumotril.org\/sitio\/wp-content\/uploads\/2015\/05\/Siluetas_con_Lema-300x119.jpg?resize=350%2C200","width":350,"height":200},"classes":[]},{"id":542,"url":"https:\/\/iumotril.org\/sitio\/municipales-2015\/candidatos\/","url_meta":{"origin":10612,"position":2},"title":"Candidatos","author":"Izquierda Unida Motril","date":"21 abril, 2015","format":false,"excerpt":"Izquierda Unida Los Verdes Convocatoria por Andaluc\u00eda es una fuerza pol\u00edtica radicalmente distinta al resto. Quienes formamos parte de ella no somos pol\u00edticos profesionales ni tenemos ambiciones personales de poder. Somos gente corriente, cercana y comprometida con equilibrar una sociedad cada vez m\u00e1s desigual, con corregir la actuaci\u00f3n de un\u2026","rel":"","context":"Entrada similar","block_context":{"text":"Entrada similar","link":""},"img":{"alt_text":"daniela","src":"https:\/\/i0.wp.com\/iumotril.org\/sitio\/wp-content\/uploads\/2015\/04\/daniela-150x150.jpg?resize=350%2C200","width":350,"height":200},"classes":[]},{"id":1706,"url":"https:\/\/iumotril.org\/sitio\/campanas\/","url_meta":{"origin":10612,"position":3},"title":"\u00danete a IU","author":"Izquierda Unida Motril","date":"26 noviembre, 2015","format":false,"excerpt":"Qui\u00e9n puede afiliarse a Izquierda Unida La condici\u00f3n de afiliado\/a en IU la podr\u00e1n adquirir aquellas personas mayores de 18 a\u00f1os que manifiesten su intenci\u00f3n de colaborar y participar de forma activa en la organizaci\u00f3n, respetando y acatando sus principios y objetivos, sus Estatutos y los acuerdos de sus \u00f3rganos.\u2026","rel":"","context":"Entrada similar","block_context":{"text":"Entrada similar","link":""},"img":{"alt_text":"","src":"https:\/\/i0.wp.com\/iumotril.org\/sitio\/wp-content\/uploads\/2018\/09\/un-nuevo-pai%CC%81s-300x212.jpg?resize=350%2C200","width":350,"height":200},"classes":[]},{"id":537,"url":"https:\/\/iumotril.org\/sitio\/participa\/","url_meta":{"origin":10612,"position":4},"title":"Participa","author":"Izquierda Unida Motril","date":"21 abril, 2015","format":false,"excerpt":"A ti que vives de tus manos. A ti, que trabajas en precario en una vida precaria. A ti, trabajador\/a, que no trabajas porque no te dejan. A ti, mujer, que das a los dem\u00e1s mucho tiempo de tu vida y recibes la parte m\u00e1s peque\u00f1a de los bienes de\u2026","rel":"","context":"Entrada similar","block_context":{"text":"Entrada similar","link":""},"img":{"alt_text":"Siluetas_con_Lema","src":"https:\/\/i0.wp.com\/iumotril.org\/sitio\/wp-content\/uploads\/2015\/05\/Siluetas_con_Lema-300x119.jpg?resize=350%2C200","width":350,"height":200},"classes":[]},{"id":3851,"url":"https:\/\/iumotril.org\/sitio\/borrador-de-programa\/","url_meta":{"origin":10612,"position":5},"title":"Programa","author":"Izquierda Unida Motril","date":"18 septiembre, 2018","format":false,"excerpt":"Nuestro programa de gobierno es el resultado del debate de multitud de andaluzas y andaluces que han colaborado, tanto individualmente como en Los Patios de elaboraci\u00f3n colectiva, con sus propuestas e iniciativas. Como resultado de este trabajo han surgido m\u00e1s de mil enmiendas a nuestro borrador inicial, estamos sintetizando estas\u2026","rel":"","context":"Entrada similar","block_context":{"text":"Entrada similar","link":""},"img":{"alt_text":"","src":"https:\/\/i0.wp.com\/iumotril.org\/sitio\/wp-content\/uploads\/2018\/09\/1200px-Adelante_Andaluci%CC%81a_Logo.svg_-300x235.png?resize=350%2C200","width":350,"height":200},"classes":[]}],"jetpack_likes_enabled":true,"_links":{"self":[{"href":"https:\/\/iumotril.org\/sitio\/wp-json\/wp\/v2\/pages\/10612","targetHints":{"allow":["GET"]}}],"collection":[{"href":"https:\/\/iumotril.org\/sitio\/wp-json\/wp\/v2\/pages"}],"about":[{"href":"https:\/\/iumotril.org\/sitio\/wp-json\/wp\/v2\/types\/page"}],"author":[{"embeddable":true,"href":"https:\/\/iumotril.org\/sitio\/wp-json\/wp\/v2\/users\/1"}],"replies":[{"embeddable":true,"href":"https:\/\/iumotril.org\/sitio\/wp-json\/wp\/v2\/comments?post=10612"}],"version-history":[{"count":7,"href":"https:\/\/iumotril.org\/sitio\/wp-json\/wp\/v2\/pages\/10612\/revisions"}],"predecessor-version":[{"id":10697,"href":"https:\/\/iumotril.org\/sitio\/wp-json\/wp\/v2\/pages\/10612\/revisions\/10697"}],"wp:featuredmedia":[{"embeddable":true,"href":"https:\/\/iumotril.org\/sitio\/wp-json\/wp\/v2\/media\/10611"}],"wp:attachment":[{"href":"https:\/\/iumotril.org\/sitio\/wp-json\/wp\/v2\/media?parent=10612"}],"curies":[{"name":"wp","href":"https:\/\/api.w.org\/{rel}","templated":true}]}}